{"id":22162,"date":"2025-09-22T23:10:50","date_gmt":"2025-09-22T22:10:50","guid":{"rendered":"https:\/\/tremunpiercing.com\/?post_type=product&#038;p=22162"},"modified":"2026-04-18T22:16:28","modified_gmt":"2026-04-18T21:16:28","slug":"emily-moss-agate","status":"publish","type":"product","link":"https:\/\/tremunpiercing.com\/sk\/product\/emily-moss-agate\/","title":{"rendered":"Emily - Machov\u00fd ach\u00e1t"},"content":{"rendered":"<p>Machov\u00fd ach\u00e1t Emily je bez n\u00e1mahy chladn\u00fd a pokojn\u00fd - je to pr\u00edrodn\u00fd machov\u00fd ach\u00e1t osaden\u00fd v tit\u00e1novom implant\u00e1te triedy F-136. \u017dilkovanie v zelenej a bielej farbe rob\u00ed ka\u017ed\u00fd kus organicky jedine\u010dn\u00fdm. Tento \u0161perk s vn\u00fatorn\u00fdm z\u00e1vitom 16G je pohodln\u00fd a bezpe\u010dn\u00fd na dlhodob\u00e9 nosenie a je bezpe\u010dnou vo\u013ebou pre ploch\u00fd, \u0161pir\u00e1lov\u00fd alebo tragusov\u00fd piercing. M\u00e1 jemn\u00e9 zemit\u00e9 t\u00f3ny, ktor\u00e9 sa hodia do minimalistickej alebo zemito t\u00f3novanej kolekcie. S oh\u013eadom na profesion\u00e1lov v oblasti piercingu alebo ve\u013ekoobchodn\u00edkov so \u0161perkami pon\u00faka ach\u00e1t Emily-Moss nov\u00fa svie\u017eu pr\u00edrodn\u00fa atmosf\u00e9ru do ka\u017edej kur\u00e1torskej kolekcie u\u0161\u00ed alebo drah\u00fdch kame\u0148ov.<\/p>","protected":false},"excerpt":{"rendered":"<ul>\n<li>Vn\u00fatorn\u00e9 z\u00e1vity<\/li>\n<li>Materi\u00e1l: F-136<\/li>\n<li>Meradlo: 16G<\/li>\n<li>Drahokam: Machov\u00fd ach\u00e1t<\/li>\n<\/ul>","protected":false},"featured_media":22163,"comment_status":"closed","ping_status":"closed","template":"","meta":{"_acf_changed":false},"product_brand":[],"product_cat":[340,343],"product_tag":[187,188,189,205,206,190,183,184,207],"class_list":{"0":"post-22162","1":"product","2":"type-product","3":"status-publish","4":"has-post-thumbnail","6":"product_cat-titanium-jewelry","7":"product_cat-tops-titanium-jewelry","8":"product_tag-conch","9":"product_tag-ear","10":"product_tag-helix","11":"product_tag-lobe","12":"product_tag-lobulo","13":"product_tag-oreja","14":"product_tag-perforacion","15":"product_tag-piercing","16":"product_tag-tragus","18":"first","19":"instock","20":"taxable","21":"shipping-taxable","22":"purchasable","23":"product-type-simple"},"acf":[],"gallery_images":[27426,27430],"_links":{"self":[{"href":"https:\/\/tremunpiercing.com\/sk\/wp-json\/wp\/v2\/product\/22162","targetHints":{"allow":["GET"]}}],"collection":[{"href":"https:\/\/tremunpiercing.com\/sk\/wp-json\/wp\/v2\/product"}],"about":[{"href":"https:\/\/tremunpiercing.com\/sk\/wp-json\/wp\/v2\/types\/product"}],"replies":[{"embeddable":true,"href":"https:\/\/tremunpiercing.com\/sk\/wp-json\/wp\/v2\/comments?post=22162"}],"version-history":[{"count":1,"href":"https:\/\/tremunpiercing.com\/sk\/wp-json\/wp\/v2\/product\/22162\/revisions"}],"predecessor-version":[{"id":27424,"href":"https:\/\/tremunpiercing.com\/sk\/wp-json\/wp\/v2\/product\/22162\/revisions\/27424"}],"wp:featuredmedia":[{"embeddable":true,"href":"https:\/\/tremunpiercing.com\/sk\/wp-json\/wp\/v2\/media\/22163"}],"wp:attachment":[{"href":"https:\/\/tremunpiercing.com\/sk\/wp-json\/wp\/v2\/media?parent=22162"}],"wp:term":[{"taxonomy":"product_brand","embeddable":true,"href":"https:\/\/tremunpiercing.com\/sk\/wp-json\/wp\/v2\/product_brand?post=22162"},{"taxonomy":"product_cat","embeddable":true,"href":"https:\/\/tremunpiercing.com\/sk\/wp-json\/wp\/v2\/product_cat?post=22162"},{"taxonomy":"product_tag","embeddable":true,"href":"https:\/\/tremunpiercing.com\/sk\/wp-json\/wp\/v2\/product_tag?post=22162"}],"curies":[{"name":"wp","href":"https:\/\/api.w.org\/{rel}","templated":true}]}}