{"id":22165,"date":"2025-09-22T23:13:19","date_gmt":"2025-09-22T22:13:19","guid":{"rendered":"https:\/\/tremunpiercing.com\/?post_type=product&#038;p=22165"},"modified":"2026-04-19T23:03:56","modified_gmt":"2026-04-19T22:03:56","slug":"emily-tourmalated-quartz-black-cz","status":"publish","type":"product","link":"https:\/\/tremunpiercing.com\/sk\/product\/emily-tourmalated-quartz-black-cz\/","title":{"rendered":"Emily &#8211; Tourmalated Quartz &amp; Black CZ"},"content":{"rendered":"<p>Emily Tourmalated Quartz &amp; Black CZ je pr\u00edkladom odv\u00e1\u017enej sofistikovanosti. Tento \u0161perk s vn\u00fatorn\u00fdm z\u00e1vitom 16G, vyroben\u00fd z implant\u00e1tov\u00e9ho tit\u00e1nu F-136, sp\u00e1ja tajomn\u00fa povahu turmal\u00ednov\u00e9ho kreme\u0148a a elegantn\u00e9 vlastnosti \u010dierneho CZ.<\/p>\n<p>Tento ohromuj\u00faci a drsn\u00fd \u0161t\u00fdl je ide\u00e1lny pre piercing v tvare konch, \u0161pir\u00e1ly alebo laloku s kontrastn\u00fdmi text\u00farami a farbami. Profesion\u00e1lna in\u0161tal\u00e1cia je nevyhnutn\u00e1; v\u010faka syst\u00e9mu so z\u00e1vitom sa klienti c\u00edtia pohodlne a vyzeraj\u00fa kr\u00e1sne.<\/p>\n<p>Siln\u00e9, odoln\u00e9 vo\u010di dechtovaniu a kor\u00f3zii, tieto k\u00fasky v sebe ukr\u00fdvaj\u00fa odolnos\u0165 s temn\u00fdm modern\u00fdm \u0161t\u00fdlom, ide\u00e1lnym pre \u0161pecialistov na piercing a predajcov s klientmi, ktor\u00ed h\u013eadaj\u00fa elegantn\u00e9 alternat\u00edvne \u0161t\u00fdlov\u00e9 vyhl\u00e1senia.<\/p>","protected":false},"excerpt":{"rendered":"<ul>\n<li>Vn\u00fatorn\u00e9 z\u00e1vity<\/li>\n<li>Materi\u00e1l: F-136<\/li>\n<li>Meradlo: 16G<\/li>\n<li>Drahokam: \u010cierny kame\u0148: turmal\u00ednov\u00fd kreme\u0148 + \u010dierny CZ<\/li>\n<\/ul>","protected":false},"featured_media":22166,"comment_status":"closed","ping_status":"closed","template":"","meta":{"_acf_changed":false},"product_brand":[],"product_cat":[340,343],"product_tag":[187,188,189,205,206,190,183,184,207],"class_list":{"0":"post-22165","1":"product","2":"type-product","3":"status-publish","4":"has-post-thumbnail","6":"product_cat-titanium-jewelry","7":"product_cat-tops-titanium-jewelry","8":"product_tag-conch","9":"product_tag-ear","10":"product_tag-helix","11":"product_tag-lobe","12":"product_tag-lobulo","13":"product_tag-oreja","14":"product_tag-perforacion","15":"product_tag-piercing","16":"product_tag-tragus","18":"first","19":"instock","20":"taxable","21":"shipping-taxable","22":"purchasable","23":"product-type-simple"},"acf":[],"gallery_images":[26873,26874],"_links":{"self":[{"href":"https:\/\/tremunpiercing.com\/sk\/wp-json\/wp\/v2\/product\/22165","targetHints":{"allow":["GET"]}}],"collection":[{"href":"https:\/\/tremunpiercing.com\/sk\/wp-json\/wp\/v2\/product"}],"about":[{"href":"https:\/\/tremunpiercing.com\/sk\/wp-json\/wp\/v2\/types\/product"}],"replies":[{"embeddable":true,"href":"https:\/\/tremunpiercing.com\/sk\/wp-json\/wp\/v2\/comments?post=22165"}],"version-history":[{"count":1,"href":"https:\/\/tremunpiercing.com\/sk\/wp-json\/wp\/v2\/product\/22165\/revisions"}],"predecessor-version":[{"id":26875,"href":"https:\/\/tremunpiercing.com\/sk\/wp-json\/wp\/v2\/product\/22165\/revisions\/26875"}],"wp:featuredmedia":[{"embeddable":true,"href":"https:\/\/tremunpiercing.com\/sk\/wp-json\/wp\/v2\/media\/22166"}],"wp:attachment":[{"href":"https:\/\/tremunpiercing.com\/sk\/wp-json\/wp\/v2\/media?parent=22165"}],"wp:term":[{"taxonomy":"product_brand","embeddable":true,"href":"https:\/\/tremunpiercing.com\/sk\/wp-json\/wp\/v2\/product_brand?post=22165"},{"taxonomy":"product_cat","embeddable":true,"href":"https:\/\/tremunpiercing.com\/sk\/wp-json\/wp\/v2\/product_cat?post=22165"},{"taxonomy":"product_tag","embeddable":true,"href":"https:\/\/tremunpiercing.com\/sk\/wp-json\/wp\/v2\/product_tag?post=22165"}],"curies":[{"name":"wp","href":"https:\/\/api.w.org\/{rel}","templated":true}]}}