{"id":22171,"date":"2025-09-22T23:19:25","date_gmt":"2025-09-22T22:19:25","guid":{"rendered":"https:\/\/tremunpiercing.com\/?post_type=product&#038;p=22171"},"modified":"2026-04-20T16:10:05","modified_gmt":"2026-04-20T15:10:05","slug":"oval-cab-amethyst","status":"publish","type":"product","link":"https:\/\/tremunpiercing.com\/sk\/product\/oval-cab-amethyst\/","title":{"rendered":"Ov\u00e1lna kab\u00edna - Ametyst"},"content":{"rendered":"<p>Ov\u00e1lna kab\u00ednka - Ametyst vyzdvihuje kr\u00e1su pr\u00edrodn\u00e9ho kame\u0148a ametystu, ktor\u00fd je zasaden\u00fd do implant\u00e1tu z tit\u00e1nu triedy F-136, \u010do znamen\u00e1, \u017ee ho m\u00f4\u017eete bezpe\u010dne nosi\u0165 dlhodobo. Ov\u00e1lny kabo\u0161on v tvare ov\u00e1lu (5,6 mm x 3,3 mm) je hladk\u00fd le\u0161ten\u00fd k\u00fasok so s\u00fdtym fialov\u00fdm zafarben\u00edm. Niet divu, \u017ee okam\u017eite zap\u00f4sobil na t\u00fdch, ktor\u00ed ocenia kvalitu aj estetiku. Kol\u00edk s vn\u00fatorn\u00fdm z\u00e1vitom 16G je vyroben\u00fd tak, aby bezpe\u010dne sedel a z\u00e1rove\u0148 zabra\u0148oval podr\u00e1\u017edeniu, pri\u010dom je ide\u00e1lny aj na pou\u017eitie s piercingom do \u0161pir\u00e1ly, laloku a tragu.<\/p>\n<p>Ka\u017ed\u00fd z nich vyzdvihuje jedine\u010dnos\u0165 pr\u00edrodn\u00fdch kame\u0148ov, tak\u017ee ka\u017ed\u00fd kus by mal vykazova\u0165 ur\u010dit\u00fa mal\u00fa odli\u0161nos\u0165. Tento \u0161perk je vyroben\u00fd s oh\u013eadom na profesion\u00e1lov, \u010do znamen\u00e1, \u017ee je ide\u00e1lny pre piercingov\u00fdch umelcov a dod\u00e1vate\u013eov \u0161perkov, ktor\u00ed chc\u00fa nie\u010do organick\u00e9 a elegantn\u00e9 v ka\u017edom detaile!<\/p>","protected":false},"excerpt":{"rendered":"<ul>\n<li>Vn\u00fatorn\u00e9 z\u00e1vity<\/li>\n<li>Materi\u00e1l: F-136<\/li>\n<li>Meradlo: 16G<\/li>\n<li>Drahokam: Ametyst - pr\u00edrodn\u00fd kame\u0148<\/li>\n<li>Ve\u013ekos\u0165 drahokamu: 5,6 mm x 3,3 mm<\/li>\n<\/ul>","protected":false},"featured_media":22172,"comment_status":"closed","ping_status":"closed","template":"","meta":{"_acf_changed":false},"product_brand":[],"product_cat":[340,343],"product_tag":[187,179,180,188,209,189,210,211,212,190,183,184,207],"class_list":{"0":"post-22171","1":"product","2":"type-product","3":"status-publish","4":"has-post-thumbnail","6":"product_cat-titanium-jewelry","7":"product_cat-tops-titanium-jewelry","8":"product_tag-conch","9":"product_tag-cristal","10":"product_tag-cz","11":"product_tag-ear","12":"product_tag-faux-rook","13":"product_tag-helix","14":"product_tag-labret","15":"product_tag-lip","16":"product_tag-medusa","17":"product_tag-oreja","18":"product_tag-perforacion","19":"product_tag-piercing","20":"product_tag-tragus","22":"first","23":"instock","24":"taxable","25":"shipping-taxable","26":"purchasable","27":"product-type-simple"},"acf":[],"gallery_images":[22173,27444,27443],"_links":{"self":[{"href":"https:\/\/tremunpiercing.com\/sk\/wp-json\/wp\/v2\/product\/22171","targetHints":{"allow":["GET"]}}],"collection":[{"href":"https:\/\/tremunpiercing.com\/sk\/wp-json\/wp\/v2\/product"}],"about":[{"href":"https:\/\/tremunpiercing.com\/sk\/wp-json\/wp\/v2\/types\/product"}],"replies":[{"embeddable":true,"href":"https:\/\/tremunpiercing.com\/sk\/wp-json\/wp\/v2\/comments?post=22171"}],"version-history":[{"count":1,"href":"https:\/\/tremunpiercing.com\/sk\/wp-json\/wp\/v2\/product\/22171\/revisions"}],"predecessor-version":[{"id":27445,"href":"https:\/\/tremunpiercing.com\/sk\/wp-json\/wp\/v2\/product\/22171\/revisions\/27445"}],"wp:featuredmedia":[{"embeddable":true,"href":"https:\/\/tremunpiercing.com\/sk\/wp-json\/wp\/v2\/media\/22172"}],"wp:attachment":[{"href":"https:\/\/tremunpiercing.com\/sk\/wp-json\/wp\/v2\/media?parent=22171"}],"wp:term":[{"taxonomy":"product_brand","embeddable":true,"href":"https:\/\/tremunpiercing.com\/sk\/wp-json\/wp\/v2\/product_brand?post=22171"},{"taxonomy":"product_cat","embeddable":true,"href":"https:\/\/tremunpiercing.com\/sk\/wp-json\/wp\/v2\/product_cat?post=22171"},{"taxonomy":"product_tag","embeddable":true,"href":"https:\/\/tremunpiercing.com\/sk\/wp-json\/wp\/v2\/product_tag?post=22171"}],"curies":[{"name":"wp","href":"https:\/\/api.w.org\/{rel}","templated":true}]}}