{"id":22175,"date":"2025-09-22T23:23:19","date_gmt":"2025-09-22T22:23:19","guid":{"rendered":"https:\/\/tremunpiercing.com\/?post_type=product&#038;p=22175"},"modified":"2026-04-20T16:10:05","modified_gmt":"2026-04-20T15:10:05","slug":"oval-cab-labradorite","status":"publish","type":"product","link":"https:\/\/tremunpiercing.com\/sk\/product\/oval-cab-labradorite\/","title":{"rendered":"Ov\u00e1lna kab\u00edna - Labradorit"},"content":{"rendered":"<p>Labradorit Oval Cab sp\u00e1ja organick\u00fa kr\u00e1su s vysoko prepracovanou estetikou. Tento \u0161perk je osaden\u00fd pr\u00edrodn\u00fdm turmal\u00ednov\u00fdm kreme\u0148om s rozmermi 5,6 x 3,3 mm a pon\u00faka ohromuj\u00facu h\u013abku farieb. Ako \u0161perk s vn\u00fatorn\u00fdm z\u00e1vitom 16G vyroben\u00fd z tit\u00e1nu Implant Grade F-136 je tento \u0161perk bezpe\u010dn\u00fd a pohodln\u00fd na nosenie.<\/p>\n<p>V\u010faka d\u00fahovej kvalite ov\u00e1lneho br\u00fasen\u00e9ho drahokamu je to skvel\u00e1 vo\u013eba pre konchov\u00e9, lalokov\u00e9 alebo ploch\u00e9 piercingy pre t\u00fdch, ktor\u00ed oce\u0148uj\u00fa organick\u00fa kr\u00e1su. Oval Cab je vynikaj\u00facou vo\u013ebou pre \u0161t\u00fadi\u00e1 so \u0161pecializovanou zbierkou drah\u00fdch kame\u0148ov. Je to umeleck\u00e9 dielo, ale z\u00e1rove\u0148 je aj funk\u010dn\u00e9. Le\u0161ten\u00e1 tit\u00e1nov\u00e1 z\u00e1klad\u0148a vytv\u00e1ra dokonal\u00fd lesk, v\u010faka \u010domu je ka\u017ed\u00fd kus v\u00fdnimo\u010dn\u00fdm, jedine\u010dn\u00fdm zakon\u010den\u00edm.<\/p>","protected":false},"excerpt":{"rendered":"<ul>\n<li>Vn\u00fatorn\u00e9 z\u00e1vity<\/li>\n<li>Materi\u00e1l: F-136<\/li>\n<li>Meradlo: 16G<\/li>\n<li>Drahokam: Labradorit<\/li>\n<li>Ve\u013ekos\u0165 drahokamu: 5,6 mm x 3,3 mm<\/li>\n<\/ul>","protected":false},"featured_media":22176,"comment_status":"closed","ping_status":"closed","template":"","meta":{"_acf_changed":false},"product_brand":[],"product_cat":[340,343],"product_tag":[187,179,180,188,209,189,210,211,212,190,183,184,207],"class_list":{"0":"post-22175","1":"product","2":"type-product","3":"status-publish","4":"has-post-thumbnail","6":"product_cat-titanium-jewelry","7":"product_cat-tops-titanium-jewelry","8":"product_tag-conch","9":"product_tag-cristal","10":"product_tag-cz","11":"product_tag-ear","12":"product_tag-faux-rook","13":"product_tag-helix","14":"product_tag-labret","15":"product_tag-lip","16":"product_tag-medusa","17":"product_tag-oreja","18":"product_tag-perforacion","19":"product_tag-piercing","20":"product_tag-tragus","22":"first","23":"instock","24":"taxable","25":"shipping-taxable","26":"purchasable","27":"product-type-simple"},"acf":[],"gallery_images":[22177,27440,27441],"_links":{"self":[{"href":"https:\/\/tremunpiercing.com\/sk\/wp-json\/wp\/v2\/product\/22175","targetHints":{"allow":["GET"]}}],"collection":[{"href":"https:\/\/tremunpiercing.com\/sk\/wp-json\/wp\/v2\/product"}],"about":[{"href":"https:\/\/tremunpiercing.com\/sk\/wp-json\/wp\/v2\/types\/product"}],"replies":[{"embeddable":true,"href":"https:\/\/tremunpiercing.com\/sk\/wp-json\/wp\/v2\/comments?post=22175"}],"version-history":[{"count":1,"href":"https:\/\/tremunpiercing.com\/sk\/wp-json\/wp\/v2\/product\/22175\/revisions"}],"predecessor-version":[{"id":27442,"href":"https:\/\/tremunpiercing.com\/sk\/wp-json\/wp\/v2\/product\/22175\/revisions\/27442"}],"wp:featuredmedia":[{"embeddable":true,"href":"https:\/\/tremunpiercing.com\/sk\/wp-json\/wp\/v2\/media\/22176"}],"wp:attachment":[{"href":"https:\/\/tremunpiercing.com\/sk\/wp-json\/wp\/v2\/media?parent=22175"}],"wp:term":[{"taxonomy":"product_brand","embeddable":true,"href":"https:\/\/tremunpiercing.com\/sk\/wp-json\/wp\/v2\/product_brand?post=22175"},{"taxonomy":"product_cat","embeddable":true,"href":"https:\/\/tremunpiercing.com\/sk\/wp-json\/wp\/v2\/product_cat?post=22175"},{"taxonomy":"product_tag","embeddable":true,"href":"https:\/\/tremunpiercing.com\/sk\/wp-json\/wp\/v2\/product_tag?post=22175"}],"curies":[{"name":"wp","href":"https:\/\/api.w.org\/{rel}","templated":true}]}}