{"id":22207,"date":"2025-09-23T19:59:35","date_gmt":"2025-09-23T18:59:35","guid":{"rendered":"https:\/\/tremunpiercing.com\/?post_type=product&#038;p=22207"},"modified":"2026-04-18T10:58:16","modified_gmt":"2026-04-18T09:58:16","slug":"donna","status":"publish","type":"product","link":"https:\/\/tremunpiercing.com\/sk\/product\/donna\/","title":{"rendered":"Donna"},"content":{"rendered":"<p>Donna je vynikaj\u00faci \u0161perk na telo, ktor\u00fd je vyroben\u00fd z tit\u00e1nu (F-136), ktor\u00fd je vhodn\u00fd na implant\u00e1ty a poskytuje vynikaj\u00facu biokompatibilitu a odolnos\u0165 pri nosen\u00ed. Kon\u0161trukcia s vn\u00fatorn\u00fdm z\u00e1vitom 16G sa \u013eahko bezpe\u010dne a hladko in\u0161taluje, \u010do je ide\u00e1lne pre citliv\u00e9 piercingy. Zirk\u00f3nov\u00e9 kamene s\u00fa p\u00fatav\u00e9 a dod\u00e1vaj\u00fa tomuto univerz\u00e1lnemu \u0161perku sofistikovan\u00fd lesk, v\u010faka \u010domu ho mo\u017eno nosi\u0165 samostatne alebo v kombin\u00e1cii s in\u00fdmi \u0161perkami.<\/p>\n<p>Donna je ide\u00e1lna pre piercing u\u0161n\u00fdch chrupaviek, konch alebo piersing piersingu do pier, preto\u017ee poskytuje \u0161t\u00fdl, eleganciu a funk\u010dnos\u0165. Je \u013eahk\u00fd, nep\u00fa\u0161\u0165a f\u013eaky a je vynikaj\u00facim v\u00fdrobkom na predaj v piercingov\u00fdch \u0161t\u00fadi\u00e1ch a maloobchodn\u00fdch predajniach pre klientov, ktor\u00ed chc\u00fa vysokokvalitn\u00e9 telesn\u00e9 \u0161perky s detailmi a leskom.<\/p>","protected":false},"excerpt":{"rendered":"<ul>\n<li>Vn\u00fatorn\u00e9 z\u00e1vity<\/li>\n<li>Materi\u00e1l: F-136<\/li>\n<li>Meradlo: 16G<\/li>\n<li>Drahokam: Kubick\u00fd zirk\u00f3n<\/li>\n<li>Ve\u013ekos\u0165: 3,6 mm x 10 mm<\/li>\n<\/ul>","protected":false},"featured_media":22208,"comment_status":"closed","ping_status":"closed","template":"","meta":{"_acf_changed":false},"product_brand":[],"product_cat":[340,343],"product_tag":[187,179,180,188,209,189,210,211,212,190,183,184,207],"class_list":{"0":"post-22207","1":"product","2":"type-product","3":"status-publish","4":"has-post-thumbnail","6":"product_cat-titanium-jewelry","7":"product_cat-tops-titanium-jewelry","8":"product_tag-conch","9":"product_tag-cristal","10":"product_tag-cz","11":"product_tag-ear","12":"product_tag-faux-rook","13":"product_tag-helix","14":"product_tag-labret","15":"product_tag-lip","16":"product_tag-medusa","17":"product_tag-oreja","18":"product_tag-perforacion","19":"product_tag-piercing","20":"product_tag-tragus","22":"first","23":"instock","24":"taxable","25":"shipping-taxable","26":"purchasable","27":"product-type-simple"},"acf":[],"gallery_images":[27415,27416],"_links":{"self":[{"href":"https:\/\/tremunpiercing.com\/sk\/wp-json\/wp\/v2\/product\/22207","targetHints":{"allow":["GET"]}}],"collection":[{"href":"https:\/\/tremunpiercing.com\/sk\/wp-json\/wp\/v2\/product"}],"about":[{"href":"https:\/\/tremunpiercing.com\/sk\/wp-json\/wp\/v2\/types\/product"}],"replies":[{"embeddable":true,"href":"https:\/\/tremunpiercing.com\/sk\/wp-json\/wp\/v2\/comments?post=22207"}],"version-history":[{"count":1,"href":"https:\/\/tremunpiercing.com\/sk\/wp-json\/wp\/v2\/product\/22207\/revisions"}],"predecessor-version":[{"id":27418,"href":"https:\/\/tremunpiercing.com\/sk\/wp-json\/wp\/v2\/product\/22207\/revisions\/27418"}],"wp:featuredmedia":[{"embeddable":true,"href":"https:\/\/tremunpiercing.com\/sk\/wp-json\/wp\/v2\/media\/22208"}],"wp:attachment":[{"href":"https:\/\/tremunpiercing.com\/sk\/wp-json\/wp\/v2\/media?parent=22207"}],"wp:term":[{"taxonomy":"product_brand","embeddable":true,"href":"https:\/\/tremunpiercing.com\/sk\/wp-json\/wp\/v2\/product_brand?post=22207"},{"taxonomy":"product_cat","embeddable":true,"href":"https:\/\/tremunpiercing.com\/sk\/wp-json\/wp\/v2\/product_cat?post=22207"},{"taxonomy":"product_tag","embeddable":true,"href":"https:\/\/tremunpiercing.com\/sk\/wp-json\/wp\/v2\/product_tag?post=22207"}],"curies":[{"name":"wp","href":"https:\/\/api.w.org\/{rel}","templated":true}]}}