{"id":22210,"date":"2025-09-23T20:04:26","date_gmt":"2025-09-23T19:04:26","guid":{"rendered":"https:\/\/tremunpiercing.com\/?post_type=product&#038;p=22210"},"modified":"2026-04-16T15:33:53","modified_gmt":"2026-04-16T14:33:53","slug":"alessa","status":"publish","type":"product","link":"https:\/\/tremunpiercing.com\/sk\/product\/alessa\/","title":{"rendered":"Alessa"},"content":{"rendered":"<p>Elegantn\u00fd a modern\u00fd model Alessa je ur\u010den\u00fd pre t\u00fdch, ktor\u00ed oce\u0148uj\u00fa decentn\u00fd luxus. Je vyroben\u00e1 z tit\u00e1nu implanta\u010dnej triedy F-136, je bezpe\u010dn\u00e1, hypoalerg\u00e9nna a ur\u010den\u00e1 na ka\u017edodenn\u00e9 nosenie. Drahokam Cubic Zirconia dod\u00e1va u\u0161\u013eachtil\u00fd lesk a kr\u00e1sne zachyt\u00e1va svetlo v u\u0161iach, tragu alebo piercingu v per\u00e1ch.<\/p>\n<p>Jeho vn\u00fatorne z\u00e1vitov\u00e1 kon\u0161trukcia 16G umo\u017e\u0148uje bezprobl\u00e9mov\u00fa in\u0161tal\u00e1ciu pre profesion\u00e1lov, ktor\u00ed h\u013eadaj\u00fa presnos\u0165 a pohodlie. V\u010faka nad\u010dasov\u00e9mu dizajnu je Alessa univerz\u00e1lnym k\u00faskom pre piercingov\u00e9 \u0161t\u00fadi\u00e1 a predajcov, ktor\u00ed sa staraj\u00fa o klientov miluj\u00facich minimalistick\u00fa eleganciu. V\u010faka n\u00edzkej hmotnosti a z\u00e1rove\u0148 odolnosti je nevyhnutnou s\u00fa\u010das\u0165ou ka\u017edej kur\u00e1torskej tit\u00e1novej kolekcie.<\/p>","protected":false},"excerpt":{"rendered":"<ul>\n<li>Vn\u00fatorn\u00e9 z\u00e1vity<\/li>\n<li>Materi\u00e1l: F-136<\/li>\n<li>Meradlo: 16G<\/li>\n<li>Drahokam: Kubick\u00fd zirk\u00f3n<\/li>\n<li>Ve\u013ekos\u0165: 10 mm x 6,5 mm<\/li>\n<\/ul>","protected":false},"featured_media":22211,"comment_status":"closed","ping_status":"closed","template":"","meta":{"_acf_changed":false},"product_brand":[],"product_cat":[340,343],"product_tag":[187,179,180,188,209,189,210,211,212,190,183,184,207],"class_list":{"0":"post-22210","1":"product","2":"type-product","3":"status-publish","4":"has-post-thumbnail","6":"product_cat-titanium-jewelry","7":"product_cat-tops-titanium-jewelry","8":"product_tag-conch","9":"product_tag-cristal","10":"product_tag-cz","11":"product_tag-ear","12":"product_tag-faux-rook","13":"product_tag-helix","14":"product_tag-labret","15":"product_tag-lip","16":"product_tag-medusa","17":"product_tag-oreja","18":"product_tag-perforacion","19":"product_tag-piercing","20":"product_tag-tragus","22":"first","23":"instock","24":"taxable","25":"shipping-taxable","26":"purchasable","27":"product-type-simple"},"acf":[],"gallery_images":[27410,27411],"_links":{"self":[{"href":"https:\/\/tremunpiercing.com\/sk\/wp-json\/wp\/v2\/product\/22210","targetHints":{"allow":["GET"]}}],"collection":[{"href":"https:\/\/tremunpiercing.com\/sk\/wp-json\/wp\/v2\/product"}],"about":[{"href":"https:\/\/tremunpiercing.com\/sk\/wp-json\/wp\/v2\/types\/product"}],"replies":[{"embeddable":true,"href":"https:\/\/tremunpiercing.com\/sk\/wp-json\/wp\/v2\/comments?post=22210"}],"version-history":[{"count":1,"href":"https:\/\/tremunpiercing.com\/sk\/wp-json\/wp\/v2\/product\/22210\/revisions"}],"predecessor-version":[{"id":27412,"href":"https:\/\/tremunpiercing.com\/sk\/wp-json\/wp\/v2\/product\/22210\/revisions\/27412"}],"wp:featuredmedia":[{"embeddable":true,"href":"https:\/\/tremunpiercing.com\/sk\/wp-json\/wp\/v2\/media\/22211"}],"wp:attachment":[{"href":"https:\/\/tremunpiercing.com\/sk\/wp-json\/wp\/v2\/media?parent=22210"}],"wp:term":[{"taxonomy":"product_brand","embeddable":true,"href":"https:\/\/tremunpiercing.com\/sk\/wp-json\/wp\/v2\/product_brand?post=22210"},{"taxonomy":"product_cat","embeddable":true,"href":"https:\/\/tremunpiercing.com\/sk\/wp-json\/wp\/v2\/product_cat?post=22210"},{"taxonomy":"product_tag","embeddable":true,"href":"https:\/\/tremunpiercing.com\/sk\/wp-json\/wp\/v2\/product_tag?post=22210"}],"curies":[{"name":"wp","href":"https:\/\/api.w.org\/{rel}","templated":true}]}}