{"id":22213,"date":"2025-09-23T20:06:39","date_gmt":"2025-09-23T19:06:39","guid":{"rendered":"https:\/\/tremunpiercing.com\/?post_type=product&#038;p=22213"},"modified":"2026-04-20T12:16:37","modified_gmt":"2026-04-20T11:16:37","slug":"carmen","status":"publish","type":"product","link":"https:\/\/tremunpiercing.com\/sk\/product\/carmen\/","title":{"rendered":"Carmen"},"content":{"rendered":"<p>T\u00e1to Carmen m\u00e1 \u017eiariv\u00fd p\u00f4vab v odolnom tit\u00e1novom tele. Je vyroben\u00fd z tit\u00e1nu implanta\u010dnej triedy F-136, ktor\u00fd je biokompatibiln\u00fd a zachov\u00e1va si svoj lesk. Syst\u00e9m s vn\u00fatorn\u00fdm z\u00e1vitom 16G u\u013eah\u010duje pr\u00e1cu profesion\u00e1lnym piercerom a m\u00f4\u017eete si by\u0165 ist\u00ed, \u017ee je pevne priliehaj\u00faci. Zirk\u00f3nov\u00fd drahokam sa trbliece podmaniv\u00fdm leskom.<\/p>\n<p>Carmen je ide\u00e1lna na piercingy, ako s\u00fa \u0161pir\u00e1la, tragus, nos alebo laloky. Carmen m\u00f4\u017eete nosi\u0165 v profesion\u00e1lnom piercingovom \u0161t\u00fadiu alebo vo svojom ob\u013e\u00fabenom \u0161perku a ur\u010dite bude \u017eiari\u0165 kr\u00e1sou a silou. Tento \u0161perk je navrhnut\u00fd pre d\u00f4veru a prec\u00edznos\u0165. Pon\u00faka dokonal\u00fa kombin\u00e1ciu m\u00f3dy a funk\u010dnosti.<\/p>","protected":false},"excerpt":{"rendered":"<ul>\n<li>Vn\u00fatorn\u00e9 z\u00e1vity<\/li>\n<li>Materi\u00e1l: F-136<\/li>\n<li>Meradlo: 16G<\/li>\n<li>Drahokam: Kubick\u00fd zirk\u00f3n<\/li>\n<li>Ve\u013ekos\u0165: 11,3 mm<\/li>\n<\/ul>","protected":false},"featured_media":22214,"comment_status":"closed","ping_status":"closed","template":"","meta":{"_acf_changed":false},"product_brand":[],"product_cat":[340,343],"product_tag":[187,179,180,188,209,189,210,211,212,190,183,184,207],"class_list":{"0":"post-22213","1":"product","2":"type-product","3":"status-publish","4":"has-post-thumbnail","6":"product_cat-titanium-jewelry","7":"product_cat-tops-titanium-jewelry","8":"product_tag-conch","9":"product_tag-cristal","10":"product_tag-cz","11":"product_tag-ear","12":"product_tag-faux-rook","13":"product_tag-helix","14":"product_tag-labret","15":"product_tag-lip","16":"product_tag-medusa","17":"product_tag-oreja","18":"product_tag-perforacion","19":"product_tag-piercing","20":"product_tag-tragus","22":"first","23":"instock","24":"taxable","25":"shipping-taxable","26":"purchasable","27":"product-type-simple"},"acf":[],"gallery_images":[27407,27408],"_links":{"self":[{"href":"https:\/\/tremunpiercing.com\/sk\/wp-json\/wp\/v2\/product\/22213","targetHints":{"allow":["GET"]}}],"collection":[{"href":"https:\/\/tremunpiercing.com\/sk\/wp-json\/wp\/v2\/product"}],"about":[{"href":"https:\/\/tremunpiercing.com\/sk\/wp-json\/wp\/v2\/types\/product"}],"replies":[{"embeddable":true,"href":"https:\/\/tremunpiercing.com\/sk\/wp-json\/wp\/v2\/comments?post=22213"}],"version-history":[{"count":1,"href":"https:\/\/tremunpiercing.com\/sk\/wp-json\/wp\/v2\/product\/22213\/revisions"}],"predecessor-version":[{"id":27409,"href":"https:\/\/tremunpiercing.com\/sk\/wp-json\/wp\/v2\/product\/22213\/revisions\/27409"}],"wp:featuredmedia":[{"embeddable":true,"href":"https:\/\/tremunpiercing.com\/sk\/wp-json\/wp\/v2\/media\/22214"}],"wp:attachment":[{"href":"https:\/\/tremunpiercing.com\/sk\/wp-json\/wp\/v2\/media?parent=22213"}],"wp:term":[{"taxonomy":"product_brand","embeddable":true,"href":"https:\/\/tremunpiercing.com\/sk\/wp-json\/wp\/v2\/product_brand?post=22213"},{"taxonomy":"product_cat","embeddable":true,"href":"https:\/\/tremunpiercing.com\/sk\/wp-json\/wp\/v2\/product_cat?post=22213"},{"taxonomy":"product_tag","embeddable":true,"href":"https:\/\/tremunpiercing.com\/sk\/wp-json\/wp\/v2\/product_tag?post=22213"}],"curies":[{"name":"wp","href":"https:\/\/api.w.org\/{rel}","templated":true}]}}