{"id":22226,"date":"2025-09-23T20:18:34","date_gmt":"2025-09-23T19:18:34","guid":{"rendered":"https:\/\/tremunpiercing.com\/?post_type=product&#038;p=22226"},"modified":"2026-04-20T16:10:04","modified_gmt":"2026-04-20T15:10:04","slug":"cecilia-white","status":"publish","type":"product","link":"https:\/\/tremunpiercing.com\/sk\/product\/cecilia-white\/","title":{"rendered":"Cecilia - Biela"},"content":{"rendered":"<p>Ka\u017ed\u00e1 profesion\u00e1lna kolekcia \u0161perkov mus\u00ed ma\u0165 klasick\u00fd biely vzh\u013ead CZ a n\u00e1\u0161 biely labyrint Cecilia poskytuje maxim\u00e1lnu kvalitu. Tento labyrint je vybaven\u00fd iskriv\u00fdm a ide\u00e1lne br\u00fasen\u00fdm kubick\u00fdm zirk\u00f3nom, ktor\u00fd je 100% \u010d\u00edry a navrhnut\u00fd tak, aby pri ka\u017edom pohybe zachyt\u00e1val svetlo. Prich\u00e1dza k v\u00e1m v na\u0161om elegantnom osaden\u00ed Cecilia claw prong, ktor\u00e9 je navrhnut\u00e9 tak, aby maximalizovalo iskru CZ a z\u00e1rove\u0148 zachovalo n\u00edzky profil a pohodln\u00e9 nosenie.<\/p>\n<p>Tento labyrint je vyroben\u00fd z tit\u00e1nu implanta\u010dnej triedy (F-136) a m\u00e1 pevn\u00fd st\u013apik s vn\u00fatorn\u00fdm z\u00e1vitom 16G a je dokonalou bezpe\u010dnou vo\u013ebou pre \u010derstv\u00e9 alebo zahojen\u00e9 piercingy. Je to v\u00e1\u0161 nevyhnutn\u00fd z\u00e1kladn\u00fd prvok pre klientky, ktor\u00e9 chc\u00fa ma\u0165 v nosnej dierke, laloku alebo per\u00e1ch iskru, ktor\u00e1 bez n\u00e1mahy prech\u00e1dza medzi \u0161t\u00fdlmi. K\u00fapte si nieko\u013eko kusov, aby ste mali z\u00e1sobu n\u00e1\u0161ho najpred\u00e1vanej\u0161ieho vlasov\u00e9ho \u0161perku, a va\u0161i profesion\u00e1li bud\u00fa ma\u0165 v\u017edy to, \u010do potrebuj\u00fa, s klasick\u00fdm leskom.<\/p>","protected":false},"excerpt":{"rendered":"<ul>\n<li>Vn\u00fatorn\u00e9 z\u00e1vity<\/li>\n<li>Materi\u00e1l: F-136<\/li>\n<li>Meradlo: 16G<\/li>\n<li>Drahokam: Kubick\u00fd zirk\u00f3n<\/li>\n<li>Ve\u013ekos\u0165: 4 mm x 6,7 mm<\/li>\n<\/ul>","protected":false},"featured_media":22227,"comment_status":"closed","ping_status":"closed","template":"","meta":{"_acf_changed":false},"product_brand":[],"product_cat":[340,343],"product_tag":[187,179,180,188,209,189,210,211,212,190,183,184,207],"class_list":{"0":"post-22226","1":"product","2":"type-product","3":"status-publish","4":"has-post-thumbnail","6":"product_cat-titanium-jewelry","7":"product_cat-tops-titanium-jewelry","8":"product_tag-conch","9":"product_tag-cristal","10":"product_tag-cz","11":"product_tag-ear","12":"product_tag-faux-rook","13":"product_tag-helix","14":"product_tag-labret","15":"product_tag-lip","16":"product_tag-medusa","17":"product_tag-oreja","18":"product_tag-perforacion","19":"product_tag-piercing","20":"product_tag-tragus","22":"first","23":"instock","24":"taxable","25":"shipping-taxable","26":"purchasable","27":"product-type-simple"},"acf":[],"gallery_images":[27393,27392],"_links":{"self":[{"href":"https:\/\/tremunpiercing.com\/sk\/wp-json\/wp\/v2\/product\/22226","targetHints":{"allow":["GET"]}}],"collection":[{"href":"https:\/\/tremunpiercing.com\/sk\/wp-json\/wp\/v2\/product"}],"about":[{"href":"https:\/\/tremunpiercing.com\/sk\/wp-json\/wp\/v2\/types\/product"}],"replies":[{"embeddable":true,"href":"https:\/\/tremunpiercing.com\/sk\/wp-json\/wp\/v2\/comments?post=22226"}],"version-history":[{"count":1,"href":"https:\/\/tremunpiercing.com\/sk\/wp-json\/wp\/v2\/product\/22226\/revisions"}],"predecessor-version":[{"id":27394,"href":"https:\/\/tremunpiercing.com\/sk\/wp-json\/wp\/v2\/product\/22226\/revisions\/27394"}],"wp:featuredmedia":[{"embeddable":true,"href":"https:\/\/tremunpiercing.com\/sk\/wp-json\/wp\/v2\/media\/22227"}],"wp:attachment":[{"href":"https:\/\/tremunpiercing.com\/sk\/wp-json\/wp\/v2\/media?parent=22226"}],"wp:term":[{"taxonomy":"product_brand","embeddable":true,"href":"https:\/\/tremunpiercing.com\/sk\/wp-json\/wp\/v2\/product_brand?post=22226"},{"taxonomy":"product_cat","embeddable":true,"href":"https:\/\/tremunpiercing.com\/sk\/wp-json\/wp\/v2\/product_cat?post=22226"},{"taxonomy":"product_tag","embeddable":true,"href":"https:\/\/tremunpiercing.com\/sk\/wp-json\/wp\/v2\/product_tag?post=22226"}],"curies":[{"name":"wp","href":"https:\/\/api.w.org\/{rel}","templated":true}]}}