{"id":22232,"date":"2025-09-23T20:25:52","date_gmt":"2025-09-23T19:25:52","guid":{"rendered":"https:\/\/tremunpiercing.com\/?post_type=product&#038;p=22232"},"modified":"2026-03-28T22:02:23","modified_gmt":"2026-03-28T21:02:23","slug":"cecilia-topaz-blue-cz","status":"publish","type":"product","link":"https:\/\/tremunpiercing.com\/sk\/product\/cecilia-topaz-blue-cz\/","title":{"rendered":"Cecilia - Topaz Blue CZ"},"content":{"rendered":"<h2>Labret Cecilia Topaz Blue CZ<\/h2>\n<p>Labret Cecilia Topaz Blue CZ pon\u00faka chladn\u00fd a sofistikovan\u00fd vzh\u013ead. Dizajn obsahuje n\u00e1dhern\u00fd, \u013eadovo modr\u00fd kubick\u00fd zirk\u00f3n, ktor\u00fd zachyt\u00e1va v\u0161etku kr\u00e1su \u017eiariv\u00e9ho top\u00e1su v jednom n\u00e1dhernom kameni osadenom v \u0161t\u00fdle Cecilia pre \u010dist\u00fd, modern\u00fd vzh\u013ead, ktor\u00fd zv\u00fdraz\u0148uje \u00fa\u017easn\u00fa farbu modr\u00e9ho kame\u0148a.<\/p>\n<p>Vyroben\u00e9 z tit\u00e1nu implanta\u010dnej triedy (F-136) s vn\u00fatorn\u00fdm z\u00e1vitom 16G, va\u0161i klienti sa m\u00f4\u017eu spo\u013eahn\u00fa\u0165 na pohodln\u00e9 a bezpe\u010dn\u00e9 nosenie. Pokojn\u00e1 modr\u00e1 farba je univerz\u00e1lna, najm\u00e4 pre ka\u017ed\u00e9ho, kto chce \u010dist\u00fd, svie\u017ei farebn\u00fd odtie\u0148 v konche, \u0161pir\u00e1le alebo piercingu do nosa. Budete m\u00f4c\u0165 pozdvihn\u00fa\u0165 farebn\u00e9 mo\u017enosti svojho \u0161t\u00fadia a predstavi\u0165 v\u0161etk\u00fdm svojim klientom t\u00fato st\u00e1le ob\u013e\u00faben\u00fa a n\u00e1dhern\u00fa modr\u00fa farbu.<\/p>","protected":false},"excerpt":{"rendered":"<ul>\n<li>Vn\u00fatorn\u00e9 z\u00e1vity<\/li>\n<li>Materi\u00e1l: F-136<\/li>\n<li>Meradlo: 16G<\/li>\n<li>Drahokam: Kubick\u00fd zirk\u00f3n<\/li>\n<li>Ve\u013ekos\u0165: 4 mm x 6,7 mm<\/li>\n<\/ul>","protected":false},"featured_media":22233,"comment_status":"closed","ping_status":"closed","template":"","meta":{"_acf_changed":false},"product_brand":[],"product_cat":[340,343],"product_tag":[187,179,180,188,209,189,210,211,212,190,183,184,207],"class_list":{"0":"post-22232","1":"product","2":"type-product","3":"status-publish","4":"has-post-thumbnail","6":"product_cat-titanium-jewelry","7":"product_cat-tops-titanium-jewelry","8":"product_tag-conch","9":"product_tag-cristal","10":"product_tag-cz","11":"product_tag-ear","12":"product_tag-faux-rook","13":"product_tag-helix","14":"product_tag-labret","15":"product_tag-lip","16":"product_tag-medusa","17":"product_tag-oreja","18":"product_tag-perforacion","19":"product_tag-piercing","20":"product_tag-tragus","22":"first","23":"instock","24":"taxable","25":"shipping-taxable","26":"purchasable","27":"product-type-simple"},"acf":[],"gallery_images":[27366,27367],"_links":{"self":[{"href":"https:\/\/tremunpiercing.com\/sk\/wp-json\/wp\/v2\/product\/22232","targetHints":{"allow":["GET"]}}],"collection":[{"href":"https:\/\/tremunpiercing.com\/sk\/wp-json\/wp\/v2\/product"}],"about":[{"href":"https:\/\/tremunpiercing.com\/sk\/wp-json\/wp\/v2\/types\/product"}],"replies":[{"embeddable":true,"href":"https:\/\/tremunpiercing.com\/sk\/wp-json\/wp\/v2\/comments?post=22232"}],"version-history":[{"count":1,"href":"https:\/\/tremunpiercing.com\/sk\/wp-json\/wp\/v2\/product\/22232\/revisions"}],"predecessor-version":[{"id":27368,"href":"https:\/\/tremunpiercing.com\/sk\/wp-json\/wp\/v2\/product\/22232\/revisions\/27368"}],"wp:featuredmedia":[{"embeddable":true,"href":"https:\/\/tremunpiercing.com\/sk\/wp-json\/wp\/v2\/media\/22233"}],"wp:attachment":[{"href":"https:\/\/tremunpiercing.com\/sk\/wp-json\/wp\/v2\/media?parent=22232"}],"wp:term":[{"taxonomy":"product_brand","embeddable":true,"href":"https:\/\/tremunpiercing.com\/sk\/wp-json\/wp\/v2\/product_brand?post=22232"},{"taxonomy":"product_cat","embeddable":true,"href":"https:\/\/tremunpiercing.com\/sk\/wp-json\/wp\/v2\/product_cat?post=22232"},{"taxonomy":"product_tag","embeddable":true,"href":"https:\/\/tremunpiercing.com\/sk\/wp-json\/wp\/v2\/product_tag?post=22232"}],"curies":[{"name":"wp","href":"https:\/\/api.w.org\/{rel}","templated":true}]}}