{"id":22235,"date":"2025-09-23T20:32:10","date_gmt":"2025-09-23T19:32:10","guid":{"rendered":"https:\/\/tremunpiercing.com\/?post_type=product&#038;p=22235"},"modified":"2026-04-01T14:53:00","modified_gmt":"2026-04-01T13:53:00","slug":"cecilia-emerald","status":"publish","type":"product","link":"https:\/\/tremunpiercing.com\/sk\/product\/cecilia-emerald\/","title":{"rendered":"Cecilia - Smaragd"},"content":{"rendered":"<p>Vytvorte odv\u00e1\u017eny a \u017eiv\u00fd v\u00fdraz s labyrintom Cecilia Emerald. Tento labert\u00edn m\u00e1 s\u00fdto tmavozelen\u00fd iskriv\u00fd kubick\u00fd zirk\u00f3n vybr\u00fasen\u00fd presne tak, aby zabezpe\u010dil maxim\u00e1lny lesk. Kame\u0148 je osaden\u00fd elegantn\u00fdm a v\u00fdrazn\u00fdm osaden\u00edm Cecilia, ktor\u00e9 vyu\u017e\u00edva minimalistick\u00e9 paz\u00farikov\u00e9 hroty, \u010d\u00edm umo\u017e\u0148uje maxim\u00e1lnu cestu svetla cez kame\u0148 a dosahuje tak maxim\u00e1lnu \u017eiaru.<\/p>\n<p>Cel\u00e1 \u010das\u0165 je vyroben\u00e1 z tit\u00e1nu implanta\u010dnej triedy (F-136), ktor\u00fd je bezpe\u010dn\u00fd a hypoalerg\u00e9nny aj pre t\u00fdch najcitlivej\u0161\u00edch klientov. Kol\u00edk s vn\u00fatorn\u00fdm z\u00e1vitom 16G je bezpe\u010dn\u00fd a \u013eahko sa aj in\u0161taluje. Klasick\u00fd, ale odv\u00e1\u017eny zelen\u00fd drahokam je mil\u00e1\u010dikom davu a je ide\u00e1lny na pridanie kvapky klasickej farby do ka\u017ed\u00e9ho piercingu. Je to nevyhnutn\u00fd prvok s vysok\u00fdm obratom pre \u0161t\u00fadi\u00e1 s klientmi, ktor\u00ed maj\u00fa radi nad\u010dasov\u00fd farebn\u00fd lesk.<\/p>","protected":false},"excerpt":{"rendered":"<ul>\n<li>Vn\u00fatorn\u00e9 z\u00e1vity<\/li>\n<li>Materi\u00e1l: F-136<\/li>\n<li>Meradlo: 16G<\/li>\n<li>Drahokam: Kubick\u00fd zirk\u00f3n<\/li>\n<li>Ve\u013ekos\u0165: 4 mm x 6,7 mm<\/li>\n<\/ul>","protected":false},"featured_media":22236,"comment_status":"closed","ping_status":"closed","template":"","meta":{"_acf_changed":false},"product_brand":[],"product_cat":[340,343],"product_tag":[187,179,180,188,209,189,210,211,212,190,183,184,207],"class_list":{"0":"post-22235","1":"product","2":"type-product","3":"status-publish","4":"has-post-thumbnail","6":"product_cat-titanium-jewelry","7":"product_cat-tops-titanium-jewelry","8":"product_tag-conch","9":"product_tag-cristal","10":"product_tag-cz","11":"product_tag-ear","12":"product_tag-faux-rook","13":"product_tag-helix","14":"product_tag-labret","15":"product_tag-lip","16":"product_tag-medusa","17":"product_tag-oreja","18":"product_tag-perforacion","19":"product_tag-piercing","20":"product_tag-tragus","22":"first","23":"instock","24":"taxable","25":"shipping-taxable","26":"purchasable","27":"product-type-simple"},"acf":[],"gallery_images":[27359,27360],"_links":{"self":[{"href":"https:\/\/tremunpiercing.com\/sk\/wp-json\/wp\/v2\/product\/22235","targetHints":{"allow":["GET"]}}],"collection":[{"href":"https:\/\/tremunpiercing.com\/sk\/wp-json\/wp\/v2\/product"}],"about":[{"href":"https:\/\/tremunpiercing.com\/sk\/wp-json\/wp\/v2\/types\/product"}],"replies":[{"embeddable":true,"href":"https:\/\/tremunpiercing.com\/sk\/wp-json\/wp\/v2\/comments?post=22235"}],"version-history":[{"count":1,"href":"https:\/\/tremunpiercing.com\/sk\/wp-json\/wp\/v2\/product\/22235\/revisions"}],"predecessor-version":[{"id":27362,"href":"https:\/\/tremunpiercing.com\/sk\/wp-json\/wp\/v2\/product\/22235\/revisions\/27362"}],"wp:featuredmedia":[{"embeddable":true,"href":"https:\/\/tremunpiercing.com\/sk\/wp-json\/wp\/v2\/media\/22236"}],"wp:attachment":[{"href":"https:\/\/tremunpiercing.com\/sk\/wp-json\/wp\/v2\/media?parent=22235"}],"wp:term":[{"taxonomy":"product_brand","embeddable":true,"href":"https:\/\/tremunpiercing.com\/sk\/wp-json\/wp\/v2\/product_brand?post=22235"},{"taxonomy":"product_cat","embeddable":true,"href":"https:\/\/tremunpiercing.com\/sk\/wp-json\/wp\/v2\/product_cat?post=22235"},{"taxonomy":"product_tag","embeddable":true,"href":"https:\/\/tremunpiercing.com\/sk\/wp-json\/wp\/v2\/product_tag?post=22235"}],"curies":[{"name":"wp","href":"https:\/\/api.w.org\/{rel}","templated":true}]}}