{"id":22241,"date":"2025-09-23T20:38:48","date_gmt":"2025-09-23T19:38:48","guid":{"rendered":"https:\/\/tremunpiercing.com\/?post_type=product&#038;p=22241"},"modified":"2026-04-20T16:10:04","modified_gmt":"2026-04-20T15:10:04","slug":"cecilia-strawberry-quartz","status":"publish","type":"product","link":"https:\/\/tremunpiercing.com\/sk\/product\/cecilia-strawberry-quartz\/","title":{"rendered":"Cecilia - jahodov\u00fd kreme\u0148"},"content":{"rendered":"<p>Pridajte do svojej zbierky \u0161perkov trochu jemn\u00e9ho, ru\u017eov\u00e9ho vkusu s labretom Cecilia Strawberry Quartz. Tento labyrint m\u00e1 kr\u00e1sne vyle\u0161ten\u00fd kabo\u0161on jahodov\u00e9ho kreme\u0148a, ktor\u00fd je zn\u00e1my svojou jemnou ru\u017eovou farbou a mal\u00fdmi pr\u00edrodn\u00fdmi inkl\u00faziami. Podpis Cecilia s minimalistick\u00fdmi paz\u00farov\u00fdmi hrotmi zabezpe\u010duje kame\u0148, ale umo\u017e\u0148uje, aby cez neho prech\u00e1dzalo \u010do najviac svetla a vynikla jeho jemn\u00e1 farba.<\/p>\n<p>Tento labyrint je vyroben\u00fd z tit\u00e1nu implanta\u010dnej triedy (F-136) s vn\u00fatorn\u00fdm z\u00e1vitom 16G a je zaru\u010dene hypoalerg\u00e9nny a bezpe\u010dn\u00fd. Tento labret je vynikaj\u00facou vo\u013ebou pre va\u0161e klientky, ktor\u00e9 chc\u00fa prida\u0165 \u017eensk\u00fa farbu. Tento sladk\u00fd a sofistikovan\u00fd dizajn je skvel\u00fdm sp\u00f4sobom, ako dosta\u0165 farebn\u00e9 drah\u00e9 kamene do v\u00e1\u0161ho \u0161t\u00fadia.<\/p>","protected":false},"excerpt":{"rendered":"<ul>\n<li>Vn\u00fatorn\u00e9 z\u00e1vity<\/li>\n<li>Materi\u00e1l: F-136<\/li>\n<li>Meradlo: 16G<\/li>\n<li>Drahokam: Jahodov\u00fd kreme\u0148<\/li>\n<li>Ve\u013ekos\u0165: 4 mm x 6,7 mm<\/li>\n<\/ul>","protected":false},"featured_media":22242,"comment_status":"closed","ping_status":"closed","template":"","meta":{"_acf_changed":false},"product_brand":[],"product_cat":[340,343],"product_tag":[187,179,180,188,209,189,210,211,212,190,183,184,207],"class_list":{"0":"post-22241","1":"product","2":"type-product","3":"status-publish","4":"has-post-thumbnail","6":"product_cat-titanium-jewelry","7":"product_cat-tops-titanium-jewelry","8":"product_tag-conch","9":"product_tag-cristal","10":"product_tag-cz","11":"product_tag-ear","12":"product_tag-faux-rook","13":"product_tag-helix","14":"product_tag-labret","15":"product_tag-lip","16":"product_tag-medusa","17":"product_tag-oreja","18":"product_tag-perforacion","19":"product_tag-piercing","20":"product_tag-tragus","22":"first","23":"instock","24":"taxable","25":"shipping-taxable","26":"purchasable","27":"product-type-simple"},"acf":[],"gallery_images":[27353,27354],"_links":{"self":[{"href":"https:\/\/tremunpiercing.com\/sk\/wp-json\/wp\/v2\/product\/22241","targetHints":{"allow":["GET"]}}],"collection":[{"href":"https:\/\/tremunpiercing.com\/sk\/wp-json\/wp\/v2\/product"}],"about":[{"href":"https:\/\/tremunpiercing.com\/sk\/wp-json\/wp\/v2\/types\/product"}],"replies":[{"embeddable":true,"href":"https:\/\/tremunpiercing.com\/sk\/wp-json\/wp\/v2\/comments?post=22241"}],"version-history":[{"count":1,"href":"https:\/\/tremunpiercing.com\/sk\/wp-json\/wp\/v2\/product\/22241\/revisions"}],"predecessor-version":[{"id":27356,"href":"https:\/\/tremunpiercing.com\/sk\/wp-json\/wp\/v2\/product\/22241\/revisions\/27356"}],"wp:featuredmedia":[{"embeddable":true,"href":"https:\/\/tremunpiercing.com\/sk\/wp-json\/wp\/v2\/media\/22242"}],"wp:attachment":[{"href":"https:\/\/tremunpiercing.com\/sk\/wp-json\/wp\/v2\/media?parent=22241"}],"wp:term":[{"taxonomy":"product_brand","embeddable":true,"href":"https:\/\/tremunpiercing.com\/sk\/wp-json\/wp\/v2\/product_brand?post=22241"},{"taxonomy":"product_cat","embeddable":true,"href":"https:\/\/tremunpiercing.com\/sk\/wp-json\/wp\/v2\/product_cat?post=22241"},{"taxonomy":"product_tag","embeddable":true,"href":"https:\/\/tremunpiercing.com\/sk\/wp-json\/wp\/v2\/product_tag?post=22241"}],"curies":[{"name":"wp","href":"https:\/\/api.w.org\/{rel}","templated":true}]}}