{"id":22245,"date":"2025-09-23T20:40:17","date_gmt":"2025-09-23T19:40:17","guid":{"rendered":"https:\/\/tremunpiercing.com\/?post_type=product&#038;p=22245"},"modified":"2026-04-20T16:10:04","modified_gmt":"2026-04-20T15:10:04","slug":"cecilia-tourmalated-quartz","status":"publish","type":"product","link":"https:\/\/tremunpiercing.com\/sk\/product\/cecilia-tourmalated-quartz\/","title":{"rendered":"Cecilia - turmal\u00ednovan\u00fd kreme\u0148"},"content":{"rendered":"<p>Dajte svojim klientom skuto\u010dne jedine\u010dn\u00fd k\u00fasok zeme s na\u0161\u00edm labretom z turmal\u00ednov\u00e9ho kreme\u0148a Cecilia. Tento \u00fa\u017easn\u00fd kame\u0148 obsahuje \u010d\u00edry kreme\u0148 s n\u00e1dhern\u00fdmi inkl\u00faziami \u010diernych turmal\u00ednov\u00fdch ihli\u010diek, ktor\u00e9 vytv\u00e1raj\u00fa jedine\u010dn\u00fd vzor a pocit v ka\u017edom labrete. Kame\u0148 je osaden\u00fd v na\u0161om elegantnom osaden\u00ed Cecilia, ktor\u00e9 vyu\u017e\u00edva skromn\u00fa kon\u0161trukciu s pr\u00edtla\u010dn\u00fdmi paz\u00farikmi, aby bolo mo\u017en\u00e9 s\u00fastredi\u0165 sa na samotn\u00fd kame\u0148. Tento labyrint je vyroben\u00fd z tit\u00e1nu implanta\u010dnej triedy (F-136) s vn\u00fatorn\u00fdm z\u00e1vitom 16G, \u010do znamen\u00e1, \u017ee pon\u00faka bezpe\u010dnos\u0165 a pohodlie.<\/p>\n<p>Tento dizajn je ide\u00e1lny pre klientov, ktor\u00ed chc\u00fa vyst\u00fapi\u0165 zo \u0161katu\u013eky be\u017en\u00fdch jednoduch\u00fdch CZ a z\u00e1rove\u0148 ma\u0165 odv\u00e1\u017eny, organick\u00fd dojem zo svojich \u0161perkov. Pridajte tento p\u00fatav\u00fd labyrint do svojich z\u00e1sob a pon\u00faknite svojim klientom v\u00fdrazn\u00fd a p\u00fatav\u00fd \u0161perk, pri\u010dom z\u00e1rove\u0148 podpor\u00edte rozmanitos\u0165 a integritu v\u00fdberu kvality svojich \u0161t\u00fadi\u00ed.<\/p>","protected":false},"excerpt":{"rendered":"<ul>\n<li>Vn\u00fatorn\u00e9 z\u00e1vity<\/li>\n<li>Materi\u00e1l: F-136<\/li>\n<li>Meradlo: 16G<\/li>\n<li>Drahokam: Turmal\u00e1tov\u00fd kreme\u0148<\/li>\n<li>Ve\u013ekos\u0165: 4 mm x 6,7 mm<\/li>\n<\/ul>","protected":false},"featured_media":22246,"comment_status":"closed","ping_status":"closed","template":"","meta":{"_acf_changed":false},"product_brand":[],"product_cat":[340,343],"product_tag":[187,179,180,188,209,189,210,211,212,190,183,184,207],"class_list":{"0":"post-22245","1":"product","2":"type-product","3":"status-publish","4":"has-post-thumbnail","6":"product_cat-titanium-jewelry","7":"product_cat-tops-titanium-jewelry","8":"product_tag-conch","9":"product_tag-cristal","10":"product_tag-cz","11":"product_tag-ear","12":"product_tag-faux-rook","13":"product_tag-helix","14":"product_tag-labret","15":"product_tag-lip","16":"product_tag-medusa","17":"product_tag-oreja","18":"product_tag-perforacion","19":"product_tag-piercing","20":"product_tag-tragus","22":"first","23":"instock","24":"taxable","25":"shipping-taxable","26":"purchasable","27":"product-type-simple"},"acf":[],"gallery_images":[27352,27351],"_links":{"self":[{"href":"https:\/\/tremunpiercing.com\/sk\/wp-json\/wp\/v2\/product\/22245","targetHints":{"allow":["GET"]}}],"collection":[{"href":"https:\/\/tremunpiercing.com\/sk\/wp-json\/wp\/v2\/product"}],"about":[{"href":"https:\/\/tremunpiercing.com\/sk\/wp-json\/wp\/v2\/types\/product"}],"replies":[{"embeddable":true,"href":"https:\/\/tremunpiercing.com\/sk\/wp-json\/wp\/v2\/comments?post=22245"}],"version-history":[{"count":1,"href":"https:\/\/tremunpiercing.com\/sk\/wp-json\/wp\/v2\/product\/22245\/revisions"}],"predecessor-version":[{"id":27355,"href":"https:\/\/tremunpiercing.com\/sk\/wp-json\/wp\/v2\/product\/22245\/revisions\/27355"}],"wp:featuredmedia":[{"embeddable":true,"href":"https:\/\/tremunpiercing.com\/sk\/wp-json\/wp\/v2\/media\/22246"}],"wp:attachment":[{"href":"https:\/\/tremunpiercing.com\/sk\/wp-json\/wp\/v2\/media?parent=22245"}],"wp:term":[{"taxonomy":"product_brand","embeddable":true,"href":"https:\/\/tremunpiercing.com\/sk\/wp-json\/wp\/v2\/product_brand?post=22245"},{"taxonomy":"product_cat","embeddable":true,"href":"https:\/\/tremunpiercing.com\/sk\/wp-json\/wp\/v2\/product_cat?post=22245"},{"taxonomy":"product_tag","embeddable":true,"href":"https:\/\/tremunpiercing.com\/sk\/wp-json\/wp\/v2\/product_tag?post=22245"}],"curies":[{"name":"wp","href":"https:\/\/api.w.org\/{rel}","templated":true}]}}