{"id":22252,"date":"2025-09-23T20:52:45","date_gmt":"2025-09-23T19:52:45","guid":{"rendered":"https:\/\/tremunpiercing.com\/?post_type=product&#038;p=22252"},"modified":"2026-03-20T16:09:11","modified_gmt":"2026-03-20T15:09:11","slug":"grace-moss-agate","status":"publish","type":"product","link":"https:\/\/tremunpiercing.com\/sk\/product\/grace-moss-agate\/","title":{"rendered":"Grace &#8211; Moss Agate"},"content":{"rendered":"<p>Introduce an organic touch of elegance to your jewelry line with the Grace Moss Agate labret. It features a stunning, polished, natural slab of genuine moss agate, with unique earthy green inclusions that evoke a tiny landscape. It is set securely in a clean low-profile bezel, made from Implant Grade Titanium (F-136) for a high level of biocompatibility.<\/p>\n<p>The internally threaded 16G post fits your clients securely and comfortably. With its generous 8mm x 4mm face, it makes a lovely organic statement in a conch, lobe, or helix piercing. It will appeal to clients looking for something an elevated and unique look and is a great addition to any professional studio&#8217;s collection.<\/p>","protected":false},"excerpt":{"rendered":"<ul>\n<li>Vn\u00fatorn\u00e9 z\u00e1vity<\/li>\n<li>Materi\u00e1l: F-136<\/li>\n<li>Meradlo: 16G<\/li>\n<li>Drahokam: <span data-sheets-root=\"1\">Machov\u00fd ach\u00e1t<\/span><\/li>\n<li>Size: 8mm x 4mm<\/li>\n<\/ul>","protected":false},"featured_media":22253,"comment_status":"closed","ping_status":"closed","template":"","meta":{"_acf_changed":false},"product_brand":[],"product_cat":[343,340],"product_tag":[187,188,209,189,205,206,190,183,184,207],"class_list":{"0":"post-22252","1":"product","2":"type-product","3":"status-publish","4":"has-post-thumbnail","6":"product_cat-tops-titanium-jewelry","7":"product_cat-titanium-jewelry","8":"product_tag-conch","9":"product_tag-ear","10":"product_tag-faux-rook","11":"product_tag-helix","12":"product_tag-lobe","13":"product_tag-lobulo","14":"product_tag-oreja","15":"product_tag-perforacion","16":"product_tag-piercing","17":"product_tag-tragus","19":"first","20":"instock","21":"taxable","22":"shipping-taxable","23":"purchasable","24":"product-type-simple"},"acf":[],"gallery_images":[27398,27399],"_links":{"self":[{"href":"https:\/\/tremunpiercing.com\/sk\/wp-json\/wp\/v2\/product\/22252","targetHints":{"allow":["GET"]}}],"collection":[{"href":"https:\/\/tremunpiercing.com\/sk\/wp-json\/wp\/v2\/product"}],"about":[{"href":"https:\/\/tremunpiercing.com\/sk\/wp-json\/wp\/v2\/types\/product"}],"replies":[{"embeddable":true,"href":"https:\/\/tremunpiercing.com\/sk\/wp-json\/wp\/v2\/comments?post=22252"}],"version-history":[{"count":1,"href":"https:\/\/tremunpiercing.com\/sk\/wp-json\/wp\/v2\/product\/22252\/revisions"}],"predecessor-version":[{"id":27400,"href":"https:\/\/tremunpiercing.com\/sk\/wp-json\/wp\/v2\/product\/22252\/revisions\/27400"}],"wp:featuredmedia":[{"embeddable":true,"href":"https:\/\/tremunpiercing.com\/sk\/wp-json\/wp\/v2\/media\/22253"}],"wp:attachment":[{"href":"https:\/\/tremunpiercing.com\/sk\/wp-json\/wp\/v2\/media?parent=22252"}],"wp:term":[{"taxonomy":"product_brand","embeddable":true,"href":"https:\/\/tremunpiercing.com\/sk\/wp-json\/wp\/v2\/product_brand?post=22252"},{"taxonomy":"product_cat","embeddable":true,"href":"https:\/\/tremunpiercing.com\/sk\/wp-json\/wp\/v2\/product_cat?post=22252"},{"taxonomy":"product_tag","embeddable":true,"href":"https:\/\/tremunpiercing.com\/sk\/wp-json\/wp\/v2\/product_tag?post=22252"}],"curies":[{"name":"wp","href":"https:\/\/api.w.org\/{rel}","templated":true}]}}