{"id":22255,"date":"2025-09-23T21:00:52","date_gmt":"2025-09-23T20:00:52","guid":{"rendered":"https:\/\/tremunpiercing.com\/?post_type=product&#038;p=22255"},"modified":"2026-04-15T15:30:56","modified_gmt":"2026-04-15T14:30:56","slug":"prong-sw-ab","status":"publish","type":"product","link":"https:\/\/tremunpiercing.com\/sk\/product\/prong-sw-ab\/","title":{"rendered":"Hrot SW - AB"},"content":{"rendered":"<p>Up\u00fatajte svetlo a pozornos\u0165 svojich klientov pomocou n\u00e1\u0161ho \u0161t\u00edtku Prong SW AB. Je vyroben\u00fd z tit\u00e1nu implanta\u010dnej triedy (F-136) a je nevyhnutnou s\u00fa\u010das\u0165ou \u0161t\u00fadia. Osadenie so \u0161tyrmi hrotmi bezpe\u010dne dr\u017e\u00ed ohromuj\u00faci kubick\u00fd zirk\u00f3n Aurora Borealis, ktor\u00fd pri pohybe zachyt\u00e1va svetlo a vytv\u00e1ra d\u00fahov\u00fd ohe\u0148. Vn\u00fatorn\u00fd z\u00e1vit umo\u017e\u0148uje hladk\u00e9, nedr\u00e1\u017ediv\u00e9 uchytenie pre akt\u00edvne sa hojiace piercingy alebo nosenie na zahojen\u00fdch piercingoch.<\/p>\n<p>K dispoz\u00edcii je ve\u013ekos\u0165 tv\u00e1re od 3 mm do 6 mm a st\u013apik 16G. Dokonal\u00fd konverza\u010dn\u00fd k\u00fasok na nosn\u00e9 dierky, pery a \u010fal\u0161ie, z\u00e1sobte sa t\u00fdmto najpred\u00e1vanej\u0161\u00edm, vizu\u00e1lne pr\u00ed\u0165a\u017eliv\u00fdm \u0161perkom, aby si va\u0161i klienti mohli vychutna\u0165 skuto\u010dne \u00fa\u017easn\u00fa mo\u017enos\u0165, ktor\u00e1 je bezpe\u010dn\u00e1, hypoalerg\u00e9nna a zapad\u00e1 do konkuren\u010dnej \u017eivotaschopnosti v\u00e1\u0161ho \u0161t\u00fadia.<\/p>","protected":false},"excerpt":{"rendered":"<ul>\n<li>Vn\u00fatorn\u00e9 z\u00e1vity<\/li>\n<li>Materi\u00e1l: F-136<\/li>\n<li>Meradlo: 16G<\/li>\n<li>Ve\u013ekos\u0165: 3 mm - 4 mm - 5 mm - 6 mm<\/li>\n<li>Drahokam: Aurora Borealis Cubic Zirconia<\/li>\n<\/ul>","protected":false},"featured_media":22257,"comment_status":"closed","ping_status":"closed","template":"","meta":{"_acf_changed":false},"product_brand":[],"product_cat":[442,340,343],"product_tag":[187,179,180,188,209,189,210,211,212,190,183,184,207],"class_list":{"0":"post-22255","1":"product","2":"type-product","3":"status-publish","4":"has-post-thumbnail","6":"product_cat-sw","7":"product_cat-titanium-jewelry","8":"product_cat-tops-titanium-jewelry","9":"product_tag-conch","10":"product_tag-cristal","11":"product_tag-cz","12":"product_tag-ear","13":"product_tag-faux-rook","14":"product_tag-helix","15":"product_tag-labret","16":"product_tag-lip","17":"product_tag-medusa","18":"product_tag-oreja","19":"product_tag-perforacion","20":"product_tag-piercing","21":"product_tag-tragus","23":"first","24":"instock","25":"taxable","26":"shipping-taxable","27":"purchasable","28":"product-type-variable"},"acf":[],"gallery_images":[27402,27401],"_links":{"self":[{"href":"https:\/\/tremunpiercing.com\/sk\/wp-json\/wp\/v2\/product\/22255","targetHints":{"allow":["GET"]}}],"collection":[{"href":"https:\/\/tremunpiercing.com\/sk\/wp-json\/wp\/v2\/product"}],"about":[{"href":"https:\/\/tremunpiercing.com\/sk\/wp-json\/wp\/v2\/types\/product"}],"replies":[{"embeddable":true,"href":"https:\/\/tremunpiercing.com\/sk\/wp-json\/wp\/v2\/comments?post=22255"}],"version-history":[{"count":1,"href":"https:\/\/tremunpiercing.com\/sk\/wp-json\/wp\/v2\/product\/22255\/revisions"}],"predecessor-version":[{"id":27405,"href":"https:\/\/tremunpiercing.com\/sk\/wp-json\/wp\/v2\/product\/22255\/revisions\/27405"}],"wp:featuredmedia":[{"embeddable":true,"href":"https:\/\/tremunpiercing.com\/sk\/wp-json\/wp\/v2\/media\/22257"}],"wp:attachment":[{"href":"https:\/\/tremunpiercing.com\/sk\/wp-json\/wp\/v2\/media?parent=22255"}],"wp:term":[{"taxonomy":"product_brand","embeddable":true,"href":"https:\/\/tremunpiercing.com\/sk\/wp-json\/wp\/v2\/product_brand?post=22255"},{"taxonomy":"product_cat","embeddable":true,"href":"https:\/\/tremunpiercing.com\/sk\/wp-json\/wp\/v2\/product_cat?post=22255"},{"taxonomy":"product_tag","embeddable":true,"href":"https:\/\/tremunpiercing.com\/sk\/wp-json\/wp\/v2\/product_tag?post=22255"}],"curies":[{"name":"wp","href":"https:\/\/api.w.org\/{rel}","templated":true}]}}