{"id":22542,"date":"2025-10-03T21:11:18","date_gmt":"2025-10-03T20:11:18","guid":{"rendered":"https:\/\/tremunpiercing.com\/?post_type=product&#038;p=22542"},"modified":"2026-03-17T15:49:38","modified_gmt":"2026-03-17T14:49:38","slug":"akasha","status":"publish","type":"product","link":"https:\/\/tremunpiercing.com\/sk\/product\/akasha\/","title":{"rendered":"Akasha"},"content":{"rendered":"<p>\u0160perky Akasha sp\u00e1jaj\u00fa sofistikovan\u00fd minimalizmus s modern\u00fdm n\u00e1dychom. Je vyroben\u00fd z tit\u00e1nu implanta\u010dnej triedy F-136 a poskytuje maxim\u00e1lnu kompatibilitu s poko\u017ekou a pevnos\u0165. V\u010faka kon\u0161trukcii s vn\u00fatorn\u00fdm z\u00e1vitom 16G sa Akasha bezprobl\u00e9movo a pohodlne upev\u0148uje na ko\u017ei a z\u00e1rove\u0148 minimalizuje podr\u00e1\u017edenie spojen\u00e9 so zav\u00e1dzan\u00edm z\u00e1vitu.<\/p>\n<p>Pr\u00edjemne jemn\u00fd lesk rob\u00ed z tohto k\u00fasku jednoduch\u00fd doplnok k ak\u00e9muko\u013evek luxusn\u00e9mu piercingu vr\u00e1tane piercingu do tragu, laloku, \u0161pir\u00e1ly alebo prednej \u0161pir\u00e1ly. Akasha je ide\u00e1lna pre profesion\u00e1lnych piercerov a majite\u013eov \u0161t\u00fadi\u00ed, ktor\u00ed sa zameriavaj\u00fa na \u010dist\u00fa estetiku a najvy\u0161\u0161iu kvalitu. Nad\u010dasov\u00e1 sofistikovanos\u0165 je pr\u00edkladom spolo\u010dnosti Akasha, ke\u010f\u017ee v\u00e4\u010d\u0161ina kolekci\u00ed \u0161perkov zd\u00f4raz\u0148uje pokoj a \u010distotu. Tit\u00e1nov\u00e1 povrchov\u00e1 \u00faprava Akasha poskytuje le\u0161ten\u00fd vzh\u013ead a modern\u00fa hravos\u0165, v\u010faka \u010domu je ide\u00e1lna na ka\u017edodenn\u00fd a kur\u00e1torsk\u00fd styling u\u0161\u00ed.<\/p>","protected":false},"excerpt":{"rendered":"<ul>\n<li>Vn\u00fatorn\u00e9 z\u00e1vity<\/li>\n<li>Materi\u00e1l: F-136<\/li>\n<li>Meradlo: 16G<\/li>\n<li>Ve\u013ekos\u0165: 8 mm x 7 mm<\/li>\n<\/ul>","protected":false},"featured_media":22582,"comment_status":"closed","ping_status":"closed","template":"","meta":{"_acf_changed":false},"product_brand":[],"product_cat":[340,343],"product_tag":[187,188,209,189,205,206,190,183,184,207],"class_list":{"0":"post-22542","1":"product","2":"type-product","3":"status-publish","4":"has-post-thumbnail","6":"product_cat-titanium-jewelry","7":"product_cat-tops-titanium-jewelry","8":"product_tag-conch","9":"product_tag-ear","10":"product_tag-faux-rook","11":"product_tag-helix","12":"product_tag-lobe","13":"product_tag-lobulo","14":"product_tag-oreja","15":"product_tag-perforacion","16":"product_tag-piercing","17":"product_tag-tragus","19":"first","20":"instock","21":"taxable","22":"shipping-taxable","23":"purchasable","24":"product-type-simple"},"acf":[],"gallery_images":[27336,27335],"_links":{"self":[{"href":"https:\/\/tremunpiercing.com\/sk\/wp-json\/wp\/v2\/product\/22542","targetHints":{"allow":["GET"]}}],"collection":[{"href":"https:\/\/tremunpiercing.com\/sk\/wp-json\/wp\/v2\/product"}],"about":[{"href":"https:\/\/tremunpiercing.com\/sk\/wp-json\/wp\/v2\/types\/product"}],"replies":[{"embeddable":true,"href":"https:\/\/tremunpiercing.com\/sk\/wp-json\/wp\/v2\/comments?post=22542"}],"version-history":[{"count":1,"href":"https:\/\/tremunpiercing.com\/sk\/wp-json\/wp\/v2\/product\/22542\/revisions"}],"predecessor-version":[{"id":27337,"href":"https:\/\/tremunpiercing.com\/sk\/wp-json\/wp\/v2\/product\/22542\/revisions\/27337"}],"wp:featuredmedia":[{"embeddable":true,"href":"https:\/\/tremunpiercing.com\/sk\/wp-json\/wp\/v2\/media\/22582"}],"wp:attachment":[{"href":"https:\/\/tremunpiercing.com\/sk\/wp-json\/wp\/v2\/media?parent=22542"}],"wp:term":[{"taxonomy":"product_brand","embeddable":true,"href":"https:\/\/tremunpiercing.com\/sk\/wp-json\/wp\/v2\/product_brand?post=22542"},{"taxonomy":"product_cat","embeddable":true,"href":"https:\/\/tremunpiercing.com\/sk\/wp-json\/wp\/v2\/product_cat?post=22542"},{"taxonomy":"product_tag","embeddable":true,"href":"https:\/\/tremunpiercing.com\/sk\/wp-json\/wp\/v2\/product_tag?post=22542"}],"curies":[{"name":"wp","href":"https:\/\/api.w.org\/{rel}","templated":true}]}}