{"id":22550,"date":"2025-10-03T21:29:16","date_gmt":"2025-10-03T20:29:16","guid":{"rendered":"https:\/\/tremunpiercing.com\/?post_type=product&#038;p=22550"},"modified":"2026-03-31T14:29:22","modified_gmt":"2026-03-31T13:29:22","slug":"gamma-black-onyx","status":"publish","type":"product","link":"https:\/\/tremunpiercing.com\/sk\/product\/gamma-black-onyx\/","title":{"rendered":"Gamma - \u010cierny \u00f3nyx"},"content":{"rendered":"<p>Vrchn\u00e1 \u010das\u0165 Gamma-Black Onyx je odv\u00e1\u017eny a nad\u010dasov\u00fd k\u00fasok, ktor\u00fd m\u00e1 \u010dist\u00fd, profesion\u00e1lny vzh\u013ead. Tento top vyroben\u00fd z tit\u00e1nu F-136 implant\u00e1tovej kvality a s vn\u00fatorn\u00fdm z\u00e1vitom 16G je bezpe\u010dn\u00fd, odoln\u00fd vo\u010di kor\u00f3zii a ur\u010den\u00fd na ka\u017edodenn\u00e9 nosenie. Hlbok\u00fd \u010dierny kame\u0148 z onyxu vy\u017earuje silu a sebavedomie a je ide\u00e1lnou vo\u013ebou pre piercing do ucha, konchu alebo ploch\u00fd piercing. Ide\u00e1lny k\u00fasok pre piercingov\u00fdch umelcov, ktor\u00ed chc\u00fa minimalistick\u00fd top s drah\u00fdm kame\u0148om, ktor\u00fd sa hod\u00ed ku v\u0161etk\u00fdm \u0161t\u00fdlom a aran\u017em\u00e1nom \u0161perkov.<\/p>","protected":false},"excerpt":{"rendered":"<ul>\n<li>Vn\u00fatorn\u00e9 z\u00e1vity<\/li>\n<li>Materi\u00e1l: F-136<\/li>\n<li>Meradlo: 16G<\/li>\n<li>Drahokam: \u010cierny onyx<\/li>\n<li>Ve\u013ekos\u0165: 6 mm<\/li>\n<\/ul>","protected":false},"featured_media":22585,"comment_status":"closed","ping_status":"closed","template":"","meta":{"_acf_changed":false},"product_brand":[],"product_cat":[340,343],"product_tag":[187,188,209,189,205,206,190,183,184,207],"class_list":{"0":"post-22550","1":"product","2":"type-product","3":"status-publish","4":"has-post-thumbnail","6":"product_cat-titanium-jewelry","7":"product_cat-tops-titanium-jewelry","8":"product_tag-conch","9":"product_tag-ear","10":"product_tag-faux-rook","11":"product_tag-helix","12":"product_tag-lobe","13":"product_tag-lobulo","14":"product_tag-oreja","15":"product_tag-perforacion","16":"product_tag-piercing","17":"product_tag-tragus","19":"first","20":"instock","21":"taxable","22":"shipping-taxable","23":"purchasable","24":"product-type-simple"},"acf":[],"gallery_images":[27341,27342],"_links":{"self":[{"href":"https:\/\/tremunpiercing.com\/sk\/wp-json\/wp\/v2\/product\/22550","targetHints":{"allow":["GET"]}}],"collection":[{"href":"https:\/\/tremunpiercing.com\/sk\/wp-json\/wp\/v2\/product"}],"about":[{"href":"https:\/\/tremunpiercing.com\/sk\/wp-json\/wp\/v2\/types\/product"}],"replies":[{"embeddable":true,"href":"https:\/\/tremunpiercing.com\/sk\/wp-json\/wp\/v2\/comments?post=22550"}],"version-history":[{"count":1,"href":"https:\/\/tremunpiercing.com\/sk\/wp-json\/wp\/v2\/product\/22550\/revisions"}],"predecessor-version":[{"id":27343,"href":"https:\/\/tremunpiercing.com\/sk\/wp-json\/wp\/v2\/product\/22550\/revisions\/27343"}],"wp:featuredmedia":[{"embeddable":true,"href":"https:\/\/tremunpiercing.com\/sk\/wp-json\/wp\/v2\/media\/22585"}],"wp:attachment":[{"href":"https:\/\/tremunpiercing.com\/sk\/wp-json\/wp\/v2\/media?parent=22550"}],"wp:term":[{"taxonomy":"product_brand","embeddable":true,"href":"https:\/\/tremunpiercing.com\/sk\/wp-json\/wp\/v2\/product_brand?post=22550"},{"taxonomy":"product_cat","embeddable":true,"href":"https:\/\/tremunpiercing.com\/sk\/wp-json\/wp\/v2\/product_cat?post=22550"},{"taxonomy":"product_tag","embeddable":true,"href":"https:\/\/tremunpiercing.com\/sk\/wp-json\/wp\/v2\/product_tag?post=22550"}],"curies":[{"name":"wp","href":"https:\/\/api.w.org\/{rel}","templated":true}]}}