{"id":22555,"date":"2025-10-03T21:32:40","date_gmt":"2025-10-03T20:32:40","guid":{"rendered":"https:\/\/tremunpiercing.com\/?post_type=product&#038;p=22555"},"modified":"2026-03-17T15:32:24","modified_gmt":"2026-03-17T14:32:24","slug":"gamma-moss-agate","status":"publish","type":"product","link":"https:\/\/tremunpiercing.com\/sk\/product\/gamma-moss-agate\/","title":{"rendered":"Gamma - Machov\u00fd ach\u00e1t"},"content":{"rendered":"<p>Ach\u00e1t Gamma Moss je ur\u010den\u00fd pre milovn\u00edkov outdoorov\u00fdch aktiv\u00edt a t\u00fdch, ktor\u00ed oce\u0148uj\u00fa zemit\u00e9 t\u00f3ny. Vrchn\u00e1k je vyroben\u00fd z tit\u00e1nu implant\u00e1tovej triedy F-163, m\u00e1 vn\u00fatorn\u00fd z\u00e1vit a je 16G. Obsahuje skuto\u010dn\u00fd kame\u0148 Moss Agate s organick\u00fdmi zelen\u00fdmi vzormi. Mo\u017eno ho nosi\u0165 v uchu, tragu alebo plochom piercingu a dod\u00e1 kr\u00e1su a eleganciu ka\u017edej zbierke. Piercerov pote\u0161\u00ed, \u017ee je skuto\u010dne vhodn\u00fd a nereakt\u00edvny a ve\u013emi pohodln\u00fd k\u00fasok, pri\u010dom v\u00e1m umo\u017en\u00ed nosi\u0165 prirodzen\u00fd doplnok v\u00e1\u0161ho \u0161t\u00fdlu, ktor\u00fd bude nad\u010dasov\u00fd.<\/p>","protected":false},"excerpt":{"rendered":"<ul>\n<li>Vn\u00fatorn\u00e9 z\u00e1vity<\/li>\n<li>Materi\u00e1l: F-136<\/li>\n<li>Meradlo: 16G<\/li>\n<li>Drahokam: Machov\u00fd ach\u00e1t<\/li>\n<li>Ve\u013ekos\u0165: 6 mm<\/li>\n<\/ul>","protected":false},"featured_media":22587,"comment_status":"closed","ping_status":"closed","template":"","meta":{"_acf_changed":false},"product_brand":[],"product_cat":[340,343],"product_tag":[187,188,209,189,205,206,190,183,184,207],"class_list":{"0":"post-22555","1":"product","2":"type-product","3":"status-publish","4":"has-post-thumbnail","6":"product_cat-titanium-jewelry","7":"product_cat-tops-titanium-jewelry","8":"product_tag-conch","9":"product_tag-ear","10":"product_tag-faux-rook","11":"product_tag-helix","12":"product_tag-lobe","13":"product_tag-lobulo","14":"product_tag-oreja","15":"product_tag-perforacion","16":"product_tag-piercing","17":"product_tag-tragus","19":"first","20":"instock","21":"taxable","22":"shipping-taxable","23":"purchasable","24":"product-type-simple"},"acf":[],"gallery_images":[27333,27332],"_links":{"self":[{"href":"https:\/\/tremunpiercing.com\/sk\/wp-json\/wp\/v2\/product\/22555","targetHints":{"allow":["GET"]}}],"collection":[{"href":"https:\/\/tremunpiercing.com\/sk\/wp-json\/wp\/v2\/product"}],"about":[{"href":"https:\/\/tremunpiercing.com\/sk\/wp-json\/wp\/v2\/types\/product"}],"replies":[{"embeddable":true,"href":"https:\/\/tremunpiercing.com\/sk\/wp-json\/wp\/v2\/comments?post=22555"}],"version-history":[{"count":1,"href":"https:\/\/tremunpiercing.com\/sk\/wp-json\/wp\/v2\/product\/22555\/revisions"}],"predecessor-version":[{"id":27334,"href":"https:\/\/tremunpiercing.com\/sk\/wp-json\/wp\/v2\/product\/22555\/revisions\/27334"}],"wp:featuredmedia":[{"embeddable":true,"href":"https:\/\/tremunpiercing.com\/sk\/wp-json\/wp\/v2\/media\/22587"}],"wp:attachment":[{"href":"https:\/\/tremunpiercing.com\/sk\/wp-json\/wp\/v2\/media?parent=22555"}],"wp:term":[{"taxonomy":"product_brand","embeddable":true,"href":"https:\/\/tremunpiercing.com\/sk\/wp-json\/wp\/v2\/product_brand?post=22555"},{"taxonomy":"product_cat","embeddable":true,"href":"https:\/\/tremunpiercing.com\/sk\/wp-json\/wp\/v2\/product_cat?post=22555"},{"taxonomy":"product_tag","embeddable":true,"href":"https:\/\/tremunpiercing.com\/sk\/wp-json\/wp\/v2\/product_tag?post=22555"}],"curies":[{"name":"wp","href":"https:\/\/api.w.org\/{rel}","templated":true}]}}