{"id":22558,"date":"2025-10-03T21:33:56","date_gmt":"2025-10-03T20:33:56","guid":{"rendered":"https:\/\/tremunpiercing.com\/?post_type=product&#038;p=22558"},"modified":"2026-04-15T15:30:31","modified_gmt":"2026-04-15T14:30:31","slug":"crystal-web","status":"publish","type":"product","link":"https:\/\/tremunpiercing.com\/sk\/product\/crystal-web\/","title":{"rendered":"Kri\u0161t\u00e1\u013eov\u00fd web"},"content":{"rendered":"<p>Kri\u0161t\u00e1\u013eov\u00e1 pavu\u010dina sp\u00e1ja umeleck\u00fa a remeseln\u00fa zru\u010dnos\u0165 v jednom v\u00fdnimo\u010dnom v\u00fdrobku. Tento tit\u00e1nov\u00fd top s vn\u00fatorn\u00fdm z\u00e1vitom 16G m\u00e1 \u00e9terick\u00fd dizajn pavu\u010diny so \u017eiariv\u00fdm centr\u00e1lnym kame\u0148om zo zirk\u00f3nu, ktor\u00fd n\u00e1dherne l\u00e1me svetlo. \u0160perk je vyroben\u00fd z tit\u00e1nu implant\u00e1tovej triedy F-136, mo\u017eno ho bezpe\u010dne nosi\u0165 na v\u0161etk\u00fdch typoch poko\u017eky a je vhodn\u00fd na piercing do \u0161pir\u00e1ly, konchy alebo tragu. Crystal Web bol navrhnut\u00fd pre piercingov\u00e9 \u0161t\u00fadi\u00e1 a predajcov, ktor\u00ed chc\u00fa exkluz\u00edvne a jedine\u010dn\u00e9, luxusn\u00e9 \u0161perky. Crystal Web prin\u00e1\u0161a eleganciu s trochou gotick\u00e9ho n\u00e1dychu.<\/p>","protected":false},"excerpt":{"rendered":"<ul>\n<li>Vn\u00fatorn\u00e9 z\u00e1vity<\/li>\n<li>Materi\u00e1l: F-136<\/li>\n<li>Meradlo: 16G<\/li>\n<li>Drahokam: Kubick\u00fd zirk\u00f3n<\/li>\n<li>Ve\u013ekos\u0165: 5,3 mm x 8,4 mm<\/li>\n<\/ul>","protected":false},"featured_media":22588,"comment_status":"closed","ping_status":"closed","template":"","meta":{"_acf_changed":false},"product_brand":[],"product_cat":[340,343],"product_tag":[187,188,209,189,205,206,190,183,184,207],"class_list":{"0":"post-22558","1":"product","2":"type-product","3":"status-publish","4":"has-post-thumbnail","6":"product_cat-titanium-jewelry","7":"product_cat-tops-titanium-jewelry","8":"product_tag-conch","9":"product_tag-ear","10":"product_tag-faux-rook","11":"product_tag-helix","12":"product_tag-lobe","13":"product_tag-lobulo","14":"product_tag-oreja","15":"product_tag-perforacion","16":"product_tag-piercing","17":"product_tag-tragus","19":"first","20":"instock","21":"taxable","22":"shipping-taxable","23":"purchasable","24":"product-type-simple"},"acf":[],"gallery_images":[27307,27308],"_links":{"self":[{"href":"https:\/\/tremunpiercing.com\/sk\/wp-json\/wp\/v2\/product\/22558","targetHints":{"allow":["GET"]}}],"collection":[{"href":"https:\/\/tremunpiercing.com\/sk\/wp-json\/wp\/v2\/product"}],"about":[{"href":"https:\/\/tremunpiercing.com\/sk\/wp-json\/wp\/v2\/types\/product"}],"replies":[{"embeddable":true,"href":"https:\/\/tremunpiercing.com\/sk\/wp-json\/wp\/v2\/comments?post=22558"}],"version-history":[{"count":1,"href":"https:\/\/tremunpiercing.com\/sk\/wp-json\/wp\/v2\/product\/22558\/revisions"}],"predecessor-version":[{"id":27310,"href":"https:\/\/tremunpiercing.com\/sk\/wp-json\/wp\/v2\/product\/22558\/revisions\/27310"}],"wp:featuredmedia":[{"embeddable":true,"href":"https:\/\/tremunpiercing.com\/sk\/wp-json\/wp\/v2\/media\/22588"}],"wp:attachment":[{"href":"https:\/\/tremunpiercing.com\/sk\/wp-json\/wp\/v2\/media?parent=22558"}],"wp:term":[{"taxonomy":"product_brand","embeddable":true,"href":"https:\/\/tremunpiercing.com\/sk\/wp-json\/wp\/v2\/product_brand?post=22558"},{"taxonomy":"product_cat","embeddable":true,"href":"https:\/\/tremunpiercing.com\/sk\/wp-json\/wp\/v2\/product_cat?post=22558"},{"taxonomy":"product_tag","embeddable":true,"href":"https:\/\/tremunpiercing.com\/sk\/wp-json\/wp\/v2\/product_tag?post=22558"}],"curies":[{"name":"wp","href":"https:\/\/api.w.org\/{rel}","templated":true}]}}