{"id":22560,"date":"2025-10-03T21:36:45","date_gmt":"2025-10-03T20:36:45","guid":{"rendered":"https:\/\/tremunpiercing.com\/?post_type=product&#038;p=22560"},"modified":"2026-03-17T14:41:52","modified_gmt":"2026-03-17T13:41:52","slug":"witchflight","status":"publish","type":"product","link":"https:\/\/tremunpiercing.com\/sk\/product\/witchflight\/","title":{"rendered":"Witchflight"},"content":{"rendered":"<p>\u0160perky Witchflight top steles\u0148uj\u00fa elegantn\u00fa temnotu pre piercingov\u00e9 \u0161perky, ktor\u00e9 h\u013eadaj\u00fa v\u00fdrazn\u00e9 \u0161perky. Je vyroben\u00fd z tit\u00e1nu implant\u00e1tovej kvality (F-136, vn\u00fatorn\u00fd z\u00e1vit 16G) a predstavuje prec\u00edzny doplnok, ktor\u00fd je bezpe\u010dn\u00fd a pohodln\u00fd. Tento ohromuj\u00faci dizajn netopierieho kr\u00eddla bude evokova\u0165 silu a pohyb, v\u010faka \u010domu je ide\u00e1lny pre v\u00e1\u0161 kur\u00e1torsk\u00fd piercing do ucha alebo \u0161pir\u00e1ly. Ide\u00e1lny pre \u0161t\u00fadi\u00e1, ktor\u00e9 chc\u00fa jedine\u010dn\u00fd \u0161perk v gotickom \u0161t\u00fdle, ktor\u00fd je bezpe\u010dn\u00fd pre citliv\u00fa poko\u017eku a vyroben\u00fd na roky nosenia.<\/p>","protected":false},"excerpt":{"rendered":"<ul>\n<li>Vn\u00fatorn\u00e9 z\u00e1vity<\/li>\n<li>Materi\u00e1l: F-136<\/li>\n<li>Meradlo: 16G<\/li>\n<li>Ve\u013ekos\u0165: 3 mm x 10 mm<\/li>\n<\/ul>","protected":false},"featured_media":22665,"comment_status":"closed","ping_status":"closed","template":"","meta":{"_acf_changed":false},"product_brand":[],"product_cat":[340,343],"product_tag":[187,188,209,189,205,206,190,183,184,207],"class_list":{"0":"post-22560","1":"product","2":"type-product","3":"status-publish","4":"has-post-thumbnail","6":"product_cat-titanium-jewelry","7":"product_cat-tops-titanium-jewelry","8":"product_tag-conch","9":"product_tag-ear","10":"product_tag-faux-rook","11":"product_tag-helix","12":"product_tag-lobe","13":"product_tag-lobulo","14":"product_tag-oreja","15":"product_tag-perforacion","16":"product_tag-piercing","17":"product_tag-tragus","19":"first","20":"instock","21":"taxable","22":"shipping-taxable","23":"purchasable","24":"product-type-simple"},"acf":[],"gallery_images":[27306,27305],"_links":{"self":[{"href":"https:\/\/tremunpiercing.com\/sk\/wp-json\/wp\/v2\/product\/22560","targetHints":{"allow":["GET"]}}],"collection":[{"href":"https:\/\/tremunpiercing.com\/sk\/wp-json\/wp\/v2\/product"}],"about":[{"href":"https:\/\/tremunpiercing.com\/sk\/wp-json\/wp\/v2\/types\/product"}],"replies":[{"embeddable":true,"href":"https:\/\/tremunpiercing.com\/sk\/wp-json\/wp\/v2\/comments?post=22560"}],"version-history":[{"count":1,"href":"https:\/\/tremunpiercing.com\/sk\/wp-json\/wp\/v2\/product\/22560\/revisions"}],"predecessor-version":[{"id":27309,"href":"https:\/\/tremunpiercing.com\/sk\/wp-json\/wp\/v2\/product\/22560\/revisions\/27309"}],"wp:featuredmedia":[{"embeddable":true,"href":"https:\/\/tremunpiercing.com\/sk\/wp-json\/wp\/v2\/media\/22665"}],"wp:attachment":[{"href":"https:\/\/tremunpiercing.com\/sk\/wp-json\/wp\/v2\/media?parent=22560"}],"wp:term":[{"taxonomy":"product_brand","embeddable":true,"href":"https:\/\/tremunpiercing.com\/sk\/wp-json\/wp\/v2\/product_brand?post=22560"},{"taxonomy":"product_cat","embeddable":true,"href":"https:\/\/tremunpiercing.com\/sk\/wp-json\/wp\/v2\/product_cat?post=22560"},{"taxonomy":"product_tag","embeddable":true,"href":"https:\/\/tremunpiercing.com\/sk\/wp-json\/wp\/v2\/product_tag?post=22560"}],"curies":[{"name":"wp","href":"https:\/\/api.w.org\/{rel}","templated":true}]}}