{"id":22562,"date":"2025-10-03T21:56:46","date_gmt":"2025-10-03T20:56:46","guid":{"rendered":"https:\/\/tremunpiercing.com\/?post_type=product&#038;p=22562"},"modified":"2026-04-15T15:30:31","modified_gmt":"2026-04-15T14:30:31","slug":"arcane-hat","status":"publish","type":"product","link":"https:\/\/tremunpiercing.com\/sk\/product\/arcane-hat\/","title":{"rendered":"Obl\u00fakov\u00fd klob\u00fak"},"content":{"rendered":"<p>Tit\u00e1nov\u00fd klob\u00fak Arcane Hat je in\u0161pirovan\u00fd mystickou energiou a pon\u00faka profesion\u00e1lnym \u0161perkom na telo fantazijn\u00fd \u0161arm \u010darodejn\u00edckeho klob\u00faka. Tit\u00e1n impant triedy F-136, s vn\u00fatorn\u00fdm z\u00e1vitom 16G. Biokompatibiln\u00fd a bezpe\u010dn\u00fd na dlhodob\u00e9 nosenie, odtokov\u00fd vrchol kreat\u00edvneho a minimalistick\u00e9ho dizajnov\u00e9ho \u0161t\u00fdlu dop\u013a\u0148a \u010fal\u0161ie k\u00fasky in\u0161pirovan\u00e9 Halloweenom alebo fantasy. Je vhodn\u00fd na prepichnutie ucha, tragu alebo ploch\u00e9ho piercingu, \u010d\u00edm poskytuje mo\u017enos\u0165 pre klienta, ktor\u00fd chce ma\u0165 vo svojej zostave nie\u010do jedine\u010dn\u00e9 a magick\u00e9.<\/p>","protected":false},"excerpt":{"rendered":"<ul>\n<li>Vn\u00fatorn\u00e9 z\u00e1vity<\/li>\n<li>Materi\u00e1l: F-136<\/li>\n<li>Meradlo: 16G<\/li>\n<li>Ve\u013ekos\u0165: 7 mm x 7 mm<\/li>\n<\/ul>","protected":false},"featured_media":22589,"comment_status":"closed","ping_status":"closed","template":"","meta":{"_acf_changed":false},"product_brand":[],"product_cat":[340,343],"product_tag":[187,188,209,189,205,206,190,183,184,207],"class_list":{"0":"post-22562","1":"product","2":"type-product","3":"status-publish","4":"has-post-thumbnail","6":"product_cat-titanium-jewelry","7":"product_cat-tops-titanium-jewelry","8":"product_tag-conch","9":"product_tag-ear","10":"product_tag-faux-rook","11":"product_tag-helix","12":"product_tag-lobe","13":"product_tag-lobulo","14":"product_tag-oreja","15":"product_tag-perforacion","16":"product_tag-piercing","17":"product_tag-tragus","19":"first","20":"instock","21":"taxable","22":"shipping-taxable","23":"purchasable","24":"product-type-simple"},"acf":[],"gallery_images":[27302,27303],"_links":{"self":[{"href":"https:\/\/tremunpiercing.com\/sk\/wp-json\/wp\/v2\/product\/22562","targetHints":{"allow":["GET"]}}],"collection":[{"href":"https:\/\/tremunpiercing.com\/sk\/wp-json\/wp\/v2\/product"}],"about":[{"href":"https:\/\/tremunpiercing.com\/sk\/wp-json\/wp\/v2\/types\/product"}],"replies":[{"embeddable":true,"href":"https:\/\/tremunpiercing.com\/sk\/wp-json\/wp\/v2\/comments?post=22562"}],"version-history":[{"count":1,"href":"https:\/\/tremunpiercing.com\/sk\/wp-json\/wp\/v2\/product\/22562\/revisions"}],"predecessor-version":[{"id":27304,"href":"https:\/\/tremunpiercing.com\/sk\/wp-json\/wp\/v2\/product\/22562\/revisions\/27304"}],"wp:featuredmedia":[{"embeddable":true,"href":"https:\/\/tremunpiercing.com\/sk\/wp-json\/wp\/v2\/media\/22589"}],"wp:attachment":[{"href":"https:\/\/tremunpiercing.com\/sk\/wp-json\/wp\/v2\/media?parent=22562"}],"wp:term":[{"taxonomy":"product_brand","embeddable":true,"href":"https:\/\/tremunpiercing.com\/sk\/wp-json\/wp\/v2\/product_brand?post=22562"},{"taxonomy":"product_cat","embeddable":true,"href":"https:\/\/tremunpiercing.com\/sk\/wp-json\/wp\/v2\/product_cat?post=22562"},{"taxonomy":"product_tag","embeddable":true,"href":"https:\/\/tremunpiercing.com\/sk\/wp-json\/wp\/v2\/product_tag?post=22562"}],"curies":[{"name":"wp","href":"https:\/\/api.w.org\/{rel}","templated":true}]}}