{"id":22564,"date":"2025-10-03T21:59:08","date_gmt":"2025-10-03T20:59:08","guid":{"rendered":"https:\/\/tremunpiercing.com\/?post_type=product&#038;p=22564"},"modified":"2026-04-15T15:30:31","modified_gmt":"2026-04-15T14:30:31","slug":"shadow-web","status":"publish","type":"product","link":"https:\/\/tremunpiercing.com\/sk\/product\/shadow-web\/","title":{"rendered":"Tie\u0148ov\u00fd web"},"content":{"rendered":"<p>Tie\u0148ov\u00e1 sie\u0165 je n\u00e1dhern\u00fd predmet pre v\u0161etk\u00fdch milovn\u00edkov gotiky s modern\u00fdm n\u00e1dychom! Tento zvr\u0161ok s vn\u00fatorn\u00fdm z\u00e1vitom 16G, vyroben\u00fd z implant\u00e1tovej triedy tit\u00e1nu F-136, pon\u00faka zlo\u017eit\u00fd pavu\u010dinov\u00fd vzor s trblietav\u00fdm zirk\u00f3nov\u00fdm stredom. Pohodlie a odolnos\u0165 s\u00fa zaru\u010den\u00e9 v\u010faka ve\u013emi \u013eahk\u00e9mu materi\u00e1lu, ktor\u00fd si zachov\u00e1 svoj lesk pri ka\u017edodennom nosen\u00ed pre ak\u00fdko\u013evek piercing do chrupavky, konchy alebo \u0161pir\u00e1ly. T\u00e1to polo\u017eka je ide\u00e1lna pre profesion\u00e1lnych piercingov\u00fdch umelcov alebo obchody, ktor\u00e9 chc\u00fa pon\u00faknu\u0165 pr\u00e9miov\u00fd v\u00fdrazn\u00fd k\u00fasok do svojho invent\u00e1ra \u0161perkov. Shadow Web je tou n\u00e1dhernou rovnov\u00e1hou tajomnosti a rafinovanosti.<\/p>","protected":false},"excerpt":{"rendered":"<ul>\n<li>Vn\u00fatorn\u00e9 z\u00e1vity<\/li>\n<li>Materi\u00e1l: F-136<\/li>\n<li>Meradlo: 16G<\/li>\n<li>Drahokam: Kubick\u00fd zirk\u00f3n<\/li>\n<li>Ve\u013ekos\u0165: 8,5 mm<\/li>\n<\/ul>","protected":false},"featured_media":22620,"comment_status":"closed","ping_status":"closed","template":"","meta":{"_acf_changed":false},"product_brand":[],"product_cat":[340,343],"product_tag":[187,188,209,189,205,206,190,183,184,207],"class_list":{"0":"post-22564","1":"product","2":"type-product","3":"status-publish","4":"has-post-thumbnail","6":"product_cat-titanium-jewelry","7":"product_cat-tops-titanium-jewelry","8":"product_tag-conch","9":"product_tag-ear","10":"product_tag-faux-rook","11":"product_tag-helix","12":"product_tag-lobe","13":"product_tag-lobulo","14":"product_tag-oreja","15":"product_tag-perforacion","16":"product_tag-piercing","17":"product_tag-tragus","19":"first","20":"instock","21":"taxable","22":"shipping-taxable","23":"purchasable","24":"product-type-simple"},"acf":[],"gallery_images":[27296,27297],"_links":{"self":[{"href":"https:\/\/tremunpiercing.com\/sk\/wp-json\/wp\/v2\/product\/22564","targetHints":{"allow":["GET"]}}],"collection":[{"href":"https:\/\/tremunpiercing.com\/sk\/wp-json\/wp\/v2\/product"}],"about":[{"href":"https:\/\/tremunpiercing.com\/sk\/wp-json\/wp\/v2\/types\/product"}],"replies":[{"embeddable":true,"href":"https:\/\/tremunpiercing.com\/sk\/wp-json\/wp\/v2\/comments?post=22564"}],"version-history":[{"count":2,"href":"https:\/\/tremunpiercing.com\/sk\/wp-json\/wp\/v2\/product\/22564\/revisions"}],"predecessor-version":[{"id":27300,"href":"https:\/\/tremunpiercing.com\/sk\/wp-json\/wp\/v2\/product\/22564\/revisions\/27300"}],"wp:featuredmedia":[{"embeddable":true,"href":"https:\/\/tremunpiercing.com\/sk\/wp-json\/wp\/v2\/media\/22620"}],"wp:attachment":[{"href":"https:\/\/tremunpiercing.com\/sk\/wp-json\/wp\/v2\/media?parent=22564"}],"wp:term":[{"taxonomy":"product_brand","embeddable":true,"href":"https:\/\/tremunpiercing.com\/sk\/wp-json\/wp\/v2\/product_brand?post=22564"},{"taxonomy":"product_cat","embeddable":true,"href":"https:\/\/tremunpiercing.com\/sk\/wp-json\/wp\/v2\/product_cat?post=22564"},{"taxonomy":"product_tag","embeddable":true,"href":"https:\/\/tremunpiercing.com\/sk\/wp-json\/wp\/v2\/product_tag?post=22564"}],"curies":[{"name":"wp","href":"https:\/\/api.w.org\/{rel}","templated":true}]}}