{"id":22566,"date":"2025-10-03T22:01:06","date_gmt":"2025-10-03T21:01:06","guid":{"rendered":"https:\/\/tremunpiercing.com\/?post_type=product&#038;p=22566"},"modified":"2026-04-14T13:44:25","modified_gmt":"2026-04-14T12:44:25","slug":"coffin-strawberry-quartz","status":"publish","type":"product","link":"https:\/\/tremunpiercing.com\/sk\/product\/coffin-strawberry-quartz\/","title":{"rendered":"Rakva - jahodov\u00fd kreme\u0148"},"content":{"rendered":"<p>Vrchn\u00e1k Coffin - Strawberry Quartz, navrhnut\u00fd pre t\u00fdch, ktor\u00ed oce\u0148uj\u00fa detaily a symboliku, predstavuje drahokam v tvare rakvy, ktor\u00fd \u017eiari jemn\u00fdmi ru\u017eov\u00fdmi odtie\u0148mi. Je vyroben\u00fd z tit\u00e1nu implant\u00e1tovej kvality (F-136) a s vn\u00fatorn\u00fdm z\u00e1vitom s kol\u00edkom 16G, tak\u017ee pon\u00faka bezpe\u010dn\u00e9 a pohodln\u00e9 nosenie vhodn\u00e9 pre zahojen\u00e9 piercingy v u\u0161iach, \u0161pir\u00e1lov\u00e9 piercingy a ploch\u00e9 piercingy.<\/p>\n<p>Dotyk jahodov\u00e9ho kreme\u0148a dod\u00e1va teplo a pocit pokoja a \u0161perk vytv\u00e1ra jedine\u010dn\u00fd a kr\u00e1sny povrch pre ka\u017ed\u00e9ho znalca \u0161perkov z drah\u00fdch kame\u0148ov. Tento \u0161perk v sebe sp\u00e1ja hranat\u00fd vzh\u013ead s vynikaj\u00facou biokompatibilitou, v\u010faka \u010domu sa skvele hod\u00ed pre piercerov a \u0161t\u00fadi\u00e1, ktor\u00e9 chc\u00fa poskytn\u00fa\u0165 vysokokvalitn\u00e9 materi\u00e1ly bez obsahu niklu, ktor\u00e9 vydr\u017eia sk\u00fa\u0161ku \u010dasom.<\/p>","protected":false},"excerpt":{"rendered":"<ul>\n<li>Vn\u00fatorn\u00e9 z\u00e1vity<\/li>\n<li>Materi\u00e1l: F-136<\/li>\n<li>Meradlo: 16G<\/li>\n<li>Drahokam: Jahodov\u00fd kreme\u0148<\/li>\n<li>Ve\u013ekos\u0165: 3 mm x 6 mm<\/li>\n<\/ul>","protected":false},"featured_media":22593,"comment_status":"closed","ping_status":"closed","template":"","meta":{"_acf_changed":false},"product_brand":[],"product_cat":[340,343],"product_tag":[187,179,180,188,209,189,210,211,212,190,183,184,207],"class_list":{"0":"post-22566","1":"product","2":"type-product","3":"status-publish","4":"has-post-thumbnail","6":"product_cat-titanium-jewelry","7":"product_cat-tops-titanium-jewelry","8":"product_tag-conch","9":"product_tag-cristal","10":"product_tag-cz","11":"product_tag-ear","12":"product_tag-faux-rook","13":"product_tag-helix","14":"product_tag-labret","15":"product_tag-lip","16":"product_tag-medusa","17":"product_tag-oreja","18":"product_tag-perforacion","19":"product_tag-piercing","20":"product_tag-tragus","22":"first","23":"instock","24":"taxable","25":"shipping-taxable","26":"purchasable","27":"product-type-simple"},"acf":[],"gallery_images":[27319,27318],"_links":{"self":[{"href":"https:\/\/tremunpiercing.com\/sk\/wp-json\/wp\/v2\/product\/22566","targetHints":{"allow":["GET"]}}],"collection":[{"href":"https:\/\/tremunpiercing.com\/sk\/wp-json\/wp\/v2\/product"}],"about":[{"href":"https:\/\/tremunpiercing.com\/sk\/wp-json\/wp\/v2\/types\/product"}],"replies":[{"embeddable":true,"href":"https:\/\/tremunpiercing.com\/sk\/wp-json\/wp\/v2\/comments?post=22566"}],"version-history":[{"count":1,"href":"https:\/\/tremunpiercing.com\/sk\/wp-json\/wp\/v2\/product\/22566\/revisions"}],"predecessor-version":[{"id":27320,"href":"https:\/\/tremunpiercing.com\/sk\/wp-json\/wp\/v2\/product\/22566\/revisions\/27320"}],"wp:featuredmedia":[{"embeddable":true,"href":"https:\/\/tremunpiercing.com\/sk\/wp-json\/wp\/v2\/media\/22593"}],"wp:attachment":[{"href":"https:\/\/tremunpiercing.com\/sk\/wp-json\/wp\/v2\/media?parent=22566"}],"wp:term":[{"taxonomy":"product_brand","embeddable":true,"href":"https:\/\/tremunpiercing.com\/sk\/wp-json\/wp\/v2\/product_brand?post=22566"},{"taxonomy":"product_cat","embeddable":true,"href":"https:\/\/tremunpiercing.com\/sk\/wp-json\/wp\/v2\/product_cat?post=22566"},{"taxonomy":"product_tag","embeddable":true,"href":"https:\/\/tremunpiercing.com\/sk\/wp-json\/wp\/v2\/product_tag?post=22566"}],"curies":[{"name":"wp","href":"https:\/\/api.w.org\/{rel}","templated":true}]}}