{"id":22568,"date":"2025-10-03T22:02:58","date_gmt":"2025-10-03T21:02:58","guid":{"rendered":"https:\/\/tremunpiercing.com\/?post_type=product&#038;p=22568"},"modified":"2026-04-07T11:40:57","modified_gmt":"2026-04-07T10:40:57","slug":"coffin-red-garnet","status":"publish","type":"product","link":"https:\/\/tremunpiercing.com\/sk\/product\/coffin-red-garnet\/","title":{"rendered":"Rakva - \u010derven\u00fd gran\u00e1t"},"content":{"rendered":"<p>Rakva - \u010derven\u00fd gran\u00e1t dod\u00e1va gotick\u00e9mu dizajnu \u017eivos\u0165. Tento \u0161perk je vyroben\u00fd z tit\u00e1nu implanta\u010dnej triedy F-136 a obsahuje s\u00fdto\u010derven\u00fd gran\u00e1t s rozmermi 3 x 6 mm vybr\u00fasen\u00fd v tvare rakvy s vn\u00fatorn\u00fdm z\u00e1vitom pre najvy\u0161\u0161\u00ed komfort a bezpe\u010dnos\u0165 pou\u017e\u00edvania. Skvel\u00e1 vo\u013eba pre piercing do ucha, \u0161pir\u00e1ly alebo pery, \u013eahko sa sp\u00e1ja s tmavou estetikou a d\u00f4razom na detail v remeselnom spracovan\u00ed.<\/p>\n<p>Z\u00e1klad z pevn\u00e9ho tit\u00e1nu, navrhnut\u00fd \u0161peci\u00e1lne pre piercerov, umo\u017e\u0148uje odolnos\u0165, dlhotrvaj\u00face le\u0161tenie a \u017eiadnu kor\u00f3ziu, \u010do z neho rob\u00ed skvel\u00fa vo\u013ebu pre z\u00e1ujemcov o vysokokvalitn\u00e9 gotick\u00e9 \u0161perky v profesion\u00e1lnom \u0161t\u00fadiu. Odv\u00e1\u017eny a z\u00e1rove\u0148 umeleck\u00fd k\u00fasok.<\/p>","protected":false},"excerpt":{"rendered":"<ul>\n<li>Vn\u00fatorn\u00e9 z\u00e1vity<\/li>\n<li>Materi\u00e1l: F-136<\/li>\n<li>Meradlo: 16G<\/li>\n<li>Drahokam: \u010cerven\u00fd gran\u00e1t<\/li>\n<li>Ve\u013ekos\u0165: 3 mm x 6 mm<\/li>\n<\/ul>","protected":false},"featured_media":22591,"comment_status":"closed","ping_status":"closed","template":"","meta":{"_acf_changed":false},"product_brand":[],"product_cat":[340,343],"product_tag":[187,179,180,188,209,189,210,211,212,190,183,184,207],"class_list":{"0":"post-22568","1":"product","2":"type-product","3":"status-publish","4":"has-post-thumbnail","6":"product_cat-titanium-jewelry","7":"product_cat-tops-titanium-jewelry","8":"product_tag-conch","9":"product_tag-cristal","10":"product_tag-cz","11":"product_tag-ear","12":"product_tag-faux-rook","13":"product_tag-helix","14":"product_tag-labret","15":"product_tag-lip","16":"product_tag-medusa","17":"product_tag-oreja","18":"product_tag-perforacion","19":"product_tag-piercing","20":"product_tag-tragus","22":"first","23":"instock","24":"taxable","25":"shipping-taxable","26":"purchasable","27":"product-type-simple"},"acf":[],"gallery_images":[27314,27315],"_links":{"self":[{"href":"https:\/\/tremunpiercing.com\/sk\/wp-json\/wp\/v2\/product\/22568","targetHints":{"allow":["GET"]}}],"collection":[{"href":"https:\/\/tremunpiercing.com\/sk\/wp-json\/wp\/v2\/product"}],"about":[{"href":"https:\/\/tremunpiercing.com\/sk\/wp-json\/wp\/v2\/types\/product"}],"replies":[{"embeddable":true,"href":"https:\/\/tremunpiercing.com\/sk\/wp-json\/wp\/v2\/comments?post=22568"}],"version-history":[{"count":1,"href":"https:\/\/tremunpiercing.com\/sk\/wp-json\/wp\/v2\/product\/22568\/revisions"}],"predecessor-version":[{"id":27316,"href":"https:\/\/tremunpiercing.com\/sk\/wp-json\/wp\/v2\/product\/22568\/revisions\/27316"}],"wp:featuredmedia":[{"embeddable":true,"href":"https:\/\/tremunpiercing.com\/sk\/wp-json\/wp\/v2\/media\/22591"}],"wp:attachment":[{"href":"https:\/\/tremunpiercing.com\/sk\/wp-json\/wp\/v2\/media?parent=22568"}],"wp:term":[{"taxonomy":"product_brand","embeddable":true,"href":"https:\/\/tremunpiercing.com\/sk\/wp-json\/wp\/v2\/product_brand?post=22568"},{"taxonomy":"product_cat","embeddable":true,"href":"https:\/\/tremunpiercing.com\/sk\/wp-json\/wp\/v2\/product_cat?post=22568"},{"taxonomy":"product_tag","embeddable":true,"href":"https:\/\/tremunpiercing.com\/sk\/wp-json\/wp\/v2\/product_tag?post=22568"}],"curies":[{"name":"wp","href":"https:\/\/api.w.org\/{rel}","templated":true}]}}