{"id":22575,"date":"2025-10-03T22:12:59","date_gmt":"2025-10-03T21:12:59","guid":{"rendered":"https:\/\/tremunpiercing.com\/?post_type=product&#038;p=22575"},"modified":"2026-04-18T13:47:31","modified_gmt":"2026-04-18T12:47:31","slug":"coffin-black-onyx","status":"publish","type":"product","link":"https:\/\/tremunpiercing.com\/sk\/product\/coffin-black-onyx\/","title":{"rendered":"Rakva - \u010dierny \u00f3nyx"},"content":{"rendered":"<p>Coffin Black Onyx m\u00e1 elegantn\u00e9 tit\u00e1nov\u00e9 telo, ktor\u00e9 p\u00f4sob\u00ed n\u00e1dherne tmav\u00fdm a elegantn\u00fdm dojmom. Tento \u0161perk s vn\u00fatorn\u00fdm z\u00e1vitom je vyroben\u00fd z tit\u00e1nu implanta\u010dnej triedy F-136 a m\u00e1 kame\u0148 \u010dierneho \u00f3nyxu s rozmermi 3 x 6 mm vybr\u00fasen\u00fd do tvaru rakvy. Tento predmet je ide\u00e1lny na piercing do ucha, pery alebo chrupavky a je ve\u013emi jemn\u00fd, ale z\u00e1rove\u0148 v\u00fdrazn\u00fd na dosiahnutie elegantnej gotickej estetiky.<\/p>\n<p>Hladk\u00e9 okraje a bezpe\u010dnostn\u00e1 ni\u0165 robia z tohto kusu dokonal\u00fd predmet pre profesion\u00e1lne \u0161t\u00fadio, ktor\u00fd je dostato\u010dne pevn\u00fd a bezpe\u010dn\u00fd na pohodln\u00e9 nosenie. T\u00e1to polo\u017eka je d\u00f4le\u017eit\u00fdm prvkom pre klientov, ktor\u00ed h\u013eadaj\u00fa minimalistick\u00fd tmav\u00fd t\u00f3n na nosenie s luxusn\u00fdm povrchom.<\/p>","protected":false},"excerpt":{"rendered":"<ul>\n<li>Vn\u00fatorn\u00e9 z\u00e1vity<\/li>\n<li>Materi\u00e1l: F-136<\/li>\n<li>Meradlo: 16G<\/li>\n<li>Drahokam: \u010cierny onyx<\/li>\n<li>Ve\u013ekos\u0165: 3 mm x 6 mm<\/li>\n<\/ul>","protected":false},"featured_media":22590,"comment_status":"closed","ping_status":"closed","template":"","meta":{"_acf_changed":false},"product_brand":[],"product_cat":[340,343],"product_tag":[187,179,180,188,209,189,210,211,212,190,183,184,207],"class_list":{"0":"post-22575","1":"product","2":"type-product","3":"status-publish","4":"has-post-thumbnail","6":"product_cat-titanium-jewelry","7":"product_cat-tops-titanium-jewelry","8":"product_tag-conch","9":"product_tag-cristal","10":"product_tag-cz","11":"product_tag-ear","12":"product_tag-faux-rook","13":"product_tag-helix","14":"product_tag-labret","15":"product_tag-lip","16":"product_tag-medusa","17":"product_tag-oreja","18":"product_tag-perforacion","19":"product_tag-piercing","20":"product_tag-tragus","22":"first","23":"instock","24":"taxable","25":"shipping-taxable","26":"purchasable","27":"product-type-simple"},"acf":[],"gallery_images":[27311,27312],"_links":{"self":[{"href":"https:\/\/tremunpiercing.com\/sk\/wp-json\/wp\/v2\/product\/22575","targetHints":{"allow":["GET"]}}],"collection":[{"href":"https:\/\/tremunpiercing.com\/sk\/wp-json\/wp\/v2\/product"}],"about":[{"href":"https:\/\/tremunpiercing.com\/sk\/wp-json\/wp\/v2\/types\/product"}],"replies":[{"embeddable":true,"href":"https:\/\/tremunpiercing.com\/sk\/wp-json\/wp\/v2\/comments?post=22575"}],"version-history":[{"count":1,"href":"https:\/\/tremunpiercing.com\/sk\/wp-json\/wp\/v2\/product\/22575\/revisions"}],"predecessor-version":[{"id":27313,"href":"https:\/\/tremunpiercing.com\/sk\/wp-json\/wp\/v2\/product\/22575\/revisions\/27313"}],"wp:featuredmedia":[{"embeddable":true,"href":"https:\/\/tremunpiercing.com\/sk\/wp-json\/wp\/v2\/media\/22590"}],"wp:attachment":[{"href":"https:\/\/tremunpiercing.com\/sk\/wp-json\/wp\/v2\/media?parent=22575"}],"wp:term":[{"taxonomy":"product_brand","embeddable":true,"href":"https:\/\/tremunpiercing.com\/sk\/wp-json\/wp\/v2\/product_brand?post=22575"},{"taxonomy":"product_cat","embeddable":true,"href":"https:\/\/tremunpiercing.com\/sk\/wp-json\/wp\/v2\/product_cat?post=22575"},{"taxonomy":"product_tag","embeddable":true,"href":"https:\/\/tremunpiercing.com\/sk\/wp-json\/wp\/v2\/product_tag?post=22575"}],"curies":[{"name":"wp","href":"https:\/\/api.w.org\/{rel}","templated":true}]}}