{"id":22682,"date":"2025-10-06T21:09:15","date_gmt":"2025-10-06T20:09:15","guid":{"rendered":"https:\/\/tremunpiercing.com\/?post_type=product&#038;p=22682"},"modified":"2026-04-15T20:44:04","modified_gmt":"2026-04-15T19:44:04","slug":"kitty-white-cz","status":"publish","type":"product","link":"https:\/\/tremunpiercing.com\/sk\/product\/kitty-white-cz\/","title":{"rendered":"Kitty - biela CZ"},"content":{"rendered":"<p data-start=\"5206\" data-end=\"5775\">Klasick\u00fd a nad\u010dasov\u00fd <em data-start=\"5251\" data-end=\"5269\">Kitty White CZ<\/em> je pre profesion\u00e1lov v oblasti piercingu nevyhnutnos\u0165ou. Vyroben\u00e9 z <strong data-start=\"5323\" data-end=\"5355\">Tit\u00e1nov\u00fd implant\u00e1t triedy F-136<\/strong>, tento \u0161perk s vn\u00fatorn\u00fdm z\u00e1vitom zaru\u010duje bezpe\u010dnos\u0165, odolnos\u0165 a lesk. \u017diariv\u00fd biely zirk\u00f3n dod\u00e1va n\u00e1dych elegancie vhodn\u00fd pre ak\u00fdko\u013evek piercing - \u010di u\u017e ide o ucho, nos alebo chrupavku. Jeho minimalistick\u00fd dizajn a zrkadlov\u00fd lesk z neho robia univerz\u00e1lneho favorita pre klientov, ktor\u00ed maj\u00fa radi jednoduch\u00fa sofistikovanos\u0165. Tento k\u00fasok je ide\u00e1lny pre \u0161t\u00fadi\u00e1, ktor\u00e9 klad\u00fa d\u00f4raz na kvalitu a pohodlie, a steles\u0148uje \u010distotu a prec\u00edznos\u0165.<\/p>\n<p data-start=\"5777\" data-end=\"5961\">","protected":false},"excerpt":{"rendered":"<ul>\n<li>Vn\u00fatorn\u00e9 z\u00e1vity<\/li>\n<li>Materi\u00e1l: F-136<\/li>\n<li>Meradlo: 16G<\/li>\n<li>Drahokam: Kubick\u00fd zirk\u00f3n<\/li>\n<li>Ve\u013ekos\u0165: 3,3 mm x 5,7 mm<\/li>\n<\/ul>","protected":false},"featured_media":23017,"comment_status":"closed","ping_status":"closed","template":"","meta":{"_acf_changed":false},"product_brand":[],"product_cat":[340,343],"product_tag":[187,179,180,188,209,189,210,211,212,199,190,183,213,184,214,185,207],"class_list":{"0":"post-22682","1":"product","2":"type-product","3":"status-publish","4":"has-post-thumbnail","6":"product_cat-titanium-jewelry","7":"product_cat-tops-titanium-jewelry","8":"product_tag-conch","9":"product_tag-cristal","10":"product_tag-cz","11":"product_tag-ear","12":"product_tag-faux-rook","13":"product_tag-helix","14":"product_tag-labret","15":"product_tag-lip","16":"product_tag-medusa","17":"product_tag-nostril","18":"product_tag-oreja","19":"product_tag-perforacion","20":"product_tag-philtrum","21":"product_tag-piercing","22":"product_tag-rook","23":"product_tag-shiny","24":"product_tag-tragus","26":"first","27":"instock","28":"taxable","29":"shipping-taxable","30":"purchasable","31":"product-type-simple"},"acf":[],"gallery_images":[27269,27270],"_links":{"self":[{"href":"https:\/\/tremunpiercing.com\/sk\/wp-json\/wp\/v2\/product\/22682","targetHints":{"allow":["GET"]}}],"collection":[{"href":"https:\/\/tremunpiercing.com\/sk\/wp-json\/wp\/v2\/product"}],"about":[{"href":"https:\/\/tremunpiercing.com\/sk\/wp-json\/wp\/v2\/types\/product"}],"replies":[{"embeddable":true,"href":"https:\/\/tremunpiercing.com\/sk\/wp-json\/wp\/v2\/comments?post=22682"}],"version-history":[{"count":1,"href":"https:\/\/tremunpiercing.com\/sk\/wp-json\/wp\/v2\/product\/22682\/revisions"}],"predecessor-version":[{"id":27271,"href":"https:\/\/tremunpiercing.com\/sk\/wp-json\/wp\/v2\/product\/22682\/revisions\/27271"}],"wp:featuredmedia":[{"embeddable":true,"href":"https:\/\/tremunpiercing.com\/sk\/wp-json\/wp\/v2\/media\/23017"}],"wp:attachment":[{"href":"https:\/\/tremunpiercing.com\/sk\/wp-json\/wp\/v2\/media?parent=22682"}],"wp:term":[{"taxonomy":"product_brand","embeddable":true,"href":"https:\/\/tremunpiercing.com\/sk\/wp-json\/wp\/v2\/product_brand?post=22682"},{"taxonomy":"product_cat","embeddable":true,"href":"https:\/\/tremunpiercing.com\/sk\/wp-json\/wp\/v2\/product_cat?post=22682"},{"taxonomy":"product_tag","embeddable":true,"href":"https:\/\/tremunpiercing.com\/sk\/wp-json\/wp\/v2\/product_tag?post=22682"}],"curies":[{"name":"wp","href":"https:\/\/api.w.org\/{rel}","templated":true}]}}