{"id":22684,"date":"2025-10-06T21:12:49","date_gmt":"2025-10-06T20:12:49","guid":{"rendered":"https:\/\/tremunpiercing.com\/?post_type=product&#038;p=22684"},"modified":"2026-03-17T12:46:07","modified_gmt":"2026-03-17T11:46:07","slug":"kitty-aqua-cz","status":"publish","type":"product","link":"https:\/\/tremunpiercing.com\/sk\/product\/kitty-aqua-cz\/","title":{"rendered":"Kitty - Aqua CZ"},"content":{"rendered":"<p>Kitty Aqua CZ poskytuje osvie\u017euj\u00faci lesk in\u0161pirovan\u00fd oce\u00e1nom. Je vyroben\u00e1 z tit\u00e1nu implanta\u010dnej triedy F-136 a m\u00e1 vn\u00fatorn\u00fd z\u00e1vit, ktor\u00fd zaru\u010duje jednoduch\u00fa in\u0161tal\u00e1ciu a celodenn\u00e9 pohodlie. Zirk\u00f3nov\u00fd drahokam aqua sa leskne chladn\u00fdmi t\u00f3nmi a n\u00e1dherne zachyt\u00e1va svetlo, v\u010faka \u010domu je ide\u00e1lnym dizajnom pre piercing do ucha, nosovej dierky a chrupavky.<\/p>\n<p>Biokompatibiln\u00e1 tit\u00e1nov\u00e1 z\u00e1klad\u0148a zaru\u010duje, \u017ee n\u00e1ramok bude bezpe\u010dn\u00fd a dlhodobo vydr\u017e\u00ed aj pre citlivej\u0161\u00edch klientov. Tento \u0161perk je ide\u00e1lny pre va\u0161e \u0161t\u00fadio a klientov profesion\u00e1lny k\u00fasok a je skvel\u00fdm doplnkom do ka\u017edej zbierky \u0161perkov a svoj\u00edm \u010dist\u00fdm dizajnom a jasnou \u017eiarivou farbou dok\u00e1\u017ee pozdvihn\u00fa\u0165 jednoduch\u00fd dizajn \u0161perku.<\/p>","protected":false},"excerpt":{"rendered":"<ul>\n<li>Vn\u00fatorn\u00e9 z\u00e1vity<\/li>\n<li>Materi\u00e1l: F-136<\/li>\n<li>Meradlo: 16G<\/li>\n<li>Drahokam: Kubick\u00fd zirk\u00f3n<\/li>\n<li>Ve\u013ekos\u0165: 3,3 mm x 5,7 mm<\/li>\n<\/ul>","protected":false},"featured_media":23014,"comment_status":"closed","ping_status":"closed","template":"","meta":{"_acf_changed":false},"product_brand":[],"product_cat":[340,343],"product_tag":[187,179,180,188,209,189,210,211,212,199,190,183,213,184,214,185,207],"class_list":{"0":"post-22684","1":"product","2":"type-product","3":"status-publish","4":"has-post-thumbnail","6":"product_cat-titanium-jewelry","7":"product_cat-tops-titanium-jewelry","8":"product_tag-conch","9":"product_tag-cristal","10":"product_tag-cz","11":"product_tag-ear","12":"product_tag-faux-rook","13":"product_tag-helix","14":"product_tag-labret","15":"product_tag-lip","16":"product_tag-medusa","17":"product_tag-nostril","18":"product_tag-oreja","19":"product_tag-perforacion","20":"product_tag-philtrum","21":"product_tag-piercing","22":"product_tag-rook","23":"product_tag-shiny","24":"product_tag-tragus","26":"first","27":"instock","28":"taxable","29":"shipping-taxable","30":"purchasable","31":"product-type-simple"},"acf":[],"gallery_images":[27267,27266],"_links":{"self":[{"href":"https:\/\/tremunpiercing.com\/sk\/wp-json\/wp\/v2\/product\/22684","targetHints":{"allow":["GET"]}}],"collection":[{"href":"https:\/\/tremunpiercing.com\/sk\/wp-json\/wp\/v2\/product"}],"about":[{"href":"https:\/\/tremunpiercing.com\/sk\/wp-json\/wp\/v2\/types\/product"}],"replies":[{"embeddable":true,"href":"https:\/\/tremunpiercing.com\/sk\/wp-json\/wp\/v2\/comments?post=22684"}],"version-history":[{"count":1,"href":"https:\/\/tremunpiercing.com\/sk\/wp-json\/wp\/v2\/product\/22684\/revisions"}],"predecessor-version":[{"id":27268,"href":"https:\/\/tremunpiercing.com\/sk\/wp-json\/wp\/v2\/product\/22684\/revisions\/27268"}],"wp:featuredmedia":[{"embeddable":true,"href":"https:\/\/tremunpiercing.com\/sk\/wp-json\/wp\/v2\/media\/23014"}],"wp:attachment":[{"href":"https:\/\/tremunpiercing.com\/sk\/wp-json\/wp\/v2\/media?parent=22684"}],"wp:term":[{"taxonomy":"product_brand","embeddable":true,"href":"https:\/\/tremunpiercing.com\/sk\/wp-json\/wp\/v2\/product_brand?post=22684"},{"taxonomy":"product_cat","embeddable":true,"href":"https:\/\/tremunpiercing.com\/sk\/wp-json\/wp\/v2\/product_cat?post=22684"},{"taxonomy":"product_tag","embeddable":true,"href":"https:\/\/tremunpiercing.com\/sk\/wp-json\/wp\/v2\/product_tag?post=22684"}],"curies":[{"name":"wp","href":"https:\/\/api.w.org\/{rel}","templated":true}]}}