{"id":22687,"date":"2025-10-06T21:13:54","date_gmt":"2025-10-06T20:13:54","guid":{"rendered":"https:\/\/tremunpiercing.com\/?post_type=product&#038;p=22687"},"modified":"2026-03-17T14:10:22","modified_gmt":"2026-03-17T13:10:22","slug":"kitty-amethyst-cz","status":"publish","type":"product","link":"https:\/\/tremunpiercing.com\/sk\/product\/kitty-amethyst-cz\/","title":{"rendered":"Kitty - Ametyst CZ"},"content":{"rendered":"<p>Kitty Amethyst CZ dod\u00e1 ka\u017ed\u00e9mu piercingu kr\u00e1\u013eovsk\u00fa fialov\u00fa farbu a je vyroben\u00fd z bezpe\u010dn\u00e9ho, \u013eahk\u00e9ho, vysoko hodnoten\u00e9ho a hypoalerg\u00e9nneho tit\u00e1nu Implant Grade F-136. Mont\u00e1\u017e s vn\u00fatorn\u00fdm z\u00e1vitom u\u013eah\u010duje vkladanie a zost\u00e1va na svojom mieste - ide\u00e1lna na piercing do chrupavky, nosa alebo pery. Brilantn\u00fd kame\u0148 v podobe ametystov\u00e9ho zirk\u00f3nu je dokonale p\u00f4vabn\u00fdm doplnkom pre z\u00e1kazn\u00edkov. Kitty-Amethyst CZ je ur\u010den\u00fd pre profesion\u00e1lov, ktor\u00ed chc\u00fa elegantn\u00fd k\u00fasok bez straty prec\u00edzneho dizajnu. Luxusn\u00fd \u0161t\u00fdl je stvoren\u00fd na ka\u017edodenn\u00e9 nosenie.<\/p>","protected":false},"excerpt":{"rendered":"<ul>\n<li>Vn\u00fatorn\u00e9 z\u00e1vity<\/li>\n<li>Materi\u00e1l: F-136<\/li>\n<li>Meradlo: 16G<\/li>\n<li>Drahokam: Kubick\u00fd zirk\u00f3n<\/li>\n<li>Ve\u013ekos\u0165: 3,3 mm x 5,7 mm<\/li>\n<\/ul>","protected":false},"featured_media":23018,"comment_status":"closed","ping_status":"closed","template":"","meta":{"_acf_changed":false},"product_brand":[],"product_cat":[340,343],"product_tag":[187,179,180,188,209,189,210,211,212,199,190,183,213,184,214,185,207],"class_list":{"0":"post-22687","1":"product","2":"type-product","3":"status-publish","4":"has-post-thumbnail","6":"product_cat-titanium-jewelry","7":"product_cat-tops-titanium-jewelry","8":"product_tag-conch","9":"product_tag-cristal","10":"product_tag-cz","11":"product_tag-ear","12":"product_tag-faux-rook","13":"product_tag-helix","14":"product_tag-labret","15":"product_tag-lip","16":"product_tag-medusa","17":"product_tag-nostril","18":"product_tag-oreja","19":"product_tag-perforacion","20":"product_tag-philtrum","21":"product_tag-piercing","22":"product_tag-rook","23":"product_tag-shiny","24":"product_tag-tragus","26":"first","27":"instock","28":"taxable","29":"shipping-taxable","30":"purchasable","31":"product-type-simple"},"acf":[],"gallery_images":[27264,27263],"_links":{"self":[{"href":"https:\/\/tremunpiercing.com\/sk\/wp-json\/wp\/v2\/product\/22687","targetHints":{"allow":["GET"]}}],"collection":[{"href":"https:\/\/tremunpiercing.com\/sk\/wp-json\/wp\/v2\/product"}],"about":[{"href":"https:\/\/tremunpiercing.com\/sk\/wp-json\/wp\/v2\/types\/product"}],"replies":[{"embeddable":true,"href":"https:\/\/tremunpiercing.com\/sk\/wp-json\/wp\/v2\/comments?post=22687"}],"version-history":[{"count":1,"href":"https:\/\/tremunpiercing.com\/sk\/wp-json\/wp\/v2\/product\/22687\/revisions"}],"predecessor-version":[{"id":27265,"href":"https:\/\/tremunpiercing.com\/sk\/wp-json\/wp\/v2\/product\/22687\/revisions\/27265"}],"wp:featuredmedia":[{"embeddable":true,"href":"https:\/\/tremunpiercing.com\/sk\/wp-json\/wp\/v2\/media\/23018"}],"wp:attachment":[{"href":"https:\/\/tremunpiercing.com\/sk\/wp-json\/wp\/v2\/media?parent=22687"}],"wp:term":[{"taxonomy":"product_brand","embeddable":true,"href":"https:\/\/tremunpiercing.com\/sk\/wp-json\/wp\/v2\/product_brand?post=22687"},{"taxonomy":"product_cat","embeddable":true,"href":"https:\/\/tremunpiercing.com\/sk\/wp-json\/wp\/v2\/product_cat?post=22687"},{"taxonomy":"product_tag","embeddable":true,"href":"https:\/\/tremunpiercing.com\/sk\/wp-json\/wp\/v2\/product_tag?post=22687"}],"curies":[{"name":"wp","href":"https:\/\/api.w.org\/{rel}","templated":true}]}}