{"id":22690,"date":"2025-10-06T21:14:59","date_gmt":"2025-10-06T20:14:59","guid":{"rendered":"https:\/\/tremunpiercing.com\/?post_type=product&#038;p=22690"},"modified":"2026-03-31T20:02:52","modified_gmt":"2026-03-31T19:02:52","slug":"kitty-emerald-cz","status":"publish","type":"product","link":"https:\/\/tremunpiercing.com\/sk\/product\/kitty-emerald-cz\/","title":{"rendered":"Kitty &#8211; Emerald CZ"},"content":{"rendered":"<p>Kitty Emerald CZ pon\u00faka n\u00e1dhern\u00fd lesk a vynikaj\u00face remeseln\u00e9 spracovanie. Je vyroben\u00fd z tit\u00e1nu implanta\u010dnej triedy F-136 a m\u00e1 vn\u00fatorn\u00fd z\u00e1vit pre jednoduch\u00fa a bezpe\u010dn\u00fa in\u0161tal\u00e1ciu. Ohromuj\u00faci smaragdovozelen\u00fd zirk\u00f3n poskytuje \u017eiv\u00fd, \u017eiariv\u00fd lesk, v\u010faka \u010domu je ide\u00e1lnou vo\u013ebou pre piercing do ucha, \u0161pir\u00e1ly alebo nosovej dierky.<\/p>\n<p>Kitty je navrhnut\u00e1 na pou\u017eitie v \u0161t\u00fadiu, aby zachytila iskru a lesk, a ke\u010f\u017ee ju mo\u017eno sterilizova\u0165 opakovane, vy aj va\u0161i z\u00e1kazn\u00edci budete ma\u0165 istotu jej spo\u013eahlivosti. Kitty je ide\u00e1lny pre \u0161t\u00fadi\u00e1, ktor\u00e9 chc\u00fa svojim klientom pon\u00faknu\u0165 pr\u00e9miov\u00e9 mo\u017enosti, ktor\u00e9 s\u00fa z\u00e1rove\u0148 spo\u013eahliv\u00e9 a vyzna\u010duj\u00fa sa kr\u00e1sou drah\u00fdch kame\u0148ov a spo\u013eahlivos\u0165ou tit\u00e1nu.<\/p>","protected":false},"excerpt":{"rendered":"<ul>\n<li>Vn\u00fatorn\u00e9 z\u00e1vity<\/li>\n<li>Materi\u00e1l: F-136<\/li>\n<li>Meradlo: 16G<\/li>\n<li>Drahokam: Kubick\u00fd zirk\u00f3n<\/li>\n<li>Ve\u013ekos\u0165: 3,3 mm x 5,7 mm<\/li>\n<\/ul>","protected":false},"featured_media":23019,"comment_status":"closed","ping_status":"closed","template":"","meta":{"_acf_changed":false},"product_brand":[],"product_cat":[340,343],"product_tag":[187,179,180,188,209,189,210,211,212,199,190,183,213,184,214,185,207],"class_list":{"0":"post-22690","1":"product","2":"type-product","3":"status-publish","4":"has-post-thumbnail","6":"product_cat-titanium-jewelry","7":"product_cat-tops-titanium-jewelry","8":"product_tag-conch","9":"product_tag-cristal","10":"product_tag-cz","11":"product_tag-ear","12":"product_tag-faux-rook","13":"product_tag-helix","14":"product_tag-labret","15":"product_tag-lip","16":"product_tag-medusa","17":"product_tag-nostril","18":"product_tag-oreja","19":"product_tag-perforacion","20":"product_tag-philtrum","21":"product_tag-piercing","22":"product_tag-rook","23":"product_tag-shiny","24":"product_tag-tragus","26":"first","27":"instock","28":"taxable","29":"shipping-taxable","30":"purchasable","31":"product-type-simple"},"acf":[],"gallery_images":[27261,27260],"_links":{"self":[{"href":"https:\/\/tremunpiercing.com\/sk\/wp-json\/wp\/v2\/product\/22690","targetHints":{"allow":["GET"]}}],"collection":[{"href":"https:\/\/tremunpiercing.com\/sk\/wp-json\/wp\/v2\/product"}],"about":[{"href":"https:\/\/tremunpiercing.com\/sk\/wp-json\/wp\/v2\/types\/product"}],"replies":[{"embeddable":true,"href":"https:\/\/tremunpiercing.com\/sk\/wp-json\/wp\/v2\/comments?post=22690"}],"version-history":[{"count":1,"href":"https:\/\/tremunpiercing.com\/sk\/wp-json\/wp\/v2\/product\/22690\/revisions"}],"predecessor-version":[{"id":27262,"href":"https:\/\/tremunpiercing.com\/sk\/wp-json\/wp\/v2\/product\/22690\/revisions\/27262"}],"wp:featuredmedia":[{"embeddable":true,"href":"https:\/\/tremunpiercing.com\/sk\/wp-json\/wp\/v2\/media\/23019"}],"wp:attachment":[{"href":"https:\/\/tremunpiercing.com\/sk\/wp-json\/wp\/v2\/media?parent=22690"}],"wp:term":[{"taxonomy":"product_brand","embeddable":true,"href":"https:\/\/tremunpiercing.com\/sk\/wp-json\/wp\/v2\/product_brand?post=22690"},{"taxonomy":"product_cat","embeddable":true,"href":"https:\/\/tremunpiercing.com\/sk\/wp-json\/wp\/v2\/product_cat?post=22690"},{"taxonomy":"product_tag","embeddable":true,"href":"https:\/\/tremunpiercing.com\/sk\/wp-json\/wp\/v2\/product_tag?post=22690"}],"curies":[{"name":"wp","href":"https:\/\/api.w.org\/{rel}","templated":true}]}}