{"id":22693,"date":"2025-10-06T21:16:28","date_gmt":"2025-10-06T20:16:28","guid":{"rendered":"https:\/\/tremunpiercing.com\/?post_type=product&#038;p=22693"},"modified":"2026-03-17T14:10:10","modified_gmt":"2026-03-17T13:10:10","slug":"kitty-vitrial-cz","status":"publish","type":"product","link":"https:\/\/tremunpiercing.com\/sk\/product\/kitty-vitrial-cz\/","title":{"rendered":"Kitty - Vitrial CZ"},"content":{"rendered":"<p>Kitty Vitrial CZ je z\u00e1bavn\u00fd a sofistikovan\u00fd doplnok k profesion\u00e1lnej kolekcii \u0161perkov. Vyroben\u00fd z tit\u00e1nu implanta\u010dnej triedy F-136, \u0161t\u00fdl s vn\u00fatorn\u00fdm z\u00e1vitom poskytuje vynikaj\u00face pohodlie a bezpe\u010dn\u00e9 uchytenie. Drahokam Vitrial Cubic Zirconia zachyt\u00e1va a vy\u017earuje mno\u017estvo farieb, ktor\u00e9 sa menia s ka\u017ed\u00fdm l\u00fa\u010dom svetla, \u010do samo o sebe dod\u00e1va \u0161perku dokonal\u00fd wow faktor.<\/p>\n<p>Kitty je vhodn\u00e1 na piercing do ucha, chrupavky alebo pery a je vyroben\u00e1 tak, aby pote\u0161ila z\u00e1kazn\u00edkov t\u00fa\u017eiacich po lesku v kombin\u00e1cii s bezpe\u010dnos\u0165ou. Je vyroben\u00fd z prvotriedneho tit\u00e1nu, tak\u017ee sa nemus\u00edte ob\u00e1va\u0165 \u017eiadneho zmatnenia alebo zmeny farby, v\u010faka \u010domu je ob\u013e\u00faben\u00fd medzi piercingov\u00fdmi diel\u0148ami.<\/p>","protected":false},"excerpt":{"rendered":"<ul>\n<li>Vn\u00fatorn\u00e9 z\u00e1vity<\/li>\n<li>Materi\u00e1l: F-136<\/li>\n<li>Meradlo: 16G<\/li>\n<li>Drahokam: Kubick\u00fd zirk\u00f3n<\/li>\n<li>Ve\u013ekos\u0165: 3,3 mm x 5,7 mm<\/li>\n<\/ul>","protected":false},"featured_media":23021,"comment_status":"closed","ping_status":"closed","template":"","meta":{"_acf_changed":false},"product_brand":[],"product_cat":[340,343],"product_tag":[187,179,180,188,209,189,210,211,212,199,190,183,213,184,214,185,207],"class_list":{"0":"post-22693","1":"product","2":"type-product","3":"status-publish","4":"has-post-thumbnail","6":"product_cat-titanium-jewelry","7":"product_cat-tops-titanium-jewelry","8":"product_tag-conch","9":"product_tag-cristal","10":"product_tag-cz","11":"product_tag-ear","12":"product_tag-faux-rook","13":"product_tag-helix","14":"product_tag-labret","15":"product_tag-lip","16":"product_tag-medusa","17":"product_tag-nostril","18":"product_tag-oreja","19":"product_tag-perforacion","20":"product_tag-philtrum","21":"product_tag-piercing","22":"product_tag-rook","23":"product_tag-shiny","24":"product_tag-tragus","26":"first","27":"instock","28":"taxable","29":"shipping-taxable","30":"purchasable","31":"product-type-simple"},"acf":[],"gallery_images":[27257,27258],"_links":{"self":[{"href":"https:\/\/tremunpiercing.com\/sk\/wp-json\/wp\/v2\/product\/22693","targetHints":{"allow":["GET"]}}],"collection":[{"href":"https:\/\/tremunpiercing.com\/sk\/wp-json\/wp\/v2\/product"}],"about":[{"href":"https:\/\/tremunpiercing.com\/sk\/wp-json\/wp\/v2\/types\/product"}],"replies":[{"embeddable":true,"href":"https:\/\/tremunpiercing.com\/sk\/wp-json\/wp\/v2\/comments?post=22693"}],"version-history":[{"count":1,"href":"https:\/\/tremunpiercing.com\/sk\/wp-json\/wp\/v2\/product\/22693\/revisions"}],"predecessor-version":[{"id":27259,"href":"https:\/\/tremunpiercing.com\/sk\/wp-json\/wp\/v2\/product\/22693\/revisions\/27259"}],"wp:featuredmedia":[{"embeddable":true,"href":"https:\/\/tremunpiercing.com\/sk\/wp-json\/wp\/v2\/media\/23021"}],"wp:attachment":[{"href":"https:\/\/tremunpiercing.com\/sk\/wp-json\/wp\/v2\/media?parent=22693"}],"wp:term":[{"taxonomy":"product_brand","embeddable":true,"href":"https:\/\/tremunpiercing.com\/sk\/wp-json\/wp\/v2\/product_brand?post=22693"},{"taxonomy":"product_cat","embeddable":true,"href":"https:\/\/tremunpiercing.com\/sk\/wp-json\/wp\/v2\/product_cat?post=22693"},{"taxonomy":"product_tag","embeddable":true,"href":"https:\/\/tremunpiercing.com\/sk\/wp-json\/wp\/v2\/product_tag?post=22693"}],"curies":[{"name":"wp","href":"https:\/\/api.w.org\/{rel}","templated":true}]}}