{"id":22698,"date":"2025-10-06T21:22:13","date_gmt":"2025-10-06T20:22:13","guid":{"rendered":"https:\/\/tremunpiercing.com\/?post_type=product&#038;p=22698"},"modified":"2026-04-15T15:30:27","modified_gmt":"2026-04-15T14:30:27","slug":"stacy-green-onyx","status":"publish","type":"product","link":"https:\/\/tremunpiercing.com\/sk\/product\/stacy-green-onyx\/","title":{"rendered":"Stacy - Zelen\u00fd \u00f3nyx"},"content":{"rendered":"<p>Stacy Green Onyx obsahuje v\u00fdrazn\u00fd tmavozelen\u00fd kame\u0148 z vysokokvalitn\u00e9ho tit\u00e1nu Implant Grade F-136, ktor\u00fd je estetick\u00fd a z\u00e1rove\u0148 bezpe\u010dn\u00fd pre profesion\u00e1lne piercingy. \u0160perk s vn\u00fatorn\u00fdm z\u00e1vitom sp\u013a\u0148a potrebu bezpe\u010dn\u00e9ho a hladk\u00e9ho uchytenia, \u010do je ide\u00e1lne pre zahojen\u00e9 piercingy a osoby s citlivou poko\u017ekou.<\/p>\n<p>S\u00fdtozelen\u00fd onyx dod\u00e1 elegantn\u00fa, uzem\u0148uj\u00facu energiu - obzvl\u00e1\u0161\u0165 l\u00e1kav\u00fd pre klientov, ktor\u00fdch pri\u0165ahuj\u00fa pr\u00edrodn\u00e9 t\u00f3ny a zemitej\u0161ie \u0161t\u00fdly. Vyroben\u00fd na dlh\u0161ie nosenie, je ide\u00e1lny na piercing do nosa, ucha alebo chrupavky. Stvoren\u00fd pre v\u0161etky piercingov\u00e9 \u0161t\u00fadi\u00e1 a profesion\u00e1lne pou\u017eitie, k\u00fasok s luxusom a odolnos\u0165ou.<\/p>","protected":false},"excerpt":{"rendered":"<ul>\n<li>Vn\u00fatorn\u00e9 z\u00e1vity<\/li>\n<li>Materi\u00e1l: F-136<\/li>\n<li>Meradlo: 16G<\/li>\n<li>Drahokam: <span data-sheets-root=\"1\">Zelen\u00fd \u00f3nyx<\/span><\/li>\n<li>Ve\u013ekos\u0165: 3,1 mm x 5,4 mm<\/li>\n<\/ul>","protected":false},"featured_media":23027,"comment_status":"closed","ping_status":"closed","template":"","meta":{"_acf_changed":false},"product_brand":[],"product_cat":[340,343],"product_tag":[187,179,180,188,209,189,210,211,212,199,190,183,213,184,214,185,207],"class_list":{"0":"post-22698","1":"product","2":"type-product","3":"status-publish","4":"has-post-thumbnail","6":"product_cat-titanium-jewelry","7":"product_cat-tops-titanium-jewelry","8":"product_tag-conch","9":"product_tag-cristal","10":"product_tag-cz","11":"product_tag-ear","12":"product_tag-faux-rook","13":"product_tag-helix","14":"product_tag-labret","15":"product_tag-lip","16":"product_tag-medusa","17":"product_tag-nostril","18":"product_tag-oreja","19":"product_tag-perforacion","20":"product_tag-philtrum","21":"product_tag-piercing","22":"product_tag-rook","23":"product_tag-shiny","24":"product_tag-tragus","26":"first","27":"instock","28":"taxable","29":"shipping-taxable","30":"purchasable","31":"product-type-simple"},"acf":[],"gallery_images":[27252,27251],"_links":{"self":[{"href":"https:\/\/tremunpiercing.com\/sk\/wp-json\/wp\/v2\/product\/22698","targetHints":{"allow":["GET"]}}],"collection":[{"href":"https:\/\/tremunpiercing.com\/sk\/wp-json\/wp\/v2\/product"}],"about":[{"href":"https:\/\/tremunpiercing.com\/sk\/wp-json\/wp\/v2\/types\/product"}],"replies":[{"embeddable":true,"href":"https:\/\/tremunpiercing.com\/sk\/wp-json\/wp\/v2\/comments?post=22698"}],"version-history":[{"count":1,"href":"https:\/\/tremunpiercing.com\/sk\/wp-json\/wp\/v2\/product\/22698\/revisions"}],"predecessor-version":[{"id":27253,"href":"https:\/\/tremunpiercing.com\/sk\/wp-json\/wp\/v2\/product\/22698\/revisions\/27253"}],"wp:featuredmedia":[{"embeddable":true,"href":"https:\/\/tremunpiercing.com\/sk\/wp-json\/wp\/v2\/media\/23027"}],"wp:attachment":[{"href":"https:\/\/tremunpiercing.com\/sk\/wp-json\/wp\/v2\/media?parent=22698"}],"wp:term":[{"taxonomy":"product_brand","embeddable":true,"href":"https:\/\/tremunpiercing.com\/sk\/wp-json\/wp\/v2\/product_brand?post=22698"},{"taxonomy":"product_cat","embeddable":true,"href":"https:\/\/tremunpiercing.com\/sk\/wp-json\/wp\/v2\/product_cat?post=22698"},{"taxonomy":"product_tag","embeddable":true,"href":"https:\/\/tremunpiercing.com\/sk\/wp-json\/wp\/v2\/product_tag?post=22698"}],"curies":[{"name":"wp","href":"https:\/\/api.w.org\/{rel}","templated":true}]}}