{"id":22704,"date":"2025-10-06T21:26:43","date_gmt":"2025-10-06T20:26:43","guid":{"rendered":"https:\/\/tremunpiercing.com\/?post_type=product&#038;p=22704"},"modified":"2026-04-02T21:18:51","modified_gmt":"2026-04-02T20:18:51","slug":"stacy-white-moonstone","status":"publish","type":"product","link":"https:\/\/tremunpiercing.com\/sk\/product\/stacy-white-moonstone\/","title":{"rendered":"Stacy - Biely mesa\u010dn\u00fd kame\u0148"},"content":{"rendered":"<p>Pridajte n\u00e1dych nebeskej kr\u00e1sy s koncovkou Stacy - White Moonstone. Koncovka Stacy s prav\u00fdm kabo\u0161onom z bieleho mesa\u010dn\u00e9ho kame\u0148a je ohromuj\u00faca, m\u00e1 jemn\u00fd mlie\u010dny z\u00e1klad a kr\u00e1snu modr\u00fa adularescenciu, ktor\u00e1 akoby z jej vn\u00fatra \u017eiarila. Vyroben\u00fd z tit\u00e1nu Implant-Grade F136 obsahuje bezpe\u010dn\u00fd vn\u00fatorn\u00fd z\u00e1vit 16G.<\/p>\n<p>V\u010faka svojej \u00e9terickej a jemnej kvalite je skvelou vo\u013ebou pre anat\u00f3mie, ako s\u00fa piercingy v nosn\u00fdch dierkach, kde m\u00f4\u017ee pon\u00faknu\u0165 nen\u00e1padn\u00fd lesk, alebo piercingy v daitoch, kde sa be\u017ene oce\u0148uje jeho mystick\u00e1 energia. V\u010faka pokojn\u00fdm a mesa\u010dn\u00fdm vlastnostiam kame\u0148a sa budete v\u017edy c\u00edti\u0165 nad\u010dasovo. Ak chcete svojmu \u0161t\u00fadiu doda\u0165 trochu nen\u00e1padn\u00e9ho, magick\u00e9ho p\u00f4vabu, neh\u013eadajte ni\u010d in\u00e9 ako Stacy - biely mesa\u010dn\u00fd kame\u0148.<\/p>","protected":false},"excerpt":{"rendered":"<ul>\n<li>Vn\u00fatorn\u00e9 z\u00e1vity<\/li>\n<li>Materi\u00e1l: F-136<\/li>\n<li>Meradlo: 16G<\/li>\n<li>Drahokam: <span data-sheets-root=\"1\">Biely mesa\u010dn\u00fd kame\u0148<\/span><\/li>\n<li>Ve\u013ekos\u0165: 3,1 mm x 5,4 mm<\/li>\n<\/ul>","protected":false},"featured_media":23024,"comment_status":"closed","ping_status":"closed","template":"","meta":{"_acf_changed":false},"product_brand":[],"product_cat":[340,343],"product_tag":[187,179,180,188,209,189,210,211,212,199,190,183,213,184,214,185,207],"class_list":{"0":"post-22704","1":"product","2":"type-product","3":"status-publish","4":"has-post-thumbnail","6":"product_cat-titanium-jewelry","7":"product_cat-tops-titanium-jewelry","8":"product_tag-conch","9":"product_tag-cristal","10":"product_tag-cz","11":"product_tag-ear","12":"product_tag-faux-rook","13":"product_tag-helix","14":"product_tag-labret","15":"product_tag-lip","16":"product_tag-medusa","17":"product_tag-nostril","18":"product_tag-oreja","19":"product_tag-perforacion","20":"product_tag-philtrum","21":"product_tag-piercing","22":"product_tag-rook","23":"product_tag-shiny","24":"product_tag-tragus","26":"first","27":"instock","28":"taxable","29":"shipping-taxable","30":"purchasable","31":"product-type-simple"},"acf":[],"gallery_images":[27246,27245],"_links":{"self":[{"href":"https:\/\/tremunpiercing.com\/sk\/wp-json\/wp\/v2\/product\/22704","targetHints":{"allow":["GET"]}}],"collection":[{"href":"https:\/\/tremunpiercing.com\/sk\/wp-json\/wp\/v2\/product"}],"about":[{"href":"https:\/\/tremunpiercing.com\/sk\/wp-json\/wp\/v2\/types\/product"}],"replies":[{"embeddable":true,"href":"https:\/\/tremunpiercing.com\/sk\/wp-json\/wp\/v2\/comments?post=22704"}],"version-history":[{"count":1,"href":"https:\/\/tremunpiercing.com\/sk\/wp-json\/wp\/v2\/product\/22704\/revisions"}],"predecessor-version":[{"id":27247,"href":"https:\/\/tremunpiercing.com\/sk\/wp-json\/wp\/v2\/product\/22704\/revisions\/27247"}],"wp:featuredmedia":[{"embeddable":true,"href":"https:\/\/tremunpiercing.com\/sk\/wp-json\/wp\/v2\/media\/23024"}],"wp:attachment":[{"href":"https:\/\/tremunpiercing.com\/sk\/wp-json\/wp\/v2\/media?parent=22704"}],"wp:term":[{"taxonomy":"product_brand","embeddable":true,"href":"https:\/\/tremunpiercing.com\/sk\/wp-json\/wp\/v2\/product_brand?post=22704"},{"taxonomy":"product_cat","embeddable":true,"href":"https:\/\/tremunpiercing.com\/sk\/wp-json\/wp\/v2\/product_cat?post=22704"},{"taxonomy":"product_tag","embeddable":true,"href":"https:\/\/tremunpiercing.com\/sk\/wp-json\/wp\/v2\/product_tag?post=22704"}],"curies":[{"name":"wp","href":"https:\/\/api.w.org\/{rel}","templated":true}]}}