{"id":22720,"date":"2025-10-06T21:43:49","date_gmt":"2025-10-06T20:43:49","guid":{"rendered":"https:\/\/tremunpiercing.com\/?post_type=product&#038;p=22720"},"modified":"2026-04-10T22:41:32","modified_gmt":"2026-04-10T21:41:32","slug":"threadless-barbell-with-sky-blue-opal","status":"publish","type":"product","link":"https:\/\/tremunpiercing.com\/sk\/product\/threadless-barbell-with-sky-blue-opal\/","title":{"rendered":"Bezvl\u00e1knov\u00e1 \u010dinka s nebesky modr\u00fdm op\u00e1lom"},"content":{"rendered":"<p>Pou\u017eite na\u0161u bezvl\u00e1knov\u00fa ty\u010d s nebesky modr\u00fdm op\u00e1lom, aby ste svojmu displeju vd\u00fdchli nov\u00fd \u017eivot! Na konci je prav\u00fd 4 mm nebesky modr\u00fd op\u00e1l, zn\u00e1my svojimi pokojn\u00fdmi farbami pripom\u00ednaj\u00facimi oblaky, ktor\u00e9 sa na svetle tak mierne menia. Je vyroben\u00fd z tit\u00e1nu Implant-Grade F136, tak\u017ee je bezpe\u010dn\u00fd pre \u010derstv\u00e9 piercingy a citliv\u00fa poko\u017eku.<\/p>\n<p>\u010cinka 14G sa dod\u00e1va v troch \u0161tandardn\u00fdch d\u013a\u017ekach (12 mm, 14 mm a 16 mm), tak\u017ee je vhodn\u00e1 na takmer v\u0161etky umiestnenia. Nosite\u013enos\u0165 je ide\u00e1lna v piercingoch pier (ako Labret a Monroe) a v nosn\u00fdch dierkach, kde upokojuj\u00faca farba skuto\u010dne vynikne. Tento spo\u013eahliv\u00fd syst\u00e9m bez z\u00e1vitu poskytuje rovn\u00e9 a pohodln\u00e9 uchytenie, ktor\u00e9 oslov\u00ed klientov t\u00fa\u017eiacich po uvo\u013enenej, \u00e9terickej kr\u00e1se.<\/p>","protected":false},"excerpt":{"rendered":"<ul>\n<li>\u0160perky s kol\u00edkom<\/li>\n<li>Materi\u00e1l: F-136<\/li>\n<li>Meradlo: 14G<\/li>\n<li>D\u013a\u017eka: 12 mm, 14 mm, 16 mm<\/li>\n<li>Ve\u013ekos\u0165 pr\u00edslu\u0161enstva: 4 mm<\/li>\n<li>Drahokam: Modr\u00fd op\u00e1l<\/li>\n<\/ul>","protected":false},"featured_media":22740,"comment_status":"closed","ping_status":"closed","template":"","meta":{"_acf_changed":false},"product_brand":[],"product_cat":[345,340],"product_tag":[298,188,189,190,183,184],"class_list":{"0":"post-22720","1":"product","2":"type-product","3":"status-publish","4":"has-post-thumbnail","6":"product_cat-barbell-titanium-jewelry","7":"product_cat-titanium-jewelry","8":"product_tag-barbell","9":"product_tag-ear","10":"product_tag-helix","11":"product_tag-oreja","12":"product_tag-perforacion","13":"product_tag-piercing","15":"first","16":"instock","17":"taxable","18":"shipping-taxable","19":"purchasable","20":"product-type-variable"},"acf":[],"gallery_images":[27233,27234],"_links":{"self":[{"href":"https:\/\/tremunpiercing.com\/sk\/wp-json\/wp\/v2\/product\/22720","targetHints":{"allow":["GET"]}}],"collection":[{"href":"https:\/\/tremunpiercing.com\/sk\/wp-json\/wp\/v2\/product"}],"about":[{"href":"https:\/\/tremunpiercing.com\/sk\/wp-json\/wp\/v2\/types\/product"}],"replies":[{"embeddable":true,"href":"https:\/\/tremunpiercing.com\/sk\/wp-json\/wp\/v2\/comments?post=22720"}],"version-history":[{"count":1,"href":"https:\/\/tremunpiercing.com\/sk\/wp-json\/wp\/v2\/product\/22720\/revisions"}],"predecessor-version":[{"id":27235,"href":"https:\/\/tremunpiercing.com\/sk\/wp-json\/wp\/v2\/product\/22720\/revisions\/27235"}],"wp:featuredmedia":[{"embeddable":true,"href":"https:\/\/tremunpiercing.com\/sk\/wp-json\/wp\/v2\/media\/22740"}],"wp:attachment":[{"href":"https:\/\/tremunpiercing.com\/sk\/wp-json\/wp\/v2\/media?parent=22720"}],"wp:term":[{"taxonomy":"product_brand","embeddable":true,"href":"https:\/\/tremunpiercing.com\/sk\/wp-json\/wp\/v2\/product_brand?post=22720"},{"taxonomy":"product_cat","embeddable":true,"href":"https:\/\/tremunpiercing.com\/sk\/wp-json\/wp\/v2\/product_cat?post=22720"},{"taxonomy":"product_tag","embeddable":true,"href":"https:\/\/tremunpiercing.com\/sk\/wp-json\/wp\/v2\/product_tag?post=22720"}],"curies":[{"name":"wp","href":"https:\/\/api.w.org\/{rel}","templated":true}]}}