{"id":22730,"date":"2025-10-06T21:53:06","date_gmt":"2025-10-06T20:53:06","guid":{"rendered":"https:\/\/tremunpiercing.com\/?post_type=product&#038;p=22730"},"modified":"2026-04-18T22:16:27","modified_gmt":"2026-04-18T21:16:27","slug":"moon-scepter-ruby","status":"publish","type":"product","link":"https:\/\/tremunpiercing.com\/sk\/product\/moon-scepter-ruby\/","title":{"rendered":"Mesa\u010dn\u00e9 \u017eezlo - Rub\u00edn"},"content":{"rendered":"<p>Vyjadrite svoj n\u00e1zor pomocou \u017eezla Moon Scepter-Ruby, p\u00fatav\u00e9ho dizajnu pre jedine\u010dn\u00e9 piercingy na telo. Obsahuje vn\u00fatorne navle\u010den\u00fa ty\u010d. Dizajn Moon Scepter je vyroben\u00fd z tit\u00e1nu Implant-Grade F136 s prev\u00fd\u0161en\u00fdm polmesiacom, ktor\u00fd uchopuje zhluk \u010derven\u00fdch zirk\u00f3nov - bohat\u00fdch na farbu aj p\u00f4sobivos\u0165.<\/p>\n<p>T\u00e1to p\u00fatav\u00e1 silueta s rozmermi 6 x 15 mm bola vytvoren\u00e1 pre maxim\u00e1lnu vidite\u013enos\u0165. Tento k\u00fasok je ide\u00e1lny na priemyseln\u00fd piercing, aby sa naplno vyu\u017eila jeho d\u013a\u017eka, alebo vynikne ako k\u00fasok na obo\u010die. Bohat\u00e1 rub\u00ednov\u00e1 CZ farba o\u017e\u00edva a zachyt\u00e1va svetlo z ka\u017ed\u00e9ho uhla. Z\u00e1sobte sa \u017eezlom Moon Scepter a umo\u017enite svojim klientom predvies\u0165 odv\u00e1\u017eny a rozsiahly vzh\u013ead a z\u00e1rove\u0148 spoji\u0165 fant\u00e1ziu a profesion\u00e1lnu kvalitu.<\/p>","protected":false},"excerpt":{"rendered":"<ul>\n<li>Vn\u00fatorn\u00e9 z\u00e1vity<\/li>\n<li>Materi\u00e1l: F-136<\/li>\n<li>Drahokam: Kubick\u00fd zirk\u00f3n<\/li>\n<li>Meradlo: 16G<\/li>\n<li>Ve\u013ekos\u0165: 6 mm x 15 mm<\/li>\n<\/ul>","protected":false},"featured_media":22731,"comment_status":"closed","ping_status":"closed","template":"","meta":{"_acf_changed":false},"product_brand":[],"product_cat":[340,343],"product_tag":[187,188,189,205,206,212,190,183,213,184,207],"class_list":{"0":"post-22730","1":"product","2":"type-product","3":"status-publish","4":"has-post-thumbnail","6":"product_cat-titanium-jewelry","7":"product_cat-tops-titanium-jewelry","8":"product_tag-conch","9":"product_tag-ear","10":"product_tag-helix","11":"product_tag-lobe","12":"product_tag-lobulo","13":"product_tag-medusa","14":"product_tag-oreja","15":"product_tag-perforacion","16":"product_tag-philtrum","17":"product_tag-piercing","18":"product_tag-tragus","20":"first","21":"instock","22":"taxable","23":"shipping-taxable","24":"purchasable","25":"product-type-simple"},"acf":[],"gallery_images":[27225,27224],"_links":{"self":[{"href":"https:\/\/tremunpiercing.com\/sk\/wp-json\/wp\/v2\/product\/22730","targetHints":{"allow":["GET"]}}],"collection":[{"href":"https:\/\/tremunpiercing.com\/sk\/wp-json\/wp\/v2\/product"}],"about":[{"href":"https:\/\/tremunpiercing.com\/sk\/wp-json\/wp\/v2\/types\/product"}],"replies":[{"embeddable":true,"href":"https:\/\/tremunpiercing.com\/sk\/wp-json\/wp\/v2\/comments?post=22730"}],"version-history":[{"count":1,"href":"https:\/\/tremunpiercing.com\/sk\/wp-json\/wp\/v2\/product\/22730\/revisions"}],"predecessor-version":[{"id":27226,"href":"https:\/\/tremunpiercing.com\/sk\/wp-json\/wp\/v2\/product\/22730\/revisions\/27226"}],"wp:featuredmedia":[{"embeddable":true,"href":"https:\/\/tremunpiercing.com\/sk\/wp-json\/wp\/v2\/media\/22731"}],"wp:attachment":[{"href":"https:\/\/tremunpiercing.com\/sk\/wp-json\/wp\/v2\/media?parent=22730"}],"wp:term":[{"taxonomy":"product_brand","embeddable":true,"href":"https:\/\/tremunpiercing.com\/sk\/wp-json\/wp\/v2\/product_brand?post=22730"},{"taxonomy":"product_cat","embeddable":true,"href":"https:\/\/tremunpiercing.com\/sk\/wp-json\/wp\/v2\/product_cat?post=22730"},{"taxonomy":"product_tag","embeddable":true,"href":"https:\/\/tremunpiercing.com\/sk\/wp-json\/wp\/v2\/product_tag?post=22730"}],"curies":[{"name":"wp","href":"https:\/\/api.w.org\/{rel}","templated":true}]}}