{"id":22744,"date":"2025-10-06T22:19:54","date_gmt":"2025-10-06T21:19:54","guid":{"rendered":"https:\/\/tremunpiercing.com\/?post_type=product&#038;p=22744"},"modified":"2026-04-20T17:28:09","modified_gmt":"2026-04-20T16:28:09","slug":"solitaire-moon","status":"publish","type":"product","link":"https:\/\/tremunpiercing.com\/sk\/product\/solitaire-moon\/","title":{"rendered":"Solit\u00e9r Mesiac"},"content":{"rendered":"<p>Cvo\u010dek Solitaire Moon je nen\u00e1padn\u00fd a elegantn\u00fd a odr\u00e1\u017ea jemn\u00fa kr\u00e1su mesa\u010dn\u00e9ho svitu. Je to 11,4 mm implant\u00e1tov\u00fd tit\u00e1nov\u00fd cvo\u010dek triedy F-136 s jedn\u00fdm vysokokvalitn\u00fdm kubick\u00fdm zirk\u00f3nom, ktor\u00fd \u017eiari nebeskou \u017eiarou. Kol\u00edk m\u00e1 vn\u00fatorn\u00fd z\u00e1vit a je hladk\u00fd, v\u010faka \u010domu je jeho vkladanie jednoduch\u00e9 a pohodln\u00e9. Tento \u00fa\u017easn\u00fd kol\u00edk je ide\u00e1lny na piercing \u0161pir\u00e1ly, konchy alebo laloku. Solit\u00e9r Mesiac poskytuje rafinovan\u00fd lesk ka\u017ed\u00e9mu uchu v z\u00e1sobn\u00edku alebo je dostato\u010dne elegantn\u00fd na samostatn\u00e9 nosenie. Kol\u00edk je elegantn\u00fd, v\u0161estrann\u00fd, hypoalerg\u00e9nny a je ur\u010den\u00fd pre \u0161perky, ktor\u00e9 dobre vyzeraj\u00fa a s\u00fa pr\u00edjemn\u00e9 na dotyk. Je to kr\u00e1sna, \u017eiariv\u00e1 a jednoduch\u00e1 elegancia zachyten\u00e1 v tomto dizajne \u0161perku.<\/p>","protected":false},"excerpt":{"rendered":"<ul>\n<li>Vn\u00fatorn\u00e9 z\u00e1vity<\/li>\n<li>Materi\u00e1l: F-136<\/li>\n<li>Drahokam: Kubick\u00fd zirk\u00f3n<\/li>\n<li>Meradlo: 16G<\/li>\n<li>Ve\u013ekos\u0165: 11,4 mm<\/li>\n<\/ul>","protected":false},"featured_media":22745,"comment_status":"closed","ping_status":"closed","template":"","meta":{"_acf_changed":false},"product_brand":[],"product_cat":[340,343],"product_tag":[187,188,189,205,206,212,190,183,213,184,207],"class_list":{"0":"post-22744","1":"product","2":"type-product","3":"status-publish","4":"has-post-thumbnail","6":"product_cat-titanium-jewelry","7":"product_cat-tops-titanium-jewelry","8":"product_tag-conch","9":"product_tag-ear","10":"product_tag-helix","11":"product_tag-lobe","12":"product_tag-lobulo","13":"product_tag-medusa","14":"product_tag-oreja","15":"product_tag-perforacion","16":"product_tag-philtrum","17":"product_tag-piercing","18":"product_tag-tragus","20":"first","21":"instock","22":"taxable","23":"shipping-taxable","24":"purchasable","25":"product-type-simple"},"acf":[],"gallery_images":[27207,27208],"_links":{"self":[{"href":"https:\/\/tremunpiercing.com\/sk\/wp-json\/wp\/v2\/product\/22744","targetHints":{"allow":["GET"]}}],"collection":[{"href":"https:\/\/tremunpiercing.com\/sk\/wp-json\/wp\/v2\/product"}],"about":[{"href":"https:\/\/tremunpiercing.com\/sk\/wp-json\/wp\/v2\/types\/product"}],"replies":[{"embeddable":true,"href":"https:\/\/tremunpiercing.com\/sk\/wp-json\/wp\/v2\/comments?post=22744"}],"version-history":[{"count":1,"href":"https:\/\/tremunpiercing.com\/sk\/wp-json\/wp\/v2\/product\/22744\/revisions"}],"predecessor-version":[{"id":27209,"href":"https:\/\/tremunpiercing.com\/sk\/wp-json\/wp\/v2\/product\/22744\/revisions\/27209"}],"wp:featuredmedia":[{"embeddable":true,"href":"https:\/\/tremunpiercing.com\/sk\/wp-json\/wp\/v2\/media\/22745"}],"wp:attachment":[{"href":"https:\/\/tremunpiercing.com\/sk\/wp-json\/wp\/v2\/media?parent=22744"}],"wp:term":[{"taxonomy":"product_brand","embeddable":true,"href":"https:\/\/tremunpiercing.com\/sk\/wp-json\/wp\/v2\/product_brand?post=22744"},{"taxonomy":"product_cat","embeddable":true,"href":"https:\/\/tremunpiercing.com\/sk\/wp-json\/wp\/v2\/product_cat?post=22744"},{"taxonomy":"product_tag","embeddable":true,"href":"https:\/\/tremunpiercing.com\/sk\/wp-json\/wp\/v2\/product_tag?post=22744"}],"curies":[{"name":"wp","href":"https:\/\/api.w.org\/{rel}","templated":true}]}}