{"id":22747,"date":"2025-10-06T22:22:46","date_gmt":"2025-10-06T21:22:46","guid":{"rendered":"https:\/\/tremunpiercing.com\/?post_type=product&#038;p=22747"},"modified":"2026-04-20T17:28:08","modified_gmt":"2026-04-20T16:28:08","slug":"trinity-moon","status":"publish","type":"product","link":"https:\/\/tremunpiercing.com\/sk\/product\/trinity-moon\/","title":{"rendered":"Trinity Moon"},"content":{"rendered":"<p data-start=\"7812\" data-end=\"8463\">In\u0161pirovan\u00fd nebeskou harm\u00f3niou <em data-start=\"7878\" data-end=\"7892\">Trinity Moon<\/em> prin\u00e1\u0161a do va\u0161ej zbierky piercingov zasnen\u00fa sofistikovanos\u0165. Je vyroben\u00fd z implant\u00e1tov\u00e9ho tit\u00e1nu triedy F-136 a obsahuje trojicu drahokamov Cubic Zirconia, ktor\u00e9 vytv\u00e1raj\u00fa jemn\u00fa siluetu polmesiaca. Dizajn s vn\u00fatorn\u00fdm z\u00e1vitom zais\u0165uje hladk\u00e9 nasadenie a celodenn\u00e9 pohodlie, v\u010faka \u010domu je ob\u013e\u00faben\u00fd u profesion\u00e1lov. Tento \u0161perk je ide\u00e1lny na umiestnenie do \u0161pir\u00e1ly, tragu alebo lal\u00f4\u010dika a dod\u00e1 v\u00e1m n\u00e1dych kozmick\u00e9ho lesku bez toho, aby v\u00e1s pre\u0165a\u017eil. Trinity Moon je dokonalou rovnov\u00e1hou medzi modern\u00fdm minimalizmom a nebesk\u00fdm \u0161armom - mus\u00ed ho ma\u0165 ka\u017ed\u00fd, kto zbo\u017e\u0148uje p\u00f4vabn\u00e9, nad\u010dasov\u00e9 \u0161perky.<\/p>\n<p data-start=\"8465\" data-end=\"8660\">","protected":false},"excerpt":{"rendered":"<ul>\n<li>Vn\u00fatorn\u00e9 z\u00e1vity<\/li>\n<li>Materi\u00e1l: F-136<\/li>\n<li>Drahokam: Kubick\u00fd zirk\u00f3n<\/li>\n<li>Meradlo: 16G<\/li>\n<li>Ve\u013ekos\u0165: 7 mm<\/li>\n<\/ul>","protected":false},"featured_media":22748,"comment_status":"closed","ping_status":"closed","template":"","meta":{"_acf_changed":false},"product_brand":[],"product_cat":[340,343],"product_tag":[187,188,189,205,206,212,190,183,213,184,207],"class_list":{"0":"post-22747","1":"product","2":"type-product","3":"status-publish","4":"has-post-thumbnail","6":"product_cat-titanium-jewelry","7":"product_cat-tops-titanium-jewelry","8":"product_tag-conch","9":"product_tag-ear","10":"product_tag-helix","11":"product_tag-lobe","12":"product_tag-lobulo","13":"product_tag-medusa","14":"product_tag-oreja","15":"product_tag-perforacion","16":"product_tag-philtrum","17":"product_tag-piercing","18":"product_tag-tragus","20":"first","21":"instock","22":"taxable","23":"shipping-taxable","24":"purchasable","25":"product-type-simple"},"acf":[],"gallery_images":[27204,27205],"_links":{"self":[{"href":"https:\/\/tremunpiercing.com\/sk\/wp-json\/wp\/v2\/product\/22747","targetHints":{"allow":["GET"]}}],"collection":[{"href":"https:\/\/tremunpiercing.com\/sk\/wp-json\/wp\/v2\/product"}],"about":[{"href":"https:\/\/tremunpiercing.com\/sk\/wp-json\/wp\/v2\/types\/product"}],"replies":[{"embeddable":true,"href":"https:\/\/tremunpiercing.com\/sk\/wp-json\/wp\/v2\/comments?post=22747"}],"version-history":[{"count":1,"href":"https:\/\/tremunpiercing.com\/sk\/wp-json\/wp\/v2\/product\/22747\/revisions"}],"predecessor-version":[{"id":27206,"href":"https:\/\/tremunpiercing.com\/sk\/wp-json\/wp\/v2\/product\/22747\/revisions\/27206"}],"wp:featuredmedia":[{"embeddable":true,"href":"https:\/\/tremunpiercing.com\/sk\/wp-json\/wp\/v2\/media\/22748"}],"wp:attachment":[{"href":"https:\/\/tremunpiercing.com\/sk\/wp-json\/wp\/v2\/media?parent=22747"}],"wp:term":[{"taxonomy":"product_brand","embeddable":true,"href":"https:\/\/tremunpiercing.com\/sk\/wp-json\/wp\/v2\/product_brand?post=22747"},{"taxonomy":"product_cat","embeddable":true,"href":"https:\/\/tremunpiercing.com\/sk\/wp-json\/wp\/v2\/product_cat?post=22747"},{"taxonomy":"product_tag","embeddable":true,"href":"https:\/\/tremunpiercing.com\/sk\/wp-json\/wp\/v2\/product_tag?post=22747"}],"curies":[{"name":"wp","href":"https:\/\/api.w.org\/{rel}","templated":true}]}}