{"id":22753,"date":"2025-10-06T22:30:25","date_gmt":"2025-10-06T21:30:25","guid":{"rendered":"https:\/\/tremunpiercing.com\/?post_type=product&#038;p=22753"},"modified":"2026-04-19T23:03:55","modified_gmt":"2026-04-19T22:03:55","slug":"keri","status":"publish","type":"product","link":"https:\/\/tremunpiercing.com\/sk\/product\/keri\/","title":{"rendered":"Keri"},"content":{"rendered":"<p>Tit\u00e1nov\u00e1 \u0161pi\u010dka s vn\u00fatorn\u00fdm z\u00e1vitom Keri zav\u00e1dza do profesion\u00e1lnych \u0161perkov na piercing jednoduch\u00fd kozmetick\u00fd prvok. Ty\u010dinka Keri je vyroben\u00e1 z tit\u00e1nu chirurgickej kvality (F-136), je hypoalerg\u00e9nna, spo\u013eahliv\u00e1 a leskl\u00e1. Kame\u0148 z kubick\u00e9ho zirk\u00f3nu m\u00f4\u017ee poskytn\u00fa\u0165 \u00fa\u017easn\u00fd lesk klientom, ktor\u00ed h\u013eadaj\u00fa klasick\u00fd pr\u00edstup s pridan\u00fdm \u0161mrncom. \u0160perk Keri je k dispoz\u00edcii s vn\u00fatorn\u00fdm z\u00e1vitom 16G pre bezprobl\u00e9mov\u00fa in\u0161tal\u00e1ciu a r\u00fdchlu in\u0161tal\u00e1ciu s minim\u00e1lnym tren\u00edm po\u010das in\u0161tal\u00e1cie.<\/p>\n<p>Keri sa d\u00e1 pou\u017ei\u0165 na \u013eubovo\u013enom mieste, napr\u00edklad v uchu, na per\u00e1ch alebo v \u0161pir\u00e1lovej chrupavke, a pom\u00e1ha profesion\u00e1lom, ktor\u00ed h\u013eadaj\u00fa kvalitu a praktickos\u0165. Top Keri odpor\u00fa\u010daj\u00fa \u0161t\u00fadi\u00e1 v celej Eur\u00f3pe a USA. Vrcholy Keri maj\u00fa v\u00fdnimo\u010dn\u00fa hodnotu, vynikaj\u00facu cenov\u00fa dostupnos\u0165, vysok\u00fa presnos\u0165, trval\u00e9 opotrebovanie a plo\u0161n\u00fa odolnos\u0165. Ide\u00e1lny doplnok na doplnenie va\u0161ich profesion\u00e1lnych \u0161perkov a doplnkov na piercing tela!<\/p>\n<p>&nbsp;<\/p>","protected":false},"excerpt":{"rendered":"<ul>\n<li>Vn\u00fatorn\u00e9 z\u00e1vity<\/li>\n<li>Materi\u00e1l: F-136<\/li>\n<li>Drahokam: Kubick\u00fd zirk\u00f3n<\/li>\n<li>Meradlo: 16G<\/li>\n<li>Ve\u013ekos\u0165: 5 mm<\/li>\n<\/ul>","protected":false},"featured_media":22754,"comment_status":"closed","ping_status":"closed","template":"","meta":{"_acf_changed":false},"product_brand":[],"product_cat":[340,343],"product_tag":[187,188,189,205,206,212,190,183,213,184,207],"class_list":{"0":"post-22753","1":"product","2":"type-product","3":"status-publish","4":"has-post-thumbnail","6":"product_cat-titanium-jewelry","7":"product_cat-tops-titanium-jewelry","8":"product_tag-conch","9":"product_tag-ear","10":"product_tag-helix","11":"product_tag-lobe","12":"product_tag-lobulo","13":"product_tag-medusa","14":"product_tag-oreja","15":"product_tag-perforacion","16":"product_tag-philtrum","17":"product_tag-piercing","18":"product_tag-tragus","20":"first","21":"instock","22":"taxable","23":"shipping-taxable","24":"purchasable","25":"product-type-simple"},"acf":[],"gallery_images":[27188,27187],"_links":{"self":[{"href":"https:\/\/tremunpiercing.com\/sk\/wp-json\/wp\/v2\/product\/22753","targetHints":{"allow":["GET"]}}],"collection":[{"href":"https:\/\/tremunpiercing.com\/sk\/wp-json\/wp\/v2\/product"}],"about":[{"href":"https:\/\/tremunpiercing.com\/sk\/wp-json\/wp\/v2\/types\/product"}],"replies":[{"embeddable":true,"href":"https:\/\/tremunpiercing.com\/sk\/wp-json\/wp\/v2\/comments?post=22753"}],"version-history":[{"count":1,"href":"https:\/\/tremunpiercing.com\/sk\/wp-json\/wp\/v2\/product\/22753\/revisions"}],"predecessor-version":[{"id":27189,"href":"https:\/\/tremunpiercing.com\/sk\/wp-json\/wp\/v2\/product\/22753\/revisions\/27189"}],"wp:featuredmedia":[{"embeddable":true,"href":"https:\/\/tremunpiercing.com\/sk\/wp-json\/wp\/v2\/media\/22754"}],"wp:attachment":[{"href":"https:\/\/tremunpiercing.com\/sk\/wp-json\/wp\/v2\/media?parent=22753"}],"wp:term":[{"taxonomy":"product_brand","embeddable":true,"href":"https:\/\/tremunpiercing.com\/sk\/wp-json\/wp\/v2\/product_brand?post=22753"},{"taxonomy":"product_cat","embeddable":true,"href":"https:\/\/tremunpiercing.com\/sk\/wp-json\/wp\/v2\/product_cat?post=22753"},{"taxonomy":"product_tag","embeddable":true,"href":"https:\/\/tremunpiercing.com\/sk\/wp-json\/wp\/v2\/product_tag?post=22753"}],"curies":[{"name":"wp","href":"https:\/\/api.w.org\/{rel}","templated":true}]}}