{"id":22788,"date":"2025-10-07T22:57:35","date_gmt":"2025-10-07T21:57:35","guid":{"rendered":"https:\/\/tremunpiercing.com\/?post_type=product&#038;p=22788"},"modified":"2026-04-20T17:28:21","modified_gmt":"2026-04-20T16:28:21","slug":"crown-spike-moss-agate","status":"publish","type":"product","link":"https:\/\/tremunpiercing.com\/sk\/product\/crown-spike-moss-agate\/","title":{"rendered":"Korunn\u00fd hrot - machov\u00fd ach\u00e1t"},"content":{"rendered":"<p>Korunn\u00fd kol\u00edk Crown Spike Moss Agate odr\u00e1\u017ea sebavedom\u00fa eleganciu a pr\u00edzemn\u00fa kr\u00e1su. Je ru\u010dne vyroben\u00fd z implant\u00e1tov\u00e9ho tit\u00e1nu F-136 a je vybaven\u00fd pr\u00edrodn\u00fdm drahokamom machov\u00fdm ach\u00e1tom, ktor\u00fd vykazuje organick\u00e9 zelen\u00e9 vzory a je cenen\u00fd pre svoju uzem\u0148uj\u00facu energiu. Osadenie v \u0161t\u00fdle korunky dod\u00e1va \u0161perku n\u00e1dych kr\u00e1\u013eovskej noblesy, zatia\u013e \u010do detail \u0161pice mu dod\u00e1va modern\u00fd, umeleck\u00fd n\u00e1dych.<\/p>\n<p>K dispoz\u00edcii s\u00fa vo ve\u013ekostiach 16G-14G, aby sa prisp\u00f4sobili ka\u017ed\u00e9mu, kto preferuje \u0161t\u00fdl piercingu a miluje vyhl\u00e1senie, a s\u00fa pr\u00edkladom umeleck\u00e9ho po\u0148atia elegantn\u00fdch n\u00e1u\u0161n\u00edc. Rovnako ako v\u0161etky \u0161perky Pierce m\u00e1 vn\u00fatorn\u00fd z\u00e1vit pre jednoduch\u00e9 pou\u017e\u00edvanie a funk\u010dne v\u00e1\u017ene db\u00e1 na pohodlie a bezpe\u010dnos\u0165. Tento \u0161perk v sebe sp\u00e1ja surov\u00fa prirodzenos\u0165 s hotovou kr\u00e1sou a je skvel\u00fd na poskladanie neprekonate\u013en\u00e9ho, v\u00fdrazn\u00e9ho vzh\u013eadu pov\u00fd\u0161en\u00e9ho \u0161perku.<\/p>","protected":false},"excerpt":{"rendered":"<ul>\n<li>Vn\u00fatorn\u00e9 z\u00e1vity<\/li>\n<li>Materi\u00e1l: F-136<\/li>\n<li>Drahokam: <span data-sheets-root=\"1\">Machov\u00fd ach\u00e1t<\/span><\/li>\n<li>Meradlo: 16G - 14G<\/li>\n<li>Ve\u013ekos\u0165: 4 mm x 4 mm<\/li>\n<\/ul>","protected":false},"featured_media":23004,"comment_status":"closed","ping_status":"closed","template":"","meta":{"_acf_changed":false},"product_brand":[],"product_cat":[340,343],"product_tag":[187,188,189,205,206,212,190,183,213,184,207],"class_list":{"0":"post-22788","1":"product","2":"type-product","3":"status-publish","4":"has-post-thumbnail","6":"product_cat-titanium-jewelry","7":"product_cat-tops-titanium-jewelry","8":"product_tag-conch","9":"product_tag-ear","10":"product_tag-helix","11":"product_tag-lobe","12":"product_tag-lobulo","13":"product_tag-medusa","14":"product_tag-oreja","15":"product_tag-perforacion","16":"product_tag-philtrum","17":"product_tag-piercing","18":"product_tag-tragus","20":"first","21":"instock","22":"taxable","23":"shipping-taxable","24":"purchasable","25":"product-type-variable"},"acf":[],"gallery_images":[27217,27218],"_links":{"self":[{"href":"https:\/\/tremunpiercing.com\/sk\/wp-json\/wp\/v2\/product\/22788","targetHints":{"allow":["GET"]}}],"collection":[{"href":"https:\/\/tremunpiercing.com\/sk\/wp-json\/wp\/v2\/product"}],"about":[{"href":"https:\/\/tremunpiercing.com\/sk\/wp-json\/wp\/v2\/types\/product"}],"replies":[{"embeddable":true,"href":"https:\/\/tremunpiercing.com\/sk\/wp-json\/wp\/v2\/comments?post=22788"}],"version-history":[{"count":1,"href":"https:\/\/tremunpiercing.com\/sk\/wp-json\/wp\/v2\/product\/22788\/revisions"}],"predecessor-version":[{"id":27219,"href":"https:\/\/tremunpiercing.com\/sk\/wp-json\/wp\/v2\/product\/22788\/revisions\/27219"}],"wp:featuredmedia":[{"embeddable":true,"href":"https:\/\/tremunpiercing.com\/sk\/wp-json\/wp\/v2\/media\/23004"}],"wp:attachment":[{"href":"https:\/\/tremunpiercing.com\/sk\/wp-json\/wp\/v2\/media?parent=22788"}],"wp:term":[{"taxonomy":"product_brand","embeddable":true,"href":"https:\/\/tremunpiercing.com\/sk\/wp-json\/wp\/v2\/product_brand?post=22788"},{"taxonomy":"product_cat","embeddable":true,"href":"https:\/\/tremunpiercing.com\/sk\/wp-json\/wp\/v2\/product_cat?post=22788"},{"taxonomy":"product_tag","embeddable":true,"href":"https:\/\/tremunpiercing.com\/sk\/wp-json\/wp\/v2\/product_tag?post=22788"}],"curies":[{"name":"wp","href":"https:\/\/api.w.org\/{rel}","templated":true}]}}