{"id":23034,"date":"2025-10-10T23:11:41","date_gmt":"2025-10-10T22:11:41","guid":{"rendered":"https:\/\/tremunpiercing.com\/?post_type=product&#038;p=23034"},"modified":"2026-04-02T14:43:22","modified_gmt":"2026-04-02T13:43:22","slug":"natalie-peridot-cz","status":"publish","type":"product","link":"https:\/\/tremunpiercing.com\/sk\/product\/natalie-peridot-cz\/","title":{"rendered":"Natalie - Peridot CZ"},"content":{"rendered":"<p>Svie\u017ei, vesel\u00fd a pln\u00fd \u017eivota, Natalie Peridot CZ je najlep\u0161ou vo\u013ebou, ako doda\u0165 svojmu vzh\u013eadu n\u00e1dych zelenej farby. \u017diariv\u00fd drahokam peridot sa trbliece prirodzen\u00fdm jasom a odr\u00e1\u017ea obnovu a optimizmus. Je vyroben\u00fd z implant\u00e1tovej triedy tit\u00e1nu F-136 a pon\u00faka trval\u00fd lesk, pohodlie bezpe\u010dn\u00e9 pre poko\u017eku a odolnos\u0165 vo\u010di kor\u00f3zii - pre citliv\u00fdch nosite\u013eov je to nevyhnutnos\u0165.<\/p>\n<p>Jeho kon\u0161trukcia s vn\u00fatorn\u00fdm z\u00e1vitom zaru\u010duje hladk\u00fd a bezpe\u010dn\u00fd chod, ktor\u00e9mu d\u00f4veruj\u00fa profesion\u00e1li aj fan\u00fa\u0161ikovia \u0161perkov. Peridot Natalie vyzer\u00e1 skvele v \u0161pir\u00e1le, laloku alebo tragu a je skvel\u00fd ako minimalistick\u00fd \u0161perk alebo ako s\u00fa\u010das\u0165 skupiny \u0161perkov. S t\u00fdmto \u017eiarivo zelen\u00fdm kame\u0148om m\u00f4\u017eete svojmu \u0161t\u00fdlu doda\u0165 osvie\u017euj\u00faci farebn\u00fd n\u00e1dych a nad\u010dasov\u00fa kvalitu!<\/p>","protected":false},"excerpt":{"rendered":"<ul>\n<li>Vn\u00fatorn\u00e9 z\u00e1vity<\/li>\n<li>Materi\u00e1l: F-136<\/li>\n<li>Drahokam: Peridot<\/li>\n<li>Meradlo: 16G<\/li>\n<\/ul>","protected":false},"featured_media":23035,"comment_status":"closed","ping_status":"closed","template":"","meta":{"_acf_changed":false},"product_brand":[],"product_cat":[340,343],"product_tag":[187,188,189,205,206,212,190,183,213,184,207],"class_list":{"0":"post-23034","1":"product","2":"type-product","3":"status-publish","4":"has-post-thumbnail","6":"product_cat-titanium-jewelry","7":"product_cat-tops-titanium-jewelry","8":"product_tag-conch","9":"product_tag-ear","10":"product_tag-helix","11":"product_tag-lobe","12":"product_tag-lobulo","13":"product_tag-medusa","14":"product_tag-oreja","15":"product_tag-perforacion","16":"product_tag-philtrum","17":"product_tag-piercing","18":"product_tag-tragus","20":"first","21":"instock","22":"taxable","23":"shipping-taxable","24":"purchasable","25":"product-type-simple"},"acf":[],"gallery_images":[27119,27118],"_links":{"self":[{"href":"https:\/\/tremunpiercing.com\/sk\/wp-json\/wp\/v2\/product\/23034","targetHints":{"allow":["GET"]}}],"collection":[{"href":"https:\/\/tremunpiercing.com\/sk\/wp-json\/wp\/v2\/product"}],"about":[{"href":"https:\/\/tremunpiercing.com\/sk\/wp-json\/wp\/v2\/types\/product"}],"replies":[{"embeddable":true,"href":"https:\/\/tremunpiercing.com\/sk\/wp-json\/wp\/v2\/comments?post=23034"}],"version-history":[{"count":1,"href":"https:\/\/tremunpiercing.com\/sk\/wp-json\/wp\/v2\/product\/23034\/revisions"}],"predecessor-version":[{"id":27120,"href":"https:\/\/tremunpiercing.com\/sk\/wp-json\/wp\/v2\/product\/23034\/revisions\/27120"}],"wp:featuredmedia":[{"embeddable":true,"href":"https:\/\/tremunpiercing.com\/sk\/wp-json\/wp\/v2\/media\/23035"}],"wp:attachment":[{"href":"https:\/\/tremunpiercing.com\/sk\/wp-json\/wp\/v2\/media?parent=23034"}],"wp:term":[{"taxonomy":"product_brand","embeddable":true,"href":"https:\/\/tremunpiercing.com\/sk\/wp-json\/wp\/v2\/product_brand?post=23034"},{"taxonomy":"product_cat","embeddable":true,"href":"https:\/\/tremunpiercing.com\/sk\/wp-json\/wp\/v2\/product_cat?post=23034"},{"taxonomy":"product_tag","embeddable":true,"href":"https:\/\/tremunpiercing.com\/sk\/wp-json\/wp\/v2\/product_tag?post=23034"}],"curies":[{"name":"wp","href":"https:\/\/api.w.org\/{rel}","templated":true}]}}