{"id":23038,"date":"2025-10-10T23:15:27","date_gmt":"2025-10-10T22:15:27","guid":{"rendered":"https:\/\/tremunpiercing.com\/?post_type=product&#038;p=23038"},"modified":"2026-03-31T00:29:57","modified_gmt":"2026-03-30T23:29:57","slug":"natalie-champagne-cz","status":"publish","type":"product","link":"https:\/\/tremunpiercing.com\/sk\/product\/natalie-champagne-cz\/","title":{"rendered":"Natalie - Champagne CZ"},"content":{"rendered":"<p>Jemn\u00fd, hrejiv\u00fd a neodolate\u013ene rafinovan\u00fd - Natalie Champagne CZ dod\u00e1 va\u0161ej zbierke piercingov\u00fdch \u0161perkov decentn\u00fd luxus. Jemn\u00fd zlat\u00fd odtie\u0148 zirk\u00f3nov\u00e9ho drahokamu sa jemne a sofistikovane leskne a je kr\u00e1sny na ka\u017edom t\u00f3ne pleti. Tento piercingov\u00fd drahokam je vyroben\u00fd z implant\u00e1tovej triedy tit\u00e1nu F-136, je mimoriadne pevn\u00fd, \u013eahk\u00fd, hypoalerg\u00e9nny a pohodln\u00fd.<\/p>\n<p>V\u010faka kon\u0161trukcii s vn\u00fatorn\u00fdm z\u00e1vitom sa \u013eahko nasadzuje a upev\u0148uje na mieste, preto ho profesion\u00e1li radi pou\u017e\u00edvaj\u00fa! M\u00f4\u017eete ho \u0161tylizova\u0165 form\u00e1lne na \u0161peci\u00e1lne udalosti alebo pre ka\u017edodenn\u00e9 vyjadrenie. Natalie Champagne dod\u00e1 v\u00e1\u0161mu piercingu nad\u010dasov\u00fd vzh\u013ead. Skombinujte ju s ak\u00fdmiko\u013evek zlat\u00fdmi k\u00faskami a\/alebo in\u00fdmi kontrastn\u00fdmi strieborn\u00fdmi \u0161perkami, aby ste vytvorili bez n\u00e1mahy luxusn\u00fd vzh\u013ead.<\/p>","protected":false},"excerpt":{"rendered":"<ul>\n<li>Vn\u00fatorn\u00e9 z\u00e1vity<\/li>\n<li>Materi\u00e1l: F-136<\/li>\n<li>Drahokam: Kubick\u00fd zirk\u00f3n<\/li>\n<li>Meradlo: 16G<\/li>\n<\/ul>","protected":false},"featured_media":23039,"comment_status":"closed","ping_status":"closed","template":"","meta":{"_acf_changed":false},"product_brand":[],"product_cat":[340,343],"product_tag":[187,188,189,205,206,212,190,183,213,184,207],"class_list":{"0":"post-23038","1":"product","2":"type-product","3":"status-publish","4":"has-post-thumbnail","6":"product_cat-titanium-jewelry","7":"product_cat-tops-titanium-jewelry","8":"product_tag-conch","9":"product_tag-ear","10":"product_tag-helix","11":"product_tag-lobe","12":"product_tag-lobulo","13":"product_tag-medusa","14":"product_tag-oreja","15":"product_tag-perforacion","16":"product_tag-philtrum","17":"product_tag-piercing","18":"product_tag-tragus","20":"first","21":"instock","22":"taxable","23":"shipping-taxable","24":"purchasable","25":"product-type-simple"},"acf":[],"gallery_images":[27115,27116],"_links":{"self":[{"href":"https:\/\/tremunpiercing.com\/sk\/wp-json\/wp\/v2\/product\/23038","targetHints":{"allow":["GET"]}}],"collection":[{"href":"https:\/\/tremunpiercing.com\/sk\/wp-json\/wp\/v2\/product"}],"about":[{"href":"https:\/\/tremunpiercing.com\/sk\/wp-json\/wp\/v2\/types\/product"}],"replies":[{"embeddable":true,"href":"https:\/\/tremunpiercing.com\/sk\/wp-json\/wp\/v2\/comments?post=23038"}],"version-history":[{"count":1,"href":"https:\/\/tremunpiercing.com\/sk\/wp-json\/wp\/v2\/product\/23038\/revisions"}],"predecessor-version":[{"id":27117,"href":"https:\/\/tremunpiercing.com\/sk\/wp-json\/wp\/v2\/product\/23038\/revisions\/27117"}],"wp:featuredmedia":[{"embeddable":true,"href":"https:\/\/tremunpiercing.com\/sk\/wp-json\/wp\/v2\/media\/23039"}],"wp:attachment":[{"href":"https:\/\/tremunpiercing.com\/sk\/wp-json\/wp\/v2\/media?parent=23038"}],"wp:term":[{"taxonomy":"product_brand","embeddable":true,"href":"https:\/\/tremunpiercing.com\/sk\/wp-json\/wp\/v2\/product_brand?post=23038"},{"taxonomy":"product_cat","embeddable":true,"href":"https:\/\/tremunpiercing.com\/sk\/wp-json\/wp\/v2\/product_cat?post=23038"},{"taxonomy":"product_tag","embeddable":true,"href":"https:\/\/tremunpiercing.com\/sk\/wp-json\/wp\/v2\/product_tag?post=23038"}],"curies":[{"name":"wp","href":"https:\/\/api.w.org\/{rel}","templated":true}]}}