{"id":23046,"date":"2025-10-10T23:18:29","date_gmt":"2025-10-10T22:18:29","guid":{"rendered":"https:\/\/tremunpiercing.com\/?post_type=product&#038;p=23046"},"modified":"2026-03-31T14:24:08","modified_gmt":"2026-03-31T13:24:08","slug":"natalie-vitrial-cz","status":"publish","type":"product","link":"https:\/\/tremunpiercing.com\/sk\/product\/natalie-vitrial-cz\/","title":{"rendered":"Natalie - Vitrial CZ"},"content":{"rendered":"<p>Vneste do svojej zbierky piercingov \u00fa\u017easn\u00fa farbu s n\u00e1u\u0161nicami Natalie Vitrial CZ. Tento naozaj n\u00e1dhern\u00fd k\u00fasok je vybaven\u00fd viacfarebn\u00fdm zirk\u00f3nom, n\u00e1dhern\u00fdm kame\u0148om, ktor\u00fd m\u00e1 \u00fa\u017easn\u00e9 z\u00e1blesky ru\u017eovej, fialovej a zelenej farby, ktor\u00e9 sa trblietaj\u00fa a \u017eiaria v akomko\u013evek svetle! Natalie je vyroben\u00e1 z tit\u00e1nu F-136 lek\u00e1rskej kvality, ktor\u00fd je \u013eahk\u00fd, odoln\u00fd vo\u010di kor\u00f3zii a v\u00fdnimo\u010dne pohodln\u00fd na dlhodob\u00e9 pou\u017e\u00edvanie. Kon\u0161trukcia s vn\u00fatorn\u00fdm z\u00e1vitom zais\u0165uje pohodln\u00e9 a hladk\u00e9 uchytenie pre va\u0161e vo\u013ene sa pohybuj\u00face piercingy alebo zahojen\u00e9 piercingy.<\/p>\n<p>Natalie bude vyzera\u0165 kr\u00e1sne vo va\u0161om laloku, \u0161pir\u00e1le alebo konche. Noste ju v dobrom zdrav\u00ed a dodajte jej vlastn\u00fd odv\u00e1\u017eny n\u00e1dych individuality. Tento \u0161perk, ktor\u00fd si ob\u013e\u00fabili umelci piercingu a nad\u0161enci \u0161perkov, zaru\u010duje bezpe\u010dnostn\u00e9 \u0161tandardy na profesion\u00e1lnej \u00farovni a vizu\u00e1lny luxus - preto\u017ee si zasl\u00fa\u017eite luxusn\u00fd lesk, ktor\u00fd vydr\u017e\u00ed.<\/p>","protected":false},"excerpt":{"rendered":"<ul>\n<li>Vn\u00fatorn\u00e9 z\u00e1vity<\/li>\n<li>Materi\u00e1l: F-136<\/li>\n<li>Drahokam: Kubick\u00fd zirk\u00f3n<\/li>\n<li>Meradlo: 16G<\/li>\n<\/ul>","protected":false},"featured_media":23047,"comment_status":"closed","ping_status":"closed","template":"","meta":{"_acf_changed":false},"product_brand":[],"product_cat":[340,343],"product_tag":[187,188,189,205,206,212,190,183,213,184,207],"class_list":{"0":"post-23046","1":"product","2":"type-product","3":"status-publish","4":"has-post-thumbnail","6":"product_cat-titanium-jewelry","7":"product_cat-tops-titanium-jewelry","8":"product_tag-conch","9":"product_tag-ear","10":"product_tag-helix","11":"product_tag-lobe","12":"product_tag-lobulo","13":"product_tag-medusa","14":"product_tag-oreja","15":"product_tag-perforacion","16":"product_tag-philtrum","17":"product_tag-piercing","18":"product_tag-tragus","20":"first","21":"instock","22":"taxable","23":"shipping-taxable","24":"purchasable","25":"product-type-simple"},"acf":[],"gallery_images":[27109,27110],"_links":{"self":[{"href":"https:\/\/tremunpiercing.com\/sk\/wp-json\/wp\/v2\/product\/23046","targetHints":{"allow":["GET"]}}],"collection":[{"href":"https:\/\/tremunpiercing.com\/sk\/wp-json\/wp\/v2\/product"}],"about":[{"href":"https:\/\/tremunpiercing.com\/sk\/wp-json\/wp\/v2\/types\/product"}],"replies":[{"embeddable":true,"href":"https:\/\/tremunpiercing.com\/sk\/wp-json\/wp\/v2\/comments?post=23046"}],"version-history":[{"count":1,"href":"https:\/\/tremunpiercing.com\/sk\/wp-json\/wp\/v2\/product\/23046\/revisions"}],"predecessor-version":[{"id":27111,"href":"https:\/\/tremunpiercing.com\/sk\/wp-json\/wp\/v2\/product\/23046\/revisions\/27111"}],"wp:featuredmedia":[{"embeddable":true,"href":"https:\/\/tremunpiercing.com\/sk\/wp-json\/wp\/v2\/media\/23047"}],"wp:attachment":[{"href":"https:\/\/tremunpiercing.com\/sk\/wp-json\/wp\/v2\/media?parent=23046"}],"wp:term":[{"taxonomy":"product_brand","embeddable":true,"href":"https:\/\/tremunpiercing.com\/sk\/wp-json\/wp\/v2\/product_brand?post=23046"},{"taxonomy":"product_cat","embeddable":true,"href":"https:\/\/tremunpiercing.com\/sk\/wp-json\/wp\/v2\/product_cat?post=23046"},{"taxonomy":"product_tag","embeddable":true,"href":"https:\/\/tremunpiercing.com\/sk\/wp-json\/wp\/v2\/product_tag?post=23046"}],"curies":[{"name":"wp","href":"https:\/\/api.w.org\/{rel}","templated":true}]}}