{"id":23544,"date":"2025-10-25T15:56:04","date_gmt":"2025-10-25T14:56:04","guid":{"rendered":"https:\/\/tremunpiercing.com\/?post_type=product&#038;p=23544"},"modified":"2026-04-19T10:21:10","modified_gmt":"2026-04-19T09:21:10","slug":"prong-2-0-spring-green-white","status":"publish","type":"product","link":"https:\/\/tremunpiercing.com\/sk\/product\/prong-2-0-spring-green-white\/","title":{"rendered":"Prong 2.0 - jarn\u00e1 zelen\u00e1 - biela"},"content":{"rendered":"<p>N\u00e1\u0161 kol\u00edk 2.0-Spring Green-White Push Pin Accessory je vyroben\u00fd z tit\u00e1nu implanta\u010dnej triedy F-136 a je vybaven\u00fd kvalitn\u00fdmi zirk\u00f3nmi Swarovski. Jarn\u00fd zelen\u00fd drahokam v spojen\u00ed s kri\u0161t\u00e1\u013eovo bielym akcentom je \u017eivou kombin\u00e1ciou, ktor\u00e1 zn\u00e1zor\u0148uje energiu a rovnov\u00e1hu. Pru\u017einovo zelen\u00fd push pin s priemerom 5 mm a hr\u00fabkou 25G sa pekne hod\u00ed do piercingu v nosovej dierke, \u0161pir\u00e1le alebo tragu! Bezz\u00e1vitov\u00e1 funkcia push-pinu umo\u017e\u0148uje jednoduch\u00fa in\u0161tal\u00e1ciu na va\u0161ej strane a nezanech\u00e1va v zahojenom piercingu \u017eiadne vidite\u013en\u00e9 kovanie. Ide\u00e1lny pre profesion\u00e1lnych piercerov, ktor\u00ed chc\u00fa poskytn\u00fa\u0165 elegantn\u00fd, hypoalerg\u00e9nny \u0161perk s farebn\u00fdm n\u00e1dychom a energiou bez pocitu nepohodlia. N\u00e1dhern\u00fd k\u00fasok na vlo\u017eenie do ka\u017edej kur\u00e1torskej zbierky!<\/p>","protected":false},"excerpt":{"rendered":"<ul>\n<li>Pr\u00edslu\u0161enstvo bez z\u00e1vitu<\/li>\n<li>Materi\u00e1l: F-136<\/li>\n<li>Priemer: 5 mm<\/li>\n<li>Mierka: 25G<\/li>\n<li>Drahokam: Zirk\u00f3n - Premium<\/li>\n<\/ul>","protected":false},"featured_media":23545,"comment_status":"closed","ping_status":"closed","template":"","meta":{"_acf_changed":false},"product_brand":[],"product_cat":[442,340,343],"product_tag":[192,193,202,179,180,194,188,189,195,196,226,190,183,184,197,198],"class_list":{"0":"post-23544","1":"product","2":"type-product","3":"status-publish","4":"has-post-thumbnail","6":"product_cat-sw","7":"product_cat-titanium-jewelry","8":"product_cat-tops-titanium-jewelry","9":"product_tag-anillo","10":"product_tag-argolla","11":"product_tag-clicker","12":"product_tag-cristal","13":"product_tag-cz","14":"product_tag-daith","15":"product_tag-ear","16":"product_tag-helix","17":"product_tag-hinged-ring","18":"product_tag-nariz","19":"product_tag-opal","20":"product_tag-oreja","21":"product_tag-perforacion","22":"product_tag-piercing","23":"product_tag-ring","24":"product_tag-septum","26":"first","27":"instock","28":"taxable","29":"shipping-taxable","30":"purchasable","31":"product-type-simple"},"acf":[],"gallery_images":[27092,27093],"_links":{"self":[{"href":"https:\/\/tremunpiercing.com\/sk\/wp-json\/wp\/v2\/product\/23544","targetHints":{"allow":["GET"]}}],"collection":[{"href":"https:\/\/tremunpiercing.com\/sk\/wp-json\/wp\/v2\/product"}],"about":[{"href":"https:\/\/tremunpiercing.com\/sk\/wp-json\/wp\/v2\/types\/product"}],"replies":[{"embeddable":true,"href":"https:\/\/tremunpiercing.com\/sk\/wp-json\/wp\/v2\/comments?post=23544"}],"version-history":[{"count":1,"href":"https:\/\/tremunpiercing.com\/sk\/wp-json\/wp\/v2\/product\/23544\/revisions"}],"predecessor-version":[{"id":27094,"href":"https:\/\/tremunpiercing.com\/sk\/wp-json\/wp\/v2\/product\/23544\/revisions\/27094"}],"wp:featuredmedia":[{"embeddable":true,"href":"https:\/\/tremunpiercing.com\/sk\/wp-json\/wp\/v2\/media\/23545"}],"wp:attachment":[{"href":"https:\/\/tremunpiercing.com\/sk\/wp-json\/wp\/v2\/media?parent=23544"}],"wp:term":[{"taxonomy":"product_brand","embeddable":true,"href":"https:\/\/tremunpiercing.com\/sk\/wp-json\/wp\/v2\/product_brand?post=23544"},{"taxonomy":"product_cat","embeddable":true,"href":"https:\/\/tremunpiercing.com\/sk\/wp-json\/wp\/v2\/product_cat?post=23544"},{"taxonomy":"product_tag","embeddable":true,"href":"https:\/\/tremunpiercing.com\/sk\/wp-json\/wp\/v2\/product_tag?post=23544"}],"curies":[{"name":"wp","href":"https:\/\/api.w.org\/{rel}","templated":true}]}}