{"id":23625,"date":"2025-10-27T23:09:04","date_gmt":"2025-10-27T22:09:04","guid":{"rendered":"https:\/\/tremunpiercing.com\/?post_type=product&#038;p=23625"},"modified":"2026-04-19T23:04:00","modified_gmt":"2026-04-19T22:04:00","slug":"labret-2-0-hand-polish","status":"publish","type":"product","link":"https:\/\/tremunpiercing.com\/sk\/product\/labret-2-0-hand-polish\/","title":{"rendered":"Labret 2.0 - Le\u0161tenka na ruky"},"content":{"rendered":"<p>Ru\u010dne le\u0161ten\u00fd tit\u00e1nov\u00fd labyrint 2.0 je starostlivo skon\u0161truovan\u00fd v\u00fdrobok zameran\u00fd na pohodlie, bezpe\u010dnos\u0165 a v\u0161estrannos\u0165. Tento labyrint s vn\u00fatorn\u00fdm z\u00e1vitom je vyroben\u00fd z tit\u00e1nu implanta\u010dnej triedy F-136 a je vhodn\u00fd na piercing do pery, tragu, konchy a \u0161pir\u00e1ly. Ka\u017ed\u00fd kol\u00edk ru\u010dne le\u0161t\u00edme do dokonal\u00e9ho lesku, ktor\u00fd minimalizuje podr\u00e1\u017edenie a zabezpe\u010duje hladk\u00e9 zavedenie. Labret je pon\u00fakan\u00fd v r\u00f4znych d\u013a\u017ekach (5 mm - 8 mm) a s hr\u00fabkou z\u00e1kladne 4 mm, aby vyhovoval r\u00f4znym typom anat\u00f3mie.<\/p>\n<p>Profesion\u00e1lni pierceri si tento model vyberaj\u00fa pre spo\u013eahliv\u00e9 navliekanie, jednoduch\u00e9 nastavenie a d\u00f4le\u017eit\u00e9 vlastnosti, ktor\u00e9 tento model pon\u00faka. Tento labyrintov\u00fd kol\u00edk a tit\u00e1nov\u00fd materi\u00e1l poskytuj\u00fa \u00fa\u017easn\u00fa kvalitu pre nov\u00fd piercing alebo \u00faprimne povedan\u00e9 len pre upgrade. Klienti oce\u0148uj\u00fa kvalitu prevedenia a brilantn\u00fa povrchov\u00fa \u00fapravu.<\/p>","protected":false},"excerpt":{"rendered":"<ul>\n<li>Vn\u00fatorn\u00fd z\u00e1vit<\/li>\n<li>Materi\u00e1l: F-136<\/li>\n<li>Meradlo: 16G<\/li>\n<li>D\u013a\u017eka: 5 mm, 6 mm, 7 mm, 8 mm<\/li>\n<li>Priemer z\u00e1kladne: 4 mm<\/li>\n<\/ul>","protected":false},"featured_media":23601,"comment_status":"closed","ping_status":"closed","template":"","meta":{"_acf_changed":false},"product_brand":[],"product_cat":[340,344],"product_tag":[187,188,189,210,211,205,206,212,190,183,213,184,293,207],"class_list":{"0":"post-23625","1":"product","2":"type-product","3":"status-publish","4":"has-post-thumbnail","6":"product_cat-titanium-jewelry","7":"product_cat-labret-titanium-jeawelry","8":"product_tag-conch","9":"product_tag-ear","10":"product_tag-helix","11":"product_tag-labret","12":"product_tag-lip","13":"product_tag-lobe","14":"product_tag-lobulo","15":"product_tag-medusa","16":"product_tag-oreja","17":"product_tag-perforacion","18":"product_tag-philtrum","19":"product_tag-piercing","20":"product_tag-push-pin","21":"product_tag-tragus","23":"first","24":"instock","25":"taxable","26":"shipping-taxable","27":"purchasable","28":"product-type-variable"},"acf":[],"gallery_images":[23598,23599],"_links":{"self":[{"href":"https:\/\/tremunpiercing.com\/sk\/wp-json\/wp\/v2\/product\/23625","targetHints":{"allow":["GET"]}}],"collection":[{"href":"https:\/\/tremunpiercing.com\/sk\/wp-json\/wp\/v2\/product"}],"about":[{"href":"https:\/\/tremunpiercing.com\/sk\/wp-json\/wp\/v2\/types\/product"}],"replies":[{"embeddable":true,"href":"https:\/\/tremunpiercing.com\/sk\/wp-json\/wp\/v2\/comments?post=23625"}],"version-history":[{"count":0,"href":"https:\/\/tremunpiercing.com\/sk\/wp-json\/wp\/v2\/product\/23625\/revisions"}],"wp:featuredmedia":[{"embeddable":true,"href":"https:\/\/tremunpiercing.com\/sk\/wp-json\/wp\/v2\/media\/23601"}],"wp:attachment":[{"href":"https:\/\/tremunpiercing.com\/sk\/wp-json\/wp\/v2\/media?parent=23625"}],"wp:term":[{"taxonomy":"product_brand","embeddable":true,"href":"https:\/\/tremunpiercing.com\/sk\/wp-json\/wp\/v2\/product_brand?post=23625"},{"taxonomy":"product_cat","embeddable":true,"href":"https:\/\/tremunpiercing.com\/sk\/wp-json\/wp\/v2\/product_cat?post=23625"},{"taxonomy":"product_tag","embeddable":true,"href":"https:\/\/tremunpiercing.com\/sk\/wp-json\/wp\/v2\/product_tag?post=23625"}],"curies":[{"name":"wp","href":"https:\/\/api.w.org\/{rel}","templated":true}]}}