{"id":23698,"date":"2025-10-28T19:33:12","date_gmt":"2025-10-28T18:33:12","guid":{"rendered":"https:\/\/tremunpiercing.com\/?post_type=product&#038;p=23698"},"modified":"2026-03-06T02:19:28","modified_gmt":"2026-03-06T01:19:28","slug":"nostril-straight-with-white-cz","status":"publish","type":"product","link":"https:\/\/tremunpiercing.com\/sk\/product\/nostril-straight-with-white-cz\/","title":{"rendered":"Nostrilka Rovn\u00e1 s bielym CZ"},"content":{"rendered":"<p>Nostril Straight w\/ White CZ je vyroben\u00fd z tit\u00e1nu implanta\u010dnej triedy F-136 a je kr\u00e1sny a bezpe\u010dn\u00fd. T\u00e1to 18G nosov\u00e1 skrutka je priliehav\u00e1 a pohodln\u00e1 pre piercing v nosovej dierke, tak\u017ee je vhodn\u00e1 na ka\u017edodenn\u00e9 nosenie a pre klientov, ktor\u00ed sa lie\u010dia z piercingu v nose. Tit\u00e1n m\u00e1 \u017eiariv\u00fd lesk, ktor\u00fd je hypoalerg\u00e9nny a odoln\u00fd vo\u010di zmatneniu.<\/p>\n<p>Biely zirk\u00f3n obklopen\u00fd \u017eiariv\u00fdm tit\u00e1nom dod\u00e1va iskru decentnej elegancie, ktor\u00e1 je ide\u00e1lna pre klientov, ktor\u00ed maj\u00fa radi rafinovan\u00fa, ale klasick\u00fa eleganciu. S celou d\u013a\u017ekou 16 mm sa \u013eahko nasadzuje a pekne, plocho sed\u00ed na poko\u017eke. Vysokokvalitn\u00fd nosov\u00fd kol\u00ed\u010dek, ktor\u00fd je vynikaj\u00facou rovnov\u00e1hou kr\u00e1sy a bezpe\u010dnosti pre profesion\u00e1lny piercing.<\/p>","protected":false},"excerpt":{"rendered":"<ul>\n<li>Skrutka nosnej dierky<\/li>\n<li>Materi\u00e1l: F-136<\/li>\n<li>Meradlo: 18G<\/li>\n<li>Cel\u00e1 d\u013a\u017eka: 16 mm<\/li>\n<\/ul>","protected":false},"featured_media":23771,"comment_status":"open","ping_status":"closed","template":"","meta":{"_acf_changed":false},"product_brand":[],"product_cat":[342,340],"product_tag":[216,199,227,183,184,228],"class_list":{"0":"post-23698","1":"product","2":"type-product","3":"status-publish","4":"has-post-thumbnail","6":"product_cat-nose-titanium-jewelry","7":"product_cat-titanium-jewelry","8":"product_tag-disc","9":"product_tag-nostril","10":"product_tag-nostril-screw","11":"product_tag-perforacion","12":"product_tag-piercing","13":"product_tag-screw","15":"first","16":"instock","17":"taxable","18":"shipping-taxable","19":"purchasable","20":"product-type-simple"},"acf":[],"gallery_images":[],"_links":{"self":[{"href":"https:\/\/tremunpiercing.com\/sk\/wp-json\/wp\/v2\/product\/23698","targetHints":{"allow":["GET"]}}],"collection":[{"href":"https:\/\/tremunpiercing.com\/sk\/wp-json\/wp\/v2\/product"}],"about":[{"href":"https:\/\/tremunpiercing.com\/sk\/wp-json\/wp\/v2\/types\/product"}],"replies":[{"embeddable":true,"href":"https:\/\/tremunpiercing.com\/sk\/wp-json\/wp\/v2\/comments?post=23698"}],"version-history":[{"count":0,"href":"https:\/\/tremunpiercing.com\/sk\/wp-json\/wp\/v2\/product\/23698\/revisions"}],"wp:featuredmedia":[{"embeddable":true,"href":"https:\/\/tremunpiercing.com\/sk\/wp-json\/wp\/v2\/media\/23771"}],"wp:attachment":[{"href":"https:\/\/tremunpiercing.com\/sk\/wp-json\/wp\/v2\/media?parent=23698"}],"wp:term":[{"taxonomy":"product_brand","embeddable":true,"href":"https:\/\/tremunpiercing.com\/sk\/wp-json\/wp\/v2\/product_brand?post=23698"},{"taxonomy":"product_cat","embeddable":true,"href":"https:\/\/tremunpiercing.com\/sk\/wp-json\/wp\/v2\/product_cat?post=23698"},{"taxonomy":"product_tag","embeddable":true,"href":"https:\/\/tremunpiercing.com\/sk\/wp-json\/wp\/v2\/product_tag?post=23698"}],"curies":[{"name":"wp","href":"https:\/\/api.w.org\/{rel}","templated":true}]}}