{"id":3599,"date":"2022-01-14T19:33:13","date_gmt":"2022-01-14T18:33:13","guid":{"rendered":"https:\/\/tremunpiercing.com\/?post_type=product&#038;p=3599"},"modified":"2026-04-20T13:02:53","modified_gmt":"2026-04-20T12:02:53","slug":"circular-barbell","status":"publish","type":"product","link":"https:\/\/tremunpiercing.com\/sk\/product\/circular-barbell\/","title":{"rendered":"Kruhov\u00e1 \u010dinka"},"content":{"rendered":"","protected":false},"excerpt":{"rendered":"<ul>\n<li>Vn\u00fatorn\u00fd z\u00e1vit<\/li>\n<li>Materi\u00e1l: F-136<\/li>\n<li>Meradlo: 16G - 14G<\/li>\n<li>Diameter: 8mm &#8211; 9mm &#8211; 10mm<\/li>\n<li>Ball Size: 3mm &#8211; 4mm<\/li>\n<\/ul>","protected":false},"featured_media":23772,"comment_status":"open","ping_status":"closed","template":"","meta":{"_acf_changed":false},"product_brand":[],"product_cat":[340,341],"product_tag":[224,194,188,189,210,211,190,183,184,197,198],"class_list":{"0":"post-3599","1":"product","2":"type-product","3":"status-publish","4":"has-post-thumbnail","6":"product_cat-titanium-jewelry","7":"product_cat-rings-titanium-jewelry","8":"product_tag-captive-ring","9":"product_tag-daith","10":"product_tag-ear","11":"product_tag-helix","12":"product_tag-labret","13":"product_tag-lip","14":"product_tag-oreja","15":"product_tag-perforacion","16":"product_tag-piercing","17":"product_tag-ring","18":"product_tag-septum","20":"first","21":"instock","22":"taxable","23":"shipping-taxable","24":"purchasable","25":"product-type-variable"},"acf":[],"gallery_images":[23773,28785,28786],"_links":{"self":[{"href":"https:\/\/tremunpiercing.com\/sk\/wp-json\/wp\/v2\/product\/3599","targetHints":{"allow":["GET"]}}],"collection":[{"href":"https:\/\/tremunpiercing.com\/sk\/wp-json\/wp\/v2\/product"}],"about":[{"href":"https:\/\/tremunpiercing.com\/sk\/wp-json\/wp\/v2\/types\/product"}],"replies":[{"embeddable":true,"href":"https:\/\/tremunpiercing.com\/sk\/wp-json\/wp\/v2\/comments?post=3599"}],"version-history":[{"count":1,"href":"https:\/\/tremunpiercing.com\/sk\/wp-json\/wp\/v2\/product\/3599\/revisions"}],"predecessor-version":[{"id":28787,"href":"https:\/\/tremunpiercing.com\/sk\/wp-json\/wp\/v2\/product\/3599\/revisions\/28787"}],"wp:featuredmedia":[{"embeddable":true,"href":"https:\/\/tremunpiercing.com\/sk\/wp-json\/wp\/v2\/media\/23772"}],"wp:attachment":[{"href":"https:\/\/tremunpiercing.com\/sk\/wp-json\/wp\/v2\/media?parent=3599"}],"wp:term":[{"taxonomy":"product_brand","embeddable":true,"href":"https:\/\/tremunpiercing.com\/sk\/wp-json\/wp\/v2\/product_brand?post=3599"},{"taxonomy":"product_cat","embeddable":true,"href":"https:\/\/tremunpiercing.com\/sk\/wp-json\/wp\/v2\/product_cat?post=3599"},{"taxonomy":"product_tag","embeddable":true,"href":"https:\/\/tremunpiercing.com\/sk\/wp-json\/wp\/v2\/product_tag?post=3599"}],"curies":[{"name":"wp","href":"https:\/\/api.w.org\/{rel}","templated":true}]}}