{"id":7592,"date":"2022-11-21T19:43:46","date_gmt":"2022-11-21T18:43:46","guid":{"rendered":"https:\/\/tremunpiercing.com\/?post_type=product&#038;p=7592"},"modified":"2025-09-30T13:02:39","modified_gmt":"2025-09-30T12:02:39","slug":"cavicide-surface-disinfectant-700ml","status":"publish","type":"product","link":"https:\/\/tremunpiercing.com\/sk\/product\/cavicide-surface-disinfectant-700ml\/","title":{"rendered":"Dezinfek\u010dn\u00fd prostriedok na povrchy Cavicide (700 ml)"},"content":{"rendered":"<p>Multifunk\u010dn\u00fd dezinfek\u010dn\u00fd prostriedok na povrchy pripraven\u00fd na pou\u017eitie ur\u010den\u00fd na tvrd\u00e9, nepor\u00e9zne povrchy neinvaz\u00edvnych zdravotn\u00edckych pom\u00f4cok v zubn\u00fdch ambulanci\u00e1ch vr\u00e1tane priestorov starostlivosti o pacientov a laborat\u00f3ri\u00ed.<\/p>\n<p><strong>Charakteristika:<\/strong><\/p>\n<ul>\n<li>Klinick\u00e1 \u00fa\u010dinnos\u0165: Bakteric\u00edd, viruc\u00edd, fungic\u00edd, tuberkuloc\u00edd a kvasinkov.<\/li>\n<li>Zni\u010d\u00ed v\u00e4\u010d\u0161inu patog\u00e9nov za 3 min\u00faty alebo menej.<\/li>\n<li>R\u00fdchlos\u0165: zni\u017euje riziko kr\u00ed\u017eovej kontamin\u00e1cie.<\/li>\n<li>Produkty pripraven\u00e9 na pou\u017eitie, preto\u017ee si nevy\u017eaduj\u00fa riedenie ani mie\u0161anie.<\/li>\n<li>N\u00edzky obsah alkoholu (menej ako 20%) pon\u00faka vynikaj\u00facu kompatibilitu s materi\u00e1lmi.<\/li>\n<li>\u00da\u010dinn\u00fd proti koronav\u00edrusom a m\u00f4\u017ee sa pou\u017e\u00edva\u0165 na neinvaz\u00edvne povrchy zdravotn\u00edckych pom\u00f4cok.<\/li>\n<li>Neutr\u00e1lna v\u00f4\u0148a.<\/li>\n<\/ul>\n<p><strong>Obsah: 700ml n\u00e1doba.<\/strong><\/p>","protected":false},"excerpt":{"rendered":"<p>Multifunk\u010dn\u00fd dezinfek\u010dn\u00fd prostriedok na povrchy pripraven\u00fd na pou\u017eitie ur\u010den\u00fd na tvrd\u00e9, nepor\u00e9zne povrchy neinvaz\u00edvnych zdravotn\u00edckych pom\u00f4cok v zubn\u00fdch ambulanci\u00e1ch vr\u00e1tane priestorov starostlivosti o pacientov a laborat\u00f3ri\u00ed.<\/p>\n<p><strong>Charakteristika:<\/strong><\/p>\n<ul>\n<li>Klinick\u00e1 \u00fa\u010dinnos\u0165: Bakteric\u00edd, viruc\u00edd, fungic\u00edd, tuberkuloc\u00edd a kvasinkov.<\/li>\n<li>Zni\u010d\u00ed v\u00e4\u010d\u0161inu patog\u00e9nov za 3 min\u00faty alebo menej.<\/li>\n<li>R\u00fdchlos\u0165: zni\u017euje riziko kr\u00ed\u017eovej kontamin\u00e1cie.<\/li>\n<li>Produkty pripraven\u00e9 na pou\u017eitie, preto\u017ee si nevy\u017eaduj\u00fa riedenie ani mie\u0161anie.<\/li>\n<li>N\u00edzky obsah alkoholu (menej ako 20%) pon\u00faka vynikaj\u00facu kompatibilitu s materi\u00e1lmi.<\/li>\n<li>\u00da\u010dinn\u00fd proti koronav\u00edrusom a m\u00f4\u017ee sa pou\u017e\u00edva\u0165 na neinvaz\u00edvne povrchy zdravotn\u00edckych pom\u00f4cok.<\/li>\n<li>Neutr\u00e1lna v\u00f4\u0148a.<\/li>\n<\/ul>","protected":false},"featured_media":7593,"comment_status":"closed","ping_status":"closed","template":"","meta":{"_acf_changed":false},"product_brand":[],"product_cat":[376,328],"product_tag":[279],"class_list":{"0":"post-7592","1":"product","2":"type-product","3":"status-publish","4":"has-post-thumbnail","6":"product_cat-medical-supplies","7":"product_cat-supplies","8":"product_tag-supplies","10":"first","11":"outofstock","12":"taxable","13":"shipping-taxable","14":"purchasable","15":"product-type-simple"},"acf":[],"gallery_images":[],"_links":{"self":[{"href":"https:\/\/tremunpiercing.com\/sk\/wp-json\/wp\/v2\/product\/7592","targetHints":{"allow":["GET"]}}],"collection":[{"href":"https:\/\/tremunpiercing.com\/sk\/wp-json\/wp\/v2\/product"}],"about":[{"href":"https:\/\/tremunpiercing.com\/sk\/wp-json\/wp\/v2\/types\/product"}],"replies":[{"embeddable":true,"href":"https:\/\/tremunpiercing.com\/sk\/wp-json\/wp\/v2\/comments?post=7592"}],"version-history":[{"count":0,"href":"https:\/\/tremunpiercing.com\/sk\/wp-json\/wp\/v2\/product\/7592\/revisions"}],"wp:featuredmedia":[{"embeddable":true,"href":"https:\/\/tremunpiercing.com\/sk\/wp-json\/wp\/v2\/media\/7593"}],"wp:attachment":[{"href":"https:\/\/tremunpiercing.com\/sk\/wp-json\/wp\/v2\/media?parent=7592"}],"wp:term":[{"taxonomy":"product_brand","embeddable":true,"href":"https:\/\/tremunpiercing.com\/sk\/wp-json\/wp\/v2\/product_brand?post=7592"},{"taxonomy":"product_cat","embeddable":true,"href":"https:\/\/tremunpiercing.com\/sk\/wp-json\/wp\/v2\/product_cat?post=7592"},{"taxonomy":"product_tag","embeddable":true,"href":"https:\/\/tremunpiercing.com\/sk\/wp-json\/wp\/v2\/product_tag?post=7592"}],"curies":[{"name":"wp","href":"https:\/\/api.w.org\/{rel}","templated":true}]}}