{"id":7794,"date":"2023-10-12T17:00:59","date_gmt":"2023-10-12T16:00:59","guid":{"rendered":"https:\/\/tremunpiercing.com\/?post_type=product&#038;p=7794"},"modified":"2026-04-01T13:30:26","modified_gmt":"2026-04-01T12:30:26","slug":"tiffany","status":"publish","type":"product","link":"https:\/\/tremunpiercing.com\/sk\/product\/tiffany\/","title":{"rendered":"Tiffany"},"content":{"rendered":"<p>Klikerov\u00fd kr\u00fa\u017eok \u201cTiffany\u201d kombinuje \u0161pi\u010dkov\u00e9 materi\u00e1ly s rafinovan\u00fdm leskom - kovan\u00fd z implant\u00e1tov\u00e9ho tit\u00e1nu F-136 s kalibrom 16G a \u00fazkym vn\u00fatorn\u00fdm priemerom 8 mm sa d\u00e1 nosi\u0165 na nieko\u013ek\u00fdch r\u00f4znych miestach piercingu: \u0161pir\u00e1la, koncha, havran, dokonca aj priehradka alebo tesne priliehaj\u00face obru\u010de chrupavky. Zirk\u00f3n osaden\u00fd v r\u00e1m\u010deku poskytuje to spr\u00e1vne mno\u017estvo iskry, pri\u010dom st\u00e1le vyzer\u00e1 \u010disto a vybr\u00fasene. K\u013abov\u00fd \u0161t\u00fdl kr\u00fa\u017eku s klips\u0148ou umo\u017e\u0148uje jednoduch\u00fa in\u0161tal\u00e1ciu a demont\u00e1\u017e, \u010do je d\u00f4le\u017eit\u00fd faktor pre piercingov\u00e9 \u0161t\u00fadi\u00e1, ktor\u00e9 sa sna\u017eia maximalizova\u0165 r\u00fdchlos\u0165 akejko\u013evek v\u00fdmeny \u0161perkov, a to tak pre svojich stylistov v \u0161t\u00fadiu, ako aj pre svojich klientov.<\/p>\n<p>Tit\u00e1n ASTM F-136, ktor\u00fd neobsahuje nikel a je hypoalerg\u00e9nny, poskytuje istotu pri piercingu citliv\u00fdch u\u0161\u00ed alebo chrupaviek. Ako ve\u013ekoobchodn\u00edkovi alebo v\u00fdrobcovi v\u00e1m t\u00e1to trieda klipsu pom\u00f4\u017ee by\u0165 konkurencieschopnej\u0161\u00ed na trhoch v Eur\u00f3pe, Spojenom kr\u00e1\u013eovstve alebo USA, kde spotrebitelia h\u013eadaj\u00fa kvalitn\u00e9 materi\u00e1ly a elegantn\u00fd dizajn. Prepravovanie klikerov \u201cTiffany\u201d poskytuje mo\u017enosti \u0161t\u00fadi\u00e1m, ktor\u00e9 h\u013eadaj\u00fa \u0161pi\u010dkov\u00fd tit\u00e1nov\u00fd prste\u0148 s le\u0161ten\u00fdm povrchom a trochou lesku.<\/p>","protected":false},"excerpt":{"rendered":"<ul>\n<li>Klikac\u00ed kr\u00fa\u017eok<\/li>\n<li>Materi\u00e1l: F-136<\/li>\n<li>Priemer: 8 mm<\/li>\n<li>Meradlo: 16G<\/li>\n<li>Drahokam: Kubick\u00fd zirk\u00f3n<\/li>\n<\/ul>","protected":false},"featured_media":12777,"comment_status":"closed","ping_status":"closed","template":"","meta":{"_acf_changed":false},"product_brand":[],"product_cat":[341,340],"product_tag":[192,193,202,179,180,194,188,189,195,196,226,190,183,184,197,198],"class_list":{"0":"post-7794","1":"product","2":"type-product","3":"status-publish","4":"has-post-thumbnail","6":"product_cat-rings-titanium-jewelry","7":"product_cat-titanium-jewelry","8":"product_tag-anillo","9":"product_tag-argolla","10":"product_tag-clicker","11":"product_tag-cristal","12":"product_tag-cz","13":"product_tag-daith","14":"product_tag-ear","15":"product_tag-helix","16":"product_tag-hinged-ring","17":"product_tag-nariz","18":"product_tag-opal","19":"product_tag-oreja","20":"product_tag-perforacion","21":"product_tag-piercing","22":"product_tag-ring","23":"product_tag-septum","25":"first","26":"instock","27":"taxable","28":"shipping-taxable","29":"purchasable","30":"product-type-simple"},"acf":[],"gallery_images":[28526,28527],"_links":{"self":[{"href":"https:\/\/tremunpiercing.com\/sk\/wp-json\/wp\/v2\/product\/7794","targetHints":{"allow":["GET"]}}],"collection":[{"href":"https:\/\/tremunpiercing.com\/sk\/wp-json\/wp\/v2\/product"}],"about":[{"href":"https:\/\/tremunpiercing.com\/sk\/wp-json\/wp\/v2\/types\/product"}],"replies":[{"embeddable":true,"href":"https:\/\/tremunpiercing.com\/sk\/wp-json\/wp\/v2\/comments?post=7794"}],"version-history":[{"count":1,"href":"https:\/\/tremunpiercing.com\/sk\/wp-json\/wp\/v2\/product\/7794\/revisions"}],"predecessor-version":[{"id":28528,"href":"https:\/\/tremunpiercing.com\/sk\/wp-json\/wp\/v2\/product\/7794\/revisions\/28528"}],"wp:featuredmedia":[{"embeddable":true,"href":"https:\/\/tremunpiercing.com\/sk\/wp-json\/wp\/v2\/media\/12777"}],"wp:attachment":[{"href":"https:\/\/tremunpiercing.com\/sk\/wp-json\/wp\/v2\/media?parent=7794"}],"wp:term":[{"taxonomy":"product_brand","embeddable":true,"href":"https:\/\/tremunpiercing.com\/sk\/wp-json\/wp\/v2\/product_brand?post=7794"},{"taxonomy":"product_cat","embeddable":true,"href":"https:\/\/tremunpiercing.com\/sk\/wp-json\/wp\/v2\/product_cat?post=7794"},{"taxonomy":"product_tag","embeddable":true,"href":"https:\/\/tremunpiercing.com\/sk\/wp-json\/wp\/v2\/product_tag?post=7794"}],"curies":[{"name":"wp","href":"https:\/\/api.w.org\/{rel}","templated":true}]}}