{"id":7865,"date":"2023-10-17T15:15:44","date_gmt":"2023-10-17T14:15:44","guid":{"rendered":"https:\/\/tremunpiercing.com\/?post_type=product&#038;p=7865"},"modified":"2026-04-06T14:06:20","modified_gmt":"2026-04-06T13:06:20","slug":"septum-pliers","status":"publish","type":"product","link":"https:\/\/tremunpiercing.com\/sk\/product\/septum-pliers\/","title":{"rendered":"Klie\u0161te na septum"},"content":{"rendered":"<p>Klie\u0161te na septum Suyai s\u00fa nevyhnutn\u00fdm n\u00e1strojom pre ka\u017ed\u00e9ho profesion\u00e1lneho piercera. Tieto klie\u0161te s\u00fa vyroben\u00e9 z odolnej chirurgickej nehrdzavej\u00facej ocele a s\u00fa \u0161peci\u00e1lne navrhnut\u00e9 tak, aby poskytovali presnos\u0165 a stabilitu pri prepichovan\u00ed septa. Ergonomick\u00e1 rukov\u00e4\u0165 umo\u017e\u0148uje maxim\u00e1lnu kontrolu a zabezpe\u010duje pohodlie po\u010das dlh\u00fdch piercingov. \u00dazke hroty bezpe\u010dne dr\u017eia oblas\u0165 septa a umo\u017e\u0148uj\u00fa jednoduch\u00e9 vkladanie \u0161perkov, ako s\u00fa klicker, segmentov\u00e9 kr\u00fa\u017eky alebo kruhov\u00e9 barbety. <\/p>\n<p>Tieto klie\u0161te s\u00fa ide\u00e1lne pre profesion\u00e1lne piercingov\u00e9 \u0161t\u00fadi\u00e1 a zaru\u010duj\u00fa presnos\u0165 a bezpe\u010dnos\u0165 pre piercerov aj klientov. Bez oh\u013eadu na to, \u010di sa \u0161pecializujete na piercing tela, alebo prev\u00e1dzkujete tetovacie a piercingov\u00e9 \u0161t\u00fadio, klie\u0161te na prep\u00e1\u017eku Suyai poskytuj\u00fa bezkonkuren\u010dn\u00fa spo\u013eahlivos\u0165 a v\u00fdkon - s\u00fa nevyhnutnou s\u00fa\u010das\u0165ou v\u0161etk\u00fdch postupov piercingu prep\u00e1\u017eky.<\/p>","protected":false},"excerpt":{"rendered":"<ul>\n<li>Klie\u0161te na septum<\/li>\n<li>Zna\u010dka: Suyai<\/li>\n<\/ul>","protected":false},"featured_media":7866,"comment_status":"closed","ping_status":"closed","template":"","meta":{"_acf_changed":false},"product_brand":[],"product_cat":[328,374],"product_tag":[237,233,184,198,362,235,236],"class_list":{"0":"post-7865","1":"product","2":"type-product","3":"status-publish","4":"has-post-thumbnail","6":"product_cat-supplies","7":"product_cat-tools","8":"product_tag-clamp","9":"product_tag-forceps","10":"product_tag-piercing","11":"product_tag-septum","12":"product_tag-septum-pliers","13":"product_tag-tools","14":"product_tag-tweezer","16":"first","17":"instock","18":"taxable","19":"shipping-taxable","20":"purchasable","21":"product-type-simple"},"acf":[],"gallery_images":[],"_links":{"self":[{"href":"https:\/\/tremunpiercing.com\/sk\/wp-json\/wp\/v2\/product\/7865","targetHints":{"allow":["GET"]}}],"collection":[{"href":"https:\/\/tremunpiercing.com\/sk\/wp-json\/wp\/v2\/product"}],"about":[{"href":"https:\/\/tremunpiercing.com\/sk\/wp-json\/wp\/v2\/types\/product"}],"replies":[{"embeddable":true,"href":"https:\/\/tremunpiercing.com\/sk\/wp-json\/wp\/v2\/comments?post=7865"}],"version-history":[{"count":0,"href":"https:\/\/tremunpiercing.com\/sk\/wp-json\/wp\/v2\/product\/7865\/revisions"}],"wp:featuredmedia":[{"embeddable":true,"href":"https:\/\/tremunpiercing.com\/sk\/wp-json\/wp\/v2\/media\/7866"}],"wp:attachment":[{"href":"https:\/\/tremunpiercing.com\/sk\/wp-json\/wp\/v2\/media?parent=7865"}],"wp:term":[{"taxonomy":"product_brand","embeddable":true,"href":"https:\/\/tremunpiercing.com\/sk\/wp-json\/wp\/v2\/product_brand?post=7865"},{"taxonomy":"product_cat","embeddable":true,"href":"https:\/\/tremunpiercing.com\/sk\/wp-json\/wp\/v2\/product_cat?post=7865"},{"taxonomy":"product_tag","embeddable":true,"href":"https:\/\/tremunpiercing.com\/sk\/wp-json\/wp\/v2\/product_tag?post=7865"}],"curies":[{"name":"wp","href":"https:\/\/api.w.org\/{rel}","templated":true}]}}