{"id":8243,"date":"2023-11-16T16:19:02","date_gmt":"2023-11-16T15:19:02","guid":{"rendered":"https:\/\/tremunpiercing.com\/?post_type=product&#038;p=8243"},"modified":"2026-04-15T11:32:16","modified_gmt":"2026-04-15T10:32:16","slug":"svasti","status":"publish","type":"product","link":"https:\/\/tremunpiercing.com\/sk\/product\/svasti\/","title":{"rendered":"Svast\u00ec"},"content":{"rendered":"<p>Kol\u00edk zo 14-kar\u00e1tov\u00e9ho \u017elt\u00e9ho zlata Svast\u00ec nanovo definuje luxusn\u00e9 piercingov\u00e9 \u0161perky. Syst\u00e9m s vn\u00fatorn\u00fdm z\u00e1vitom umo\u017e\u0148uje bezpe\u010dn\u00e9 umiestnenie a pohodln\u00e9 nosenie, je vyroben\u00fd s oh\u013eadom na profesion\u00e1lnych piercingov\u00fdch \u0161pecialistov, ktor\u00ed rozumej\u00fa potreb\u00e1m estetiky a prec\u00edznosti. Kol\u00edk Svast\u00ec, ktor\u00fd je k dispoz\u00edcii vo farb\u00e1ch 16G-14G s hornou \u010das\u0165ou 6-8 mm, je v\u00fdraznou vo\u013ebou pre koncov\u00e9, lalokov\u00e9 a ploch\u00e9 piercingy, ako aj ako doplnkov\u00fd k\u00fasok do nosa alebo pery.<\/p>\n<p>S\u00fdta \u017elt\u00e1 farba v kombin\u00e1cii s dokonale vyle\u0161ten\u00fdm povrchom vytv\u00e1ra elegantn\u00fd \u0161perk, ktor\u00fd prekon\u00e1va \u010das a neuverite\u013ene dobre sa kombinuje s ka\u017edou zbierkou \u0161perkov. Kolekcia Svast\u00ec, vytvoren\u00e1 s oh\u013eadom na najvy\u0161\u0161ie \u0161tandardy bezpe\u010dnosti a \u0161t\u00fdlu, je ur\u010den\u00e1 pre \u0161t\u00fadi\u00e1, ktor\u00e9 vych\u00e1dzaj\u00fa v \u00fastrety klientom h\u013eadaj\u00facim rafinovan\u00e9, trvanliv\u00e9 \u0161perky na telo.<\/p>","protected":false},"excerpt":{"rendered":"<ul>\n<li>Vn\u00fatorn\u00e9 z\u00e1vity<\/li>\n<li>Materi\u00e1l: \u017dlt\u00e9 zlato 14k<\/li>\n<li>Meradlo: 16G - 14G<\/li>\n<li>Ve\u013ekos\u0165: 6 mm - 8 mm<\/li>\n<\/ul>","protected":false},"featured_media":12521,"comment_status":"closed","ping_status":"closed","template":"","meta":{"_acf_changed":false},"product_brand":[],"product_cat":[337,463,400],"product_tag":[187,188,189,205,206,212,190,183,213,184,207],"class_list":{"0":"post-8243","1":"product","2":"type-product","3":"status-publish","4":"has-post-thumbnail","6":"product_cat-gold-jewelry","7":"product_cat-tops-gold-tremun","8":"product_cat-tremun","9":"product_tag-conch","10":"product_tag-ear","11":"product_tag-helix","12":"product_tag-lobe","13":"product_tag-lobulo","14":"product_tag-medusa","15":"product_tag-oreja","16":"product_tag-perforacion","17":"product_tag-philtrum","18":"product_tag-piercing","19":"product_tag-tragus","21":"first","22":"instock","23":"taxable","24":"shipping-taxable","25":"purchasable","26":"product-type-variable"},"acf":[],"gallery_images":[29716,29715],"_links":{"self":[{"href":"https:\/\/tremunpiercing.com\/sk\/wp-json\/wp\/v2\/product\/8243","targetHints":{"allow":["GET"]}}],"collection":[{"href":"https:\/\/tremunpiercing.com\/sk\/wp-json\/wp\/v2\/product"}],"about":[{"href":"https:\/\/tremunpiercing.com\/sk\/wp-json\/wp\/v2\/types\/product"}],"replies":[{"embeddable":true,"href":"https:\/\/tremunpiercing.com\/sk\/wp-json\/wp\/v2\/comments?post=8243"}],"version-history":[{"count":1,"href":"https:\/\/tremunpiercing.com\/sk\/wp-json\/wp\/v2\/product\/8243\/revisions"}],"predecessor-version":[{"id":29718,"href":"https:\/\/tremunpiercing.com\/sk\/wp-json\/wp\/v2\/product\/8243\/revisions\/29718"}],"wp:featuredmedia":[{"embeddable":true,"href":"https:\/\/tremunpiercing.com\/sk\/wp-json\/wp\/v2\/media\/12521"}],"wp:attachment":[{"href":"https:\/\/tremunpiercing.com\/sk\/wp-json\/wp\/v2\/media?parent=8243"}],"wp:term":[{"taxonomy":"product_brand","embeddable":true,"href":"https:\/\/tremunpiercing.com\/sk\/wp-json\/wp\/v2\/product_brand?post=8243"},{"taxonomy":"product_cat","embeddable":true,"href":"https:\/\/tremunpiercing.com\/sk\/wp-json\/wp\/v2\/product_cat?post=8243"},{"taxonomy":"product_tag","embeddable":true,"href":"https:\/\/tremunpiercing.com\/sk\/wp-json\/wp\/v2\/product_tag?post=8243"}],"curies":[{"name":"wp","href":"https:\/\/api.w.org\/{rel}","templated":true}]}}