{"id":9141,"date":"2024-03-13T15:32:46","date_gmt":"2024-03-13T14:32:46","guid":{"rendered":"https:\/\/tremunpiercing.com\/?post_type=product&#038;p=9141"},"modified":"2026-04-16T14:18:59","modified_gmt":"2026-04-16T13:18:59","slug":"serena-v2","status":"publish","type":"product","link":"https:\/\/tremunpiercing.com\/sk\/product\/serena-v2\/","title":{"rendered":"Serena V2"},"content":{"rendered":"<p>Serena V2 je navle\u010den\u00fd vrchn\u00fd n\u00e1ramok Shanga Jewellery diplomaticky ru\u010dne vyroben\u00fd z mas\u00edvneho 18-kar\u00e1tov\u00e9ho \u017elt\u00e9ho zlata s kubick\u00fdmi zirk\u00f3nmi pre neuverite\u013en\u00fd lesk v dizajne 8,5 x 8,5 mm. Serena V2 je skon\u0161truovan\u00e1 pre vn\u00fatorn\u00fd z\u00e1vit 14G a poskytuje profesion\u00e1lne bezpe\u010dn\u00e9 uchytenie a najlep\u0161\u00ed mo\u017en\u00fd proces in\u0161tal\u00e1cie. Symetrick\u00fd tvar Serena V2, ktor\u00fd je ide\u00e1lny na prepichovanie konch, \u0161pir\u00e1l alebo lalokov, umo\u017e\u0148uje doda\u0165 rovnov\u00e1hu a iskru do akejko\u013evek zostavy piercingov\u00fdch \u0161perkov. Po\u013esk\u00e1 dokonalos\u0165 - na ka\u017edom k\u00fasku je vidie\u0165, \u017ee Shanga db\u00e1 na luxus a remeseln\u00e9 spracovanie. Serena V2 je kr\u00e1snou vo\u013ebou pre piercingov\u00e9 \u0161t\u00fadi\u00e1, ktor\u00e9 h\u013eadaj\u00fa exkluz\u00edvne, ru\u010dne vyr\u00e1ban\u00e9, v\u00fdrazn\u00e9, \u0161pi\u010dkov\u00e9 zlat\u00e9 \u0161perky.<\/p>","protected":false},"excerpt":{"rendered":"<ul>\n<li>Vrchn\u00e1 \u010das\u0165 so z\u00e1vitom<\/li>\n<li>Materi\u00e1l: vrchn\u00e1 \u010das\u0165 zo \u017elt\u00e9ho 18-kar\u00e1tov\u00e9ho zlata, nerezov\u00fd kol\u00edk<\/li>\n<li>Drahokam: Kubick\u00fd zirk\u00f3n<\/li>\n<li>Meradlo: 14G - 1,6 mm<\/li>\n<li>Kompatibiln\u00e9 s labyrintov\u00fdmi st\u013apikmi s vn\u00fatorn\u00fdm z\u00e1vitom 14G<\/li>\n<li>Ve\u013ekos\u0165: pribli\u017ene 8,5 mm x 8,5 mm.<\/li>\n<li>Zna\u010dka: Shanga Jewellery<\/li>\n<\/ul>","protected":false},"featured_media":9142,"comment_status":"closed","ping_status":"closed","template":"","meta":{"_acf_changed":false},"product_brand":[],"product_cat":[337,398],"product_tag":[187,188,189,205,206,212,190,183,213,184,207],"class_list":{"0":"post-9141","1":"product","2":"type-product","3":"status-publish","4":"has-post-thumbnail","6":"product_cat-gold-jewelry","7":"product_cat-shanga","8":"product_tag-conch","9":"product_tag-ear","10":"product_tag-helix","11":"product_tag-lobe","12":"product_tag-lobulo","13":"product_tag-medusa","14":"product_tag-oreja","15":"product_tag-perforacion","16":"product_tag-philtrum","17":"product_tag-piercing","18":"product_tag-tragus","20":"first","21":"instock","22":"taxable","23":"shipping-taxable","24":"purchasable","25":"product-type-simple"},"acf":[],"gallery_images":[29647,29646],"_links":{"self":[{"href":"https:\/\/tremunpiercing.com\/sk\/wp-json\/wp\/v2\/product\/9141","targetHints":{"allow":["GET"]}}],"collection":[{"href":"https:\/\/tremunpiercing.com\/sk\/wp-json\/wp\/v2\/product"}],"about":[{"href":"https:\/\/tremunpiercing.com\/sk\/wp-json\/wp\/v2\/types\/product"}],"replies":[{"embeddable":true,"href":"https:\/\/tremunpiercing.com\/sk\/wp-json\/wp\/v2\/comments?post=9141"}],"version-history":[{"count":1,"href":"https:\/\/tremunpiercing.com\/sk\/wp-json\/wp\/v2\/product\/9141\/revisions"}],"predecessor-version":[{"id":29648,"href":"https:\/\/tremunpiercing.com\/sk\/wp-json\/wp\/v2\/product\/9141\/revisions\/29648"}],"wp:featuredmedia":[{"embeddable":true,"href":"https:\/\/tremunpiercing.com\/sk\/wp-json\/wp\/v2\/media\/9142"}],"wp:attachment":[{"href":"https:\/\/tremunpiercing.com\/sk\/wp-json\/wp\/v2\/media?parent=9141"}],"wp:term":[{"taxonomy":"product_brand","embeddable":true,"href":"https:\/\/tremunpiercing.com\/sk\/wp-json\/wp\/v2\/product_brand?post=9141"},{"taxonomy":"product_cat","embeddable":true,"href":"https:\/\/tremunpiercing.com\/sk\/wp-json\/wp\/v2\/product_cat?post=9141"},{"taxonomy":"product_tag","embeddable":true,"href":"https:\/\/tremunpiercing.com\/sk\/wp-json\/wp\/v2\/product_tag?post=9141"}],"curies":[{"name":"wp","href":"https:\/\/api.w.org\/{rel}","templated":true}]}}