{"id":9184,"date":"2024-03-13T17:18:55","date_gmt":"2024-03-13T16:18:55","guid":{"rendered":"https:\/\/tremunpiercing.com\/?post_type=product&#038;p=9184"},"modified":"2026-04-14T13:59:00","modified_gmt":"2026-04-14T12:59:00","slug":"marquise-tetris","status":"publish","type":"product","link":"https:\/\/tremunpiercing.com\/sk\/product\/marquise-tetris\/","title":{"rendered":"Mark\u00edza Tetris"},"content":{"rendered":"<p>Marquise Tetris Threaded Top od Shanga Jewellery umo\u017e\u0148uje geometrick\u00e9mu dizajnu n\u00e1js\u0165 harm\u00f3niu s p\u00fatav\u00fdm leskom! Tento jedine\u010dn\u00fd stohovate\u013en\u00fd top, vyroben\u00fd z 18-kar\u00e1tov\u00e9ho \u017elt\u00e9ho zlata s kubick\u00fdmi zirk\u00f3nmi s mark\u00edzov\u00fdm brusom, je navrhnut\u00fd tak, aby pohodlne pasoval na ak\u00fdko\u013evek \u0161pir\u00e1lov\u00fd, konchov\u00fd alebo ploch\u00fd piercing vo va\u0161ej zbierke \u0161perkov na telo.<\/p>\n<p>Tento pr\u00e9miov\u00fd top je navrhnut\u00fd pre vn\u00fatorn\u00e9 z\u00e1vity 14G, aby bol stabiln\u00fd a pohodln\u00fd a z\u00e1rove\u0148 si zachoval lesk. Le\u0161ten\u00fd povrch a geometrick\u00e1 symetria mu dod\u00e1vaj\u00fa modern\u00fd vzh\u013ead a z\u00e1rove\u0148 mu umo\u017e\u0148uj\u00fa vynikn\u00fa\u0165 medzi ostatn\u00fdmi piercingmi. Ka\u017ed\u00fd drahokam je upevnen\u00fd sp\u00f4sobom, ktor\u00fd maximalizuje iskru, ktor\u00e1 sa najviac prejav\u00ed v uchu. Tento kr\u00e1sny zvr\u0161ok je dokonal\u00fdm doplnkom \u0161t\u00fadia, ktor\u00e9 chce pozdvihn\u00fa\u0165 kvalitu svojho v\u00fdberu zvr\u0161kov a z\u00e1rove\u0148 nosi\u0165 jedine\u010dne navrhnut\u00e9 zlat\u00e9 \u0161perky, za ktor\u00fdmi sa oto\u010dia hlavy.<\/p>","protected":false},"excerpt":{"rendered":"<ul>\n<li>Vrchn\u00e1 \u010das\u0165 so z\u00e1vitom<\/li>\n<li>Materi\u00e1l: \u017dlt\u00e9 zlato 18k<\/li>\n<li>Drahokam: Kubick\u00fd zirk\u00f3n<\/li>\n<li>Meradlo: 14G - 1,6 mm<\/li>\n<li>Kompatibiln\u00e9 s labyrintov\u00fdmi st\u013apikmi s vn\u00fatorn\u00fdm z\u00e1vitom 14G<\/li>\n<li>Zna\u010dka: Shanga Jewellery<\/li>\n<\/ul>","protected":false},"featured_media":13277,"comment_status":"closed","ping_status":"closed","template":"","meta":{"_acf_changed":false},"product_brand":[],"product_cat":[337,398],"product_tag":[187,188,189,205,206,212,190,183,213,184,207],"class_list":{"0":"post-9184","1":"product","2":"type-product","3":"status-publish","4":"has-post-thumbnail","6":"product_cat-gold-jewelry","7":"product_cat-shanga","8":"product_tag-conch","9":"product_tag-ear","10":"product_tag-helix","11":"product_tag-lobe","12":"product_tag-lobulo","13":"product_tag-medusa","14":"product_tag-oreja","15":"product_tag-perforacion","16":"product_tag-philtrum","17":"product_tag-piercing","18":"product_tag-tragus","20":"first","21":"instock","22":"taxable","23":"shipping-taxable","24":"purchasable","25":"product-type-simple"},"acf":[],"gallery_images":[29650,29649],"_links":{"self":[{"href":"https:\/\/tremunpiercing.com\/sk\/wp-json\/wp\/v2\/product\/9184","targetHints":{"allow":["GET"]}}],"collection":[{"href":"https:\/\/tremunpiercing.com\/sk\/wp-json\/wp\/v2\/product"}],"about":[{"href":"https:\/\/tremunpiercing.com\/sk\/wp-json\/wp\/v2\/types\/product"}],"replies":[{"embeddable":true,"href":"https:\/\/tremunpiercing.com\/sk\/wp-json\/wp\/v2\/comments?post=9184"}],"version-history":[{"count":2,"href":"https:\/\/tremunpiercing.com\/sk\/wp-json\/wp\/v2\/product\/9184\/revisions"}],"predecessor-version":[{"id":29652,"href":"https:\/\/tremunpiercing.com\/sk\/wp-json\/wp\/v2\/product\/9184\/revisions\/29652"}],"wp:featuredmedia":[{"embeddable":true,"href":"https:\/\/tremunpiercing.com\/sk\/wp-json\/wp\/v2\/media\/13277"}],"wp:attachment":[{"href":"https:\/\/tremunpiercing.com\/sk\/wp-json\/wp\/v2\/media?parent=9184"}],"wp:term":[{"taxonomy":"product_brand","embeddable":true,"href":"https:\/\/tremunpiercing.com\/sk\/wp-json\/wp\/v2\/product_brand?post=9184"},{"taxonomy":"product_cat","embeddable":true,"href":"https:\/\/tremunpiercing.com\/sk\/wp-json\/wp\/v2\/product_cat?post=9184"},{"taxonomy":"product_tag","embeddable":true,"href":"https:\/\/tremunpiercing.com\/sk\/wp-json\/wp\/v2\/product_tag?post=9184"}],"curies":[{"name":"wp","href":"https:\/\/api.w.org\/{rel}","templated":true}]}}